{"id":3277,"date":"2023-07-25T15:29:27","date_gmt":"2023-07-25T18:29:27","guid":{"rendered":"https:\/\/bescglobal.com\/sattel\/"},"modified":"2024-02-20T18:53:02","modified_gmt":"2024-02-20T21:53:02","slug":"sattel","status":"publish","type":"page","link":"https:\/\/bescglobal.com\/es\/sattel\/","title":{"rendered":"Sattel"},"content":{"rendered":"\t\t<div data-elementor-type=\"wp-page\" data-elementor-id=\"3277\" class=\"elementor elementor-3277 elementor-2606\" data-elementor-post-type=\"page\">\n\t\t\t\t\t\t<section class=\"elementor-section elementor-top-section elementor-element elementor-element-d76fb82 elementor-section-boxed elementor-section-height-default elementor-section-height-default\" data-id=\"d76fb82\" data-element_type=\"section\" data-e-type=\"section\" data-settings=\"{&quot;background_background&quot;:&quot;classic&quot;,&quot;shape_divider_bottom&quot;:&quot;curve&quot;}\">\n\t\t\t\t\t\t\t<div class=\"elementor-background-overlay\"><\/div>\n\t\t\t\t\t\t<div class=\"elementor-shape elementor-shape-bottom\" aria-hidden=\"true\" data-negative=\"false\">\n\t\t\t<svg xmlns=\"http:\/\/www.w3.org\/2000\/svg\" viewBox=\"0 0 1000 100\" preserveAspectRatio=\"none\">\n    <path class=\"elementor-shape-fill\" d=\"M1000,4.3V0H0v4.3C0.9,23.1,126.7,99.2,500,100S1000,22.7,1000,4.3z\"\/>\n<\/svg>\t\t<\/div>\n\t\t\t\t\t<div class=\"elementor-container elementor-column-gap-default\">\n\t\t\t\t\t<div class=\"elementor-column elementor-col-100 elementor-top-column elementor-element elementor-element-cfe0d02\" data-id=\"cfe0d02\" data-element_type=\"column\" data-e-type=\"column\">\n\t\t\t<div class=\"elementor-widget-wrap elementor-element-populated\">\n\t\t\t\t\t\t<section class=\"elementor-section elementor-inner-section elementor-element elementor-element-de81f58 elementor-section-boxed elementor-section-height-default elementor-section-height-default\" data-id=\"de81f58\" data-element_type=\"section\" data-e-type=\"section\">\n\t\t\t\t\t\t<div class=\"elementor-container elementor-column-gap-default\">\n\t\t\t\t\t<div class=\"elementor-column elementor-col-33 elementor-inner-column elementor-element elementor-element-a69dd56\" data-id=\"a69dd56\" data-element_type=\"column\" data-e-type=\"column\">\n\t\t\t<div class=\"elementor-widget-wrap\">\n\t\t\t\t\t\t\t<\/div>\n\t\t<\/div>\n\t\t\t\t<div class=\"elementor-column elementor-col-33 elementor-inner-column elementor-element elementor-element-1d8bfec\" data-id=\"1d8bfec\" data-element_type=\"column\" data-e-type=\"column\">\n\t\t\t<div class=\"elementor-widget-wrap\">\n\t\t\t\t\t\t\t<\/div>\n\t\t<\/div>\n\t\t\t\t<div class=\"elementor-column elementor-col-33 elementor-inner-column elementor-element elementor-element-701e999\" data-id=\"701e999\" data-element_type=\"column\" data-e-type=\"column\">\n\t\t\t<div class=\"elementor-widget-wrap\">\n\t\t\t\t\t\t\t<\/div>\n\t\t<\/div>\n\t\t\t\t\t<\/div>\n\t\t<\/section>\n\t\t\t\t\t<\/div>\n\t\t<\/div>\n\t\t\t\t\t<\/div>\n\t\t<\/section>\n\t\t\t\t<section class=\"elementor-section elementor-top-section elementor-element elementor-element-5a5b84b elementor-section-boxed elementor-section-height-default elementor-section-height-default\" data-id=\"5a5b84b\" data-element_type=\"section\" data-e-type=\"section\" data-settings=\"{&quot;background_background&quot;:&quot;classic&quot;}\">\n\t\t\t\t\t\t<div class=\"elementor-container elementor-column-gap-default\">\n\t\t\t\t\t<div class=\"elementor-column elementor-col-100 elementor-top-column elementor-element elementor-element-bb4f88c\" data-id=\"bb4f88c\" data-element_type=\"column\" data-e-type=\"column\">\n\t\t\t<div class=\"elementor-widget-wrap elementor-element-populated\">\n\t\t\t\t\t\t<section class=\"elementor-section elementor-inner-section elementor-element elementor-element-8446fec elementor-section-boxed elementor-section-height-default elementor-section-height-default\" data-id=\"8446fec\" data-element_type=\"section\" data-e-type=\"section\">\n\t\t\t\t\t\t<div class=\"elementor-container elementor-column-gap-default\">\n\t\t\t\t\t<div class=\"elementor-column elementor-col-50 elementor-inner-column elementor-element elementor-element-ae1dcf2\" data-id=\"ae1dcf2\" data-element_type=\"column\" data-e-type=\"column\">\n\t\t\t<div class=\"elementor-widget-wrap elementor-element-populated\">\n\t\t\t\t\t\t<div class=\"elementor-element elementor-element-3611023 elementor-widget elementor-widget-image\" data-id=\"3611023\" data-element_type=\"widget\" data-e-type=\"widget\" data-widget_type=\"image.default\">\n\t\t\t\t\t\t\t\t\t\t\t\t\t\t\t<img decoding=\"async\" width=\"345\" height=\"95\" src=\"https:\/\/bescglobal.com\/wp-content\/uploads\/2023\/07\/logo1.png\" class=\"attachment-large size-large wp-image-2701\" alt=\"\" srcset=\"https:\/\/bescglobal.com\/wp-content\/uploads\/2023\/07\/logo1.png 345w, https:\/\/bescglobal.com\/wp-content\/uploads\/2023\/07\/logo1-300x83.png 300w\" sizes=\"(max-width: 345px) 100vw, 345px\" \/>\t\t\t\t\t\t\t\t\t\t\t\t\t\t\t<\/div>\n\t\t\t\t<div class=\"elementor-element elementor-element-30f8e55 elementor-position-left elementor-vertical-align-middle elementor-widget elementor-widget-image-box\" data-id=\"30f8e55\" data-element_type=\"widget\" data-e-type=\"widget\" data-widget_type=\"image-box.default\">\n\t\t\t\t\t<div class=\"elementor-image-box-wrapper\"><figure class=\"elementor-image-box-img\"><img decoding=\"async\" src=\"https:\/\/bescglobal.com\/wp-content\/uploads\/elementor\/thumbs\/Sem-titulo1231-2-q1teaozdxej0x4uakjk8zl60oa0f90zw7vf78n4iyo.png\" title=\"Sem-t\u00edtulo1231-2\" alt=\"Sem-t\u00edtulo1231-2\" loading=\"lazy\" \/><\/figure><div class=\"elementor-image-box-content\"><h3 class=\"elementor-image-box-title\">Respaldo adecuado y monitoreo continuo de la fuente de energ\u00eda<\/h3><\/div><\/div>\t\t\t\t<\/div>\n\t\t\t\t<div class=\"elementor-element elementor-element-2677be4 elementor-widget elementor-widget-text-editor\" data-id=\"2677be4\" data-element_type=\"widget\" data-e-type=\"widget\" data-widget_type=\"text-editor.default\">\n\t\t\t\t\t\t\t\t\tSattel es una empresa chilena fundada en 2010, especializada en el desarrollo e implementaci\u00f3n de tecnolog\u00edas avanzadas con el objetivo de satisfacer las demandas complejas de diversos actores en el sector minero.\t\t\t\t\t\t\t\t<\/div>\n\t\t\t\t<div class=\"elementor-element elementor-element-4160a52 elementor-widget elementor-widget-spacer\" data-id=\"4160a52\" data-element_type=\"widget\" data-e-type=\"widget\" data-widget_type=\"spacer.default\">\n\t\t\t\t\t\t\t<div class=\"elementor-spacer\">\n\t\t\t<div class=\"elementor-spacer-inner\"><\/div>\n\t\t<\/div>\n\t\t\t\t\t\t<\/div>\n\t\t\t\t\t<\/div>\n\t\t<\/div>\n\t\t\t\t<div class=\"elementor-column elementor-col-50 elementor-inner-column elementor-element elementor-element-09d54e3\" data-id=\"09d54e3\" data-element_type=\"column\" data-e-type=\"column\">\n\t\t\t<div class=\"elementor-widget-wrap elementor-element-populated\">\n\t\t\t\t\t\t<div class=\"elementor-element elementor-element-93a3e17 elementor-widget elementor-widget-text-editor\" data-id=\"93a3e17\" data-element_type=\"widget\" data-e-type=\"widget\" data-widget_type=\"text-editor.default\">\n\t\t\t\t\t\t\t\t\tProtector de Dispositivo Auxiliar (PDA)\t\t\t\t\t\t\t\t<\/div>\n\t\t\t\t<div class=\"elementor-element elementor-element-def1508 elementor-widget elementor-widget-text-editor\" data-id=\"def1508\" data-element_type=\"widget\" data-e-type=\"widget\" data-widget_type=\"text-editor.default\">\n\t\t\t\t\t\t\t\t\t<p>Uno de los equipos destacados de Sattel es el Protector de Dispositivo Auxiliar (PDA), que se conecta a la bater\u00eda del veh\u00edculo y a otros dispositivos auxiliares como GPS, radio y sistemas anticolisi\u00f3n.<\/p><p>La funci\u00f3n principal del PDA es asegurar un respaldo adecuado de energ\u00eda y monitorear de manera continua el rendimiento de esta fuente de energ\u00eda. Adem\u00e1s, el dispositivo cuenta con un m\u00f3dulo de expansi\u00f3n que permite la conexi\u00f3n de hasta cinco dispositivos adicionales, ampliando su capacidad.<\/p>\t\t\t\t\t\t\t\t<\/div>\n\t\t\t\t<div class=\"elementor-element elementor-element-0f38128 elementor-widget elementor-widget-image\" data-id=\"0f38128\" data-element_type=\"widget\" data-e-type=\"widget\" data-widget_type=\"image.default\">\n\t\t\t\t\t\t\t\t\t\t\t\t\t\t\t<img fetchpriority=\"high\" decoding=\"async\" width=\"779\" height=\"393\" src=\"https:\/\/bescglobal.com\/wp-content\/uploads\/2023\/07\/sattel_produto_besc.jpg\" class=\"attachment-large size-large wp-image-2706\" alt=\"\" srcset=\"https:\/\/bescglobal.com\/wp-content\/uploads\/2023\/07\/sattel_produto_besc.jpg 779w, https:\/\/bescglobal.com\/wp-content\/uploads\/2023\/07\/sattel_produto_besc-300x151.jpg 300w, https:\/\/bescglobal.com\/wp-content\/uploads\/2023\/07\/sattel_produto_besc-768x387.jpg 768w\" sizes=\"(max-width: 779px) 100vw, 779px\" \/>\t\t\t\t\t\t\t\t\t\t\t\t\t\t\t<\/div>\n\t\t\t\t\t<\/div>\n\t\t<\/div>\n\t\t\t\t\t<\/div>\n\t\t<\/section>\n\t\t\t\t\t<\/div>\n\t\t<\/div>\n\t\t\t\t\t<\/div>\n\t\t<\/section>\n\t\t\t\t<section class=\"elementor-section elementor-top-section elementor-element elementor-element-a17d865 elementor-section-height-min-height elementor-section-content-middle elementor-section-boxed elementor-section-height-default elementor-section-items-middle\" data-id=\"a17d865\" data-element_type=\"section\" data-e-type=\"section\" data-settings=\"{&quot;background_background&quot;:&quot;classic&quot;,&quot;shape_divider_top&quot;:&quot;curve-asymmetrical&quot;}\">\n\t\t\t\t\t\t\t<div class=\"elementor-background-overlay\"><\/div>\n\t\t\t\t\t\t<div class=\"elementor-shape elementor-shape-top\" aria-hidden=\"true\" data-negative=\"false\">\n\t\t\t<svg xmlns=\"http:\/\/www.w3.org\/2000\/svg\" viewBox=\"0 0 1000 100\" preserveAspectRatio=\"none\">\n\t<path class=\"elementor-shape-fill\" d=\"M0,0c0,0,0,6,0,6.7c0,18,240.2,93.6,615.2,92.6C989.8,98.5,1000,25,1000,6.7c0-0.7,0-6.7,0-6.7H0z\"\/>\n<\/svg>\t\t<\/div>\n\t\t\t\t\t<div class=\"elementor-container elementor-column-gap-no\">\n\t\t\t\t\t<div class=\"elementor-column elementor-col-100 elementor-top-column elementor-element elementor-element-f53b30d\" data-id=\"f53b30d\" data-element_type=\"column\" data-e-type=\"column\">\n\t\t\t<div class=\"elementor-widget-wrap elementor-element-populated\">\n\t\t\t\t\t\t<div class=\"elementor-element elementor-element-91a2dd8 elementor-widget elementor-widget-heading\" data-id=\"91a2dd8\" data-element_type=\"widget\" data-e-type=\"widget\" data-widget_type=\"heading.default\">\n\t\t\t\t\t<h4 class=\"elementor-heading-title elementor-size-default\">BESC Global es el representante exclusivo en Brasil de las soluciones tecnol\u00f3gicas desarrolladas por Sattel Chile. <\/h4>\t\t\t\t<\/div>\n\t\t\t\t<div class=\"elementor-element elementor-element-663e2a0 elementor-widget elementor-widget-text-editor\" data-id=\"663e2a0\" data-element_type=\"widget\" data-e-type=\"widget\" data-widget_type=\"text-editor.default\">\n\t\t\t\t\t\t\t\t\tCont\u00e1ctenos y solicite la visita de uno de nuestros consultores para obtener m\u00e1s informaci\u00f3n.\t\t\t\t\t\t\t\t<\/div>\n\t\t\t\t<div class=\"elementor-element elementor-element-40f2ab6 elementor-mobile-align-center elementor-align-center elementor-widget elementor-widget-button\" data-id=\"40f2ab6\" data-element_type=\"widget\" data-e-type=\"widget\" data-widget_type=\"button.default\">\n\t\t\t\t\t\t\t\t\t\t<a class=\"elementor-button elementor-button-link elementor-size-sm\" href=\"http:\/\/www.sattelchile.cl\/productos\/pda-protector-de-dispositivos-auxiliares\/\">\n\t\t\t\t\t\t<span class=\"elementor-button-content-wrapper\">\n\t\t\t\t\t\t\t\t\t<span class=\"elementor-button-text\">CONOZCA LA L\u00cdNEA COMPLETA DE PRODUCTOS<\/span>\n\t\t\t\t\t<\/span>\n\t\t\t\t\t<\/a>\n\t\t\t\t\t\t\t\t<\/div>\n\t\t\t\t\t<\/div>\n\t\t<\/div>\n\t\t\t\t\t<\/div>\n\t\t<\/section>\n\t\t\t\t<\/div>\n\t\t","protected":false},"excerpt":{"rendered":"<p>Respaldo adecuado y monitoreo continuo de la fuente de energ\u00eda Sattel es una empresa chilena fundada en 2010, especializada en el desarrollo e implementaci\u00f3n de tecnolog\u00edas avanzadas con el objetivo de satisfacer las demandas complejas de diversos actores en el sector minero. Protector de Dispositivo Auxiliar (PDA) Uno de los equipos destacados de Sattel es [&hellip;]<\/p>\n","protected":false},"author":3,"featured_media":0,"parent":0,"menu_order":0,"comment_status":"closed","ping_status":"closed","template":"","meta":{"footnotes":""},"class_list":["post-3277","page","type-page","status-publish","hentry"],"yoast_head":"<!-- This site is optimized with the Yoast SEO plugin v27.4 - https:\/\/yoast.com\/product\/yoast-seo-wordpress\/ -->\n<title>Sattel - BESC Global<\/title>\n<meta name=\"robots\" content=\"index, follow, max-snippet:-1, max-image-preview:large, max-video-preview:-1\" \/>\n<link rel=\"canonical\" href=\"https:\/\/bescglobal.com\/es\/sattel\/\" \/>\n<meta property=\"og:locale\" content=\"es_ES\" \/>\n<meta property=\"og:type\" content=\"article\" \/>\n<meta property=\"og:title\" content=\"Sattel - BESC Global\" \/>\n<meta property=\"og:description\" content=\"Respaldo adecuado y monitoreo continuo de la fuente de energ\u00eda Sattel es una empresa chilena fundada en 2010, especializada en el desarrollo e implementaci\u00f3n de tecnolog\u00edas avanzadas con el objetivo de satisfacer las demandas complejas de diversos actores en el sector minero. Protector de Dispositivo Auxiliar (PDA) Uno de los equipos destacados de Sattel es [&hellip;]\" \/>\n<meta property=\"og:url\" content=\"https:\/\/bescglobal.com\/es\/sattel\/\" \/>\n<meta property=\"og:site_name\" content=\"BESC Global\" \/>\n<meta property=\"article:modified_time\" content=\"2024-02-20T21:53:02+00:00\" \/>\n<meta property=\"og:image\" content=\"https:\/\/bescglobal.com\/wp-content\/uploads\/2023\/07\/logo1.png\" \/>\n<meta name=\"twitter:card\" content=\"summary_large_image\" \/>\n<meta name=\"twitter:label1\" content=\"Tiempo de lectura\" \/>\n\t<meta name=\"twitter:data1\" content=\"2 minutos\" \/>\n<script type=\"application\/ld+json\" class=\"yoast-schema-graph\">{\"@context\":\"https:\\\/\\\/schema.org\",\"@graph\":[{\"@type\":\"WebPage\",\"@id\":\"https:\\\/\\\/bescglobal.com\\\/es\\\/sattel\\\/\",\"url\":\"https:\\\/\\\/bescglobal.com\\\/es\\\/sattel\\\/\",\"name\":\"Sattel - BESC Global\",\"isPartOf\":{\"@id\":\"https:\\\/\\\/bescglobal.com\\\/es\\\/#website\"},\"primaryImageOfPage\":{\"@id\":\"https:\\\/\\\/bescglobal.com\\\/es\\\/sattel\\\/#primaryimage\"},\"image\":{\"@id\":\"https:\\\/\\\/bescglobal.com\\\/es\\\/sattel\\\/#primaryimage\"},\"thumbnailUrl\":\"https:\\\/\\\/bescglobal.com\\\/wp-content\\\/uploads\\\/2023\\\/07\\\/logo1.png\",\"datePublished\":\"2023-07-25T18:29:27+00:00\",\"dateModified\":\"2024-02-20T21:53:02+00:00\",\"breadcrumb\":{\"@id\":\"https:\\\/\\\/bescglobal.com\\\/es\\\/sattel\\\/#breadcrumb\"},\"inLanguage\":\"es\",\"potentialAction\":[{\"@type\":\"ReadAction\",\"target\":[\"https:\\\/\\\/bescglobal.com\\\/es\\\/sattel\\\/\"]}]},{\"@type\":\"ImageObject\",\"inLanguage\":\"es\",\"@id\":\"https:\\\/\\\/bescglobal.com\\\/es\\\/sattel\\\/#primaryimage\",\"url\":\"https:\\\/\\\/bescglobal.com\\\/wp-content\\\/uploads\\\/2023\\\/07\\\/logo1.png\",\"contentUrl\":\"https:\\\/\\\/bescglobal.com\\\/wp-content\\\/uploads\\\/2023\\\/07\\\/logo1.png\"},{\"@type\":\"BreadcrumbList\",\"@id\":\"https:\\\/\\\/bescglobal.com\\\/es\\\/sattel\\\/#breadcrumb\",\"itemListElement\":[{\"@type\":\"ListItem\",\"position\":1,\"name\":\"Home\",\"item\":\"https:\\\/\\\/bescglobal.com\\\/es\\\/\"},{\"@type\":\"ListItem\",\"position\":2,\"name\":\"Sattel\"}]},{\"@type\":\"WebSite\",\"@id\":\"https:\\\/\\\/bescglobal.com\\\/es\\\/#website\",\"url\":\"https:\\\/\\\/bescglobal.com\\\/es\\\/\",\"name\":\"BESC Global\",\"description\":\"\",\"potentialAction\":[{\"@type\":\"SearchAction\",\"target\":{\"@type\":\"EntryPoint\",\"urlTemplate\":\"https:\\\/\\\/bescglobal.com\\\/es\\\/?s={search_term_string}\"},\"query-input\":{\"@type\":\"PropertyValueSpecification\",\"valueRequired\":true,\"valueName\":\"search_term_string\"}}],\"inLanguage\":\"es\"}]}<\/script>\n<!-- \/ Yoast SEO plugin. -->","yoast_head_json":{"title":"Sattel - BESC Global","robots":{"index":"index","follow":"follow","max-snippet":"max-snippet:-1","max-image-preview":"max-image-preview:large","max-video-preview":"max-video-preview:-1"},"canonical":"https:\/\/bescglobal.com\/es\/sattel\/","og_locale":"es_ES","og_type":"article","og_title":"Sattel - BESC Global","og_description":"Respaldo adecuado y monitoreo continuo de la fuente de energ\u00eda Sattel es una empresa chilena fundada en 2010, especializada en el desarrollo e implementaci\u00f3n de tecnolog\u00edas avanzadas con el objetivo de satisfacer las demandas complejas de diversos actores en el sector minero. Protector de Dispositivo Auxiliar (PDA) Uno de los equipos destacados de Sattel es [&hellip;]","og_url":"https:\/\/bescglobal.com\/es\/sattel\/","og_site_name":"BESC Global","article_modified_time":"2024-02-20T21:53:02+00:00","og_image":[{"url":"https:\/\/bescglobal.com\/wp-content\/uploads\/2023\/07\/logo1.png","type":"","width":"","height":""}],"twitter_card":"summary_large_image","twitter_misc":{"Tiempo de lectura":"2 minutos"},"schema":{"@context":"https:\/\/schema.org","@graph":[{"@type":"WebPage","@id":"https:\/\/bescglobal.com\/es\/sattel\/","url":"https:\/\/bescglobal.com\/es\/sattel\/","name":"Sattel - BESC Global","isPartOf":{"@id":"https:\/\/bescglobal.com\/es\/#website"},"primaryImageOfPage":{"@id":"https:\/\/bescglobal.com\/es\/sattel\/#primaryimage"},"image":{"@id":"https:\/\/bescglobal.com\/es\/sattel\/#primaryimage"},"thumbnailUrl":"https:\/\/bescglobal.com\/wp-content\/uploads\/2023\/07\/logo1.png","datePublished":"2023-07-25T18:29:27+00:00","dateModified":"2024-02-20T21:53:02+00:00","breadcrumb":{"@id":"https:\/\/bescglobal.com\/es\/sattel\/#breadcrumb"},"inLanguage":"es","potentialAction":[{"@type":"ReadAction","target":["https:\/\/bescglobal.com\/es\/sattel\/"]}]},{"@type":"ImageObject","inLanguage":"es","@id":"https:\/\/bescglobal.com\/es\/sattel\/#primaryimage","url":"https:\/\/bescglobal.com\/wp-content\/uploads\/2023\/07\/logo1.png","contentUrl":"https:\/\/bescglobal.com\/wp-content\/uploads\/2023\/07\/logo1.png"},{"@type":"BreadcrumbList","@id":"https:\/\/bescglobal.com\/es\/sattel\/#breadcrumb","itemListElement":[{"@type":"ListItem","position":1,"name":"Home","item":"https:\/\/bescglobal.com\/es\/"},{"@type":"ListItem","position":2,"name":"Sattel"}]},{"@type":"WebSite","@id":"https:\/\/bescglobal.com\/es\/#website","url":"https:\/\/bescglobal.com\/es\/","name":"BESC Global","description":"","potentialAction":[{"@type":"SearchAction","target":{"@type":"EntryPoint","urlTemplate":"https:\/\/bescglobal.com\/es\/?s={search_term_string}"},"query-input":{"@type":"PropertyValueSpecification","valueRequired":true,"valueName":"search_term_string"}}],"inLanguage":"es"}]}},"_links":{"self":[{"href":"https:\/\/bescglobal.com\/es\/wp-json\/wp\/v2\/pages\/3277","targetHints":{"allow":["GET"]}}],"collection":[{"href":"https:\/\/bescglobal.com\/es\/wp-json\/wp\/v2\/pages"}],"about":[{"href":"https:\/\/bescglobal.com\/es\/wp-json\/wp\/v2\/types\/page"}],"author":[{"embeddable":true,"href":"https:\/\/bescglobal.com\/es\/wp-json\/wp\/v2\/users\/3"}],"replies":[{"embeddable":true,"href":"https:\/\/bescglobal.com\/es\/wp-json\/wp\/v2\/comments?post=3277"}],"version-history":[{"count":4,"href":"https:\/\/bescglobal.com\/es\/wp-json\/wp\/v2\/pages\/3277\/revisions"}],"predecessor-version":[{"id":3353,"href":"https:\/\/bescglobal.com\/es\/wp-json\/wp\/v2\/pages\/3277\/revisions\/3353"}],"wp:attachment":[{"href":"https:\/\/bescglobal.com\/es\/wp-json\/wp\/v2\/media?parent=3277"}],"curies":[{"name":"wp","href":"https:\/\/api.w.org\/{rel}","templated":true}]}}