{"id":3264,"date":"2022-07-26T18:21:31","date_gmt":"2022-07-26T21:21:31","guid":{"rendered":"https:\/\/bescglobal.com\/safe-gauge\/"},"modified":"2024-02-20T16:54:35","modified_gmt":"2024-02-20T19:54:35","slug":"safe-gauge","status":"publish","type":"page","link":"https:\/\/bescglobal.com\/es\/safe-gauge\/","title":{"rendered":"Safe Gauge"},"content":{"rendered":"\t\t<div data-elementor-type=\"wp-page\" data-elementor-id=\"3264\" class=\"elementor elementor-3264 elementor-997\" data-elementor-post-type=\"page\">\n\t\t\t\t\t\t<section class=\"elementor-section elementor-top-section elementor-element elementor-element-ab12711 elementor-section-full_width elementor-section-height-min-height elementor-section-items-top elementor-section-height-default\" data-id=\"ab12711\" data-element_type=\"section\" data-e-type=\"section\" data-settings=\"{&quot;background_background&quot;:&quot;classic&quot;}\">\n\t\t\t\t\t\t<div class=\"elementor-container elementor-column-gap-default\">\n\t\t\t\t\t<div class=\"elementor-column elementor-col-100 elementor-top-column elementor-element elementor-element-e596d61\" data-id=\"e596d61\" data-element_type=\"column\" data-e-type=\"column\">\n\t\t\t<div class=\"elementor-widget-wrap elementor-element-populated\">\n\t\t\t\t\t\t<section class=\"elementor-section elementor-inner-section elementor-element elementor-element-1ac8176 elementor-section-full_width elementor-section-height-default elementor-section-height-default\" data-id=\"1ac8176\" data-element_type=\"section\" data-e-type=\"section\">\n\t\t\t\t\t\t<div class=\"elementor-container elementor-column-gap-default\">\n\t\t\t\t\t<div class=\"elementor-column elementor-col-33 elementor-inner-column elementor-element elementor-element-ff4328d\" data-id=\"ff4328d\" data-element_type=\"column\" data-e-type=\"column\">\n\t\t\t<div class=\"elementor-widget-wrap\">\n\t\t\t\t\t\t\t<\/div>\n\t\t<\/div>\n\t\t\t\t<div class=\"elementor-column elementor-col-33 elementor-inner-column elementor-element elementor-element-f418485\" data-id=\"f418485\" data-element_type=\"column\" data-e-type=\"column\">\n\t\t\t<div class=\"elementor-widget-wrap\">\n\t\t\t\t\t\t\t<\/div>\n\t\t<\/div>\n\t\t\t\t<div class=\"elementor-column elementor-col-33 elementor-inner-column elementor-element elementor-element-371fc5a\" data-id=\"371fc5a\" data-element_type=\"column\" data-e-type=\"column\">\n\t\t\t<div class=\"elementor-widget-wrap\">\n\t\t\t\t\t\t\t<\/div>\n\t\t<\/div>\n\t\t\t\t\t<\/div>\n\t\t<\/section>\n\t\t\t\t\t<\/div>\n\t\t<\/div>\n\t\t\t\t\t<\/div>\n\t\t<\/section>\n\t\t\t\t<section class=\"elementor-section elementor-top-section elementor-element elementor-element-08750bd elementor-section-full_width elementor-section-height-default elementor-section-height-default\" data-id=\"08750bd\" data-element_type=\"section\" data-e-type=\"section\" data-settings=\"{&quot;background_background&quot;:&quot;classic&quot;}\">\n\t\t\t\t\t\t<div class=\"elementor-container elementor-column-gap-default\">\n\t\t\t\t\t<div class=\"elementor-column elementor-col-100 elementor-top-column elementor-element elementor-element-c937d6a\" data-id=\"c937d6a\" data-element_type=\"column\" data-e-type=\"column\">\n\t\t\t<div class=\"elementor-widget-wrap elementor-element-populated\">\n\t\t\t\t\t\t<section class=\"elementor-section elementor-inner-section elementor-element elementor-element-0862591 elementor-section-content-middle elementor-section-full_width elementor-section-height-default elementor-section-height-default\" data-id=\"0862591\" data-element_type=\"section\" data-e-type=\"section\">\n\t\t\t\t\t\t<div class=\"elementor-container elementor-column-gap-default\">\n\t\t\t\t\t<div class=\"elementor-column elementor-col-33 elementor-inner-column elementor-element elementor-element-b241516\" data-id=\"b241516\" data-element_type=\"column\" data-e-type=\"column\">\n\t\t\t<div class=\"elementor-widget-wrap elementor-element-populated\">\n\t\t\t\t\t\t<div class=\"elementor-element elementor-element-2e18034 elementor-widget elementor-widget-image\" data-id=\"2e18034\" data-element_type=\"widget\" data-e-type=\"widget\" data-widget_type=\"image.default\">\n\t\t\t\t\t\t\t\t\t\t\t\t\t\t\t<img fetchpriority=\"high\" decoding=\"async\" width=\"725\" height=\"149\" src=\"https:\/\/bescglobal.com\/wp-content\/uploads\/2022\/09\/logo12312.png\" class=\"attachment-large size-large wp-image-3266\" alt=\"\" srcset=\"https:\/\/bescglobal.com\/wp-content\/uploads\/2022\/09\/logo12312.png 725w, https:\/\/bescglobal.com\/wp-content\/uploads\/2022\/09\/logo12312-300x62.png 300w\" sizes=\"(max-width: 725px) 100vw, 725px\" \/>\t\t\t\t\t\t\t\t\t\t\t\t\t\t\t<\/div>\n\t\t\t\t<div class=\"elementor-element elementor-element-cee135f elementor-widget elementor-widget-text-editor\" data-id=\"cee135f\" data-element_type=\"widget\" data-e-type=\"widget\" data-widget_type=\"text-editor.default\">\n\t\t\t\t\t\t\t\t\t<p><strong>Safe Gauge ha creado sistemas m\u00e1s seguros y eficientes para probar la presi\u00f3n hidr\u00e1ulica en cualquier sistema de hasta 600 BAR en miner\u00eda, construcci\u00f3n, ferrocarril y mar\u00edtimo.<\/strong><\/p><p>Esto se vuelve a\u00fan m\u00e1s importante cuando recordamos que, en lo que respecta a equipos pesados, la mayor amenaza para los trabajadores proviene precisamente de las fugas hidr\u00e1ulicas de alta presi\u00f3n. Una peque\u00f1a ruptura, un agujero en una l\u00ednea hidr\u00e1ulica o un fallo de conexi\u00f3n pueden liberar un flujo casi invisible de fluido hidr\u00e1ulico a una presi\u00f3n superior a 200 BAR, lo que puede causar lesiones graves o incluso la muerte.<\/p>\t\t\t\t\t\t\t\t<\/div>\n\t\t\t\t\t<\/div>\n\t\t<\/div>\n\t\t\t\t<div class=\"elementor-column elementor-col-33 elementor-inner-column elementor-element elementor-element-91f9cb1\" data-id=\"91f9cb1\" data-element_type=\"column\" data-e-type=\"column\">\n\t\t\t<div class=\"elementor-widget-wrap elementor-element-populated\">\n\t\t\t\t\t\t<div class=\"elementor-element elementor-element-a33f5b6 elementor-position-left elementor-vertical-align-middle elementor-widget elementor-widget-image-box\" data-id=\"a33f5b6\" data-element_type=\"widget\" data-e-type=\"widget\" data-widget_type=\"image-box.default\">\n\t\t\t\t\t<div class=\"elementor-image-box-wrapper\"><figure class=\"elementor-image-box-img\"><img decoding=\"async\" src=\"https:\/\/bescglobal.com\/wp-content\/uploads\/elementor\/thumbs\/Sem-titulo1231-2-q1teaozdxej0x4uakjk8zl60oa0f90zw7vf78n4iyo.png\" title=\"Sem-t\u00edtulo1231-2\" alt=\"Sem-t\u00edtulo1231-2\" loading=\"lazy\" \/><\/figure><div class=\"elementor-image-box-content\"><h3 class=\"elementor-image-box-title\">Realice inspecciones <br>con mayor seguridad <br>y eficiencia.<\/h3><\/div><\/div>\t\t\t\t<\/div>\n\t\t\t\t<div class=\"elementor-element elementor-element-17cb45b elementor-widget elementor-widget-text-editor\" data-id=\"17cb45b\" data-element_type=\"widget\" data-e-type=\"widget\" data-widget_type=\"text-editor.default\">\n\t\t\t\t\t\t\t\t\t<p>La conexi\u00f3n inal\u00e1mbrica de las soluciones Safe Gauge es compatible hasta 50 metros de distancia, permitiendo que el t\u00e9cnico mantenga una distancia segura de la zona de riesgo durante una prueba de presi\u00f3n. A diferencia de los man\u00f3metros tradicionales, no requiere l\u00edneas de prueba, eliminando as\u00ed el riesgo de cables enredados o trabados.<\/p><p>\u00a0<\/p><p>El kit de transductores inal\u00e1mbricos Safe Gauge es f\u00e1cil de usar e incluye sensores de presi\u00f3n con c\u00f3digo de colores, precisos, conectados de forma inal\u00e1mbrica a un monitor t\u00e1ctil port\u00e1til, con todos los componentes en una resistente maleta para transporte.<\/p>\t\t\t\t\t\t\t\t<\/div>\n\t\t\t\t\t<\/div>\n\t\t<\/div>\n\t\t\t\t<div class=\"elementor-column elementor-col-33 elementor-inner-column elementor-element elementor-element-c91970a\" data-id=\"c91970a\" data-element_type=\"column\" data-e-type=\"column\">\n\t\t\t<div class=\"elementor-widget-wrap elementor-element-populated\">\n\t\t\t\t\t\t<div class=\"elementor-element elementor-element-1fc2123 elementor-widget elementor-widget-image\" data-id=\"1fc2123\" data-element_type=\"widget\" data-e-type=\"widget\" data-widget_type=\"image.default\">\n\t\t\t\t\t\t\t\t\t\t\t\t\t\t\t<img decoding=\"async\" width=\"636\" height=\"772\" src=\"https:\/\/bescglobal.com\/wp-content\/uploads\/2022\/09\/img0121231312.png\" class=\"attachment-large size-large wp-image-3268\" alt=\"\" srcset=\"https:\/\/bescglobal.com\/wp-content\/uploads\/2022\/09\/img0121231312.png 636w, https:\/\/bescglobal.com\/wp-content\/uploads\/2022\/09\/img0121231312-247x300.png 247w\" sizes=\"(max-width: 636px) 100vw, 636px\" \/>\t\t\t\t\t\t\t\t\t\t\t\t\t\t\t<\/div>\n\t\t\t\t\t<\/div>\n\t\t<\/div>\n\t\t\t\t\t<\/div>\n\t\t<\/section>\n\t\t\t\t\t<\/div>\n\t\t<\/div>\n\t\t\t\t\t<\/div>\n\t\t<\/section>\n\t\t\t\t<section class=\"elementor-section elementor-top-section elementor-element elementor-element-63307d7 elementor-section-full_width elementor-section-height-default elementor-section-height-default\" data-id=\"63307d7\" data-element_type=\"section\" data-e-type=\"section\" data-settings=\"{&quot;background_background&quot;:&quot;classic&quot;,&quot;shape_divider_top&quot;:&quot;curve-asymmetrical&quot;,&quot;shape_divider_top_negative&quot;:&quot;yes&quot;}\">\n\t\t\t\t\t\t\t<div class=\"elementor-background-overlay\"><\/div>\n\t\t\t\t\t\t<div class=\"elementor-shape elementor-shape-top\" aria-hidden=\"true\" data-negative=\"true\">\n\t\t\t<svg xmlns=\"http:\/\/www.w3.org\/2000\/svg\" viewBox=\"0 0 1000 100\" preserveAspectRatio=\"none\">\n\t<path class=\"elementor-shape-fill\" d=\"M615.2,96.7C240.2,97.8,0,18.9,0,0v100h1000V0C1000,19.2,989.8,96,615.2,96.7z\"\/>\n<\/svg>\t\t<\/div>\n\t\t\t\t\t<div class=\"elementor-container elementor-column-gap-default\">\n\t\t\t\t\t<div class=\"elementor-column elementor-col-100 elementor-top-column elementor-element elementor-element-8a62dea\" data-id=\"8a62dea\" data-element_type=\"column\" data-e-type=\"column\">\n\t\t\t<div class=\"elementor-widget-wrap elementor-element-populated\">\n\t\t\t\t\t\t<div class=\"elementor-element elementor-element-d7ebf5d elementor-widget elementor-widget-spacer\" data-id=\"d7ebf5d\" data-element_type=\"widget\" data-e-type=\"widget\" data-widget_type=\"spacer.default\">\n\t\t\t\t\t\t\t<div class=\"elementor-spacer\">\n\t\t\t<div class=\"elementor-spacer-inner\"><\/div>\n\t\t<\/div>\n\t\t\t\t\t\t<\/div>\n\t\t\t\t<section class=\"elementor-section elementor-inner-section elementor-element elementor-element-4508e2e elementor-section-boxed elementor-section-height-default elementor-section-height-default\" data-id=\"4508e2e\" data-element_type=\"section\" data-e-type=\"section\">\n\t\t\t\t\t\t<div class=\"elementor-container elementor-column-gap-default\">\n\t\t\t\t\t<div class=\"elementor-column elementor-col-50 elementor-inner-column elementor-element elementor-element-4cfe01d\" data-id=\"4cfe01d\" data-element_type=\"column\" data-e-type=\"column\">\n\t\t\t<div class=\"elementor-widget-wrap elementor-element-populated\">\n\t\t\t\t\t\t<div class=\"elementor-element elementor-element-e178608 elementor-widget elementor-widget-text-editor\" data-id=\"e178608\" data-element_type=\"widget\" data-e-type=\"widget\" data-widget_type=\"text-editor.default\">\n\t\t\t\t\t\t\t\t\t<p>El Safe Gauge DataLink es una base de datos inal\u00e1mbrica extremadamente f\u00e1cil de usar, compacta y port\u00e1til. Con un alcance inal\u00e1mbrico de 50 metros, puede alimentarse desde una computadora port\u00e1til durante la puesta en marcha o permanecer dentro de la cabina de una m\u00e1quina para monitoreo continuo.<\/p><p>El DataLink puede almacenar hasta 12 meses de datos en el hardware y tambi\u00e9n puede proporcionar un informe para descargar en formato .csv o pdf. Adem\u00e1s, tambi\u00e9n puede ver los datos en tiempo real a trav\u00e9s del panel de Safe.<\/p>\t\t\t\t\t\t\t\t<\/div>\n\t\t\t\t\t<\/div>\n\t\t<\/div>\n\t\t\t\t<div class=\"elementor-column elementor-col-50 elementor-inner-column elementor-element elementor-element-72dd027\" data-id=\"72dd027\" data-element_type=\"column\" data-e-type=\"column\">\n\t\t\t<div class=\"elementor-widget-wrap elementor-element-populated\">\n\t\t\t\t\t\t<div class=\"elementor-element elementor-element-10a9efc elementor-widget elementor-widget-image\" data-id=\"10a9efc\" data-element_type=\"widget\" data-e-type=\"widget\" data-widget_type=\"image.default\">\n\t\t\t\t\t\t\t\t\t\t\t\t\t\t\t<img decoding=\"async\" width=\"900\" height=\"1379\" src=\"https:\/\/bescglobal.com\/wp-content\/uploads\/2022\/09\/img-besc-safe.jpg\" class=\"attachment-full size-full wp-image-3271\" alt=\"\" srcset=\"https:\/\/bescglobal.com\/wp-content\/uploads\/2022\/09\/img-besc-safe.jpg 900w, https:\/\/bescglobal.com\/wp-content\/uploads\/2022\/09\/img-besc-safe-196x300.jpg 196w, https:\/\/bescglobal.com\/wp-content\/uploads\/2022\/09\/img-besc-safe-668x1024.jpg 668w, https:\/\/bescglobal.com\/wp-content\/uploads\/2022\/09\/img-besc-safe-768x1177.jpg 768w\" sizes=\"(max-width: 900px) 100vw, 900px\" \/>\t\t\t\t\t\t\t\t\t\t\t\t\t\t\t<\/div>\n\t\t\t\t\t<\/div>\n\t\t<\/div>\n\t\t\t\t\t<\/div>\n\t\t<\/section>\n\t\t\t\t<section class=\"elementor-section elementor-inner-section elementor-element elementor-element-59569bd elementor-section-full_width elementor-section-content-middle elementor-section-height-default elementor-section-height-default\" data-id=\"59569bd\" data-element_type=\"section\" data-e-type=\"section\" data-settings=\"{&quot;background_background&quot;:&quot;classic&quot;}\">\n\t\t\t\t\t\t<div class=\"elementor-container elementor-column-gap-default\">\n\t\t\t\t\t<div class=\"elementor-column elementor-col-50 elementor-inner-column elementor-element elementor-element-67a20f2\" data-id=\"67a20f2\" data-element_type=\"column\" data-e-type=\"column\">\n\t\t\t<div class=\"elementor-widget-wrap elementor-element-populated\">\n\t\t\t\t\t\t<div class=\"elementor-element elementor-element-97df38f elementor-widget elementor-widget-image\" data-id=\"97df38f\" data-element_type=\"widget\" data-e-type=\"widget\" data-widget_type=\"image.default\">\n\t\t\t\t\t\t\t\t\t\t\t\t\t\t\t<img loading=\"lazy\" decoding=\"async\" width=\"700\" height=\"829\" src=\"https:\/\/bescglobal.com\/wp-content\/uploads\/2022\/09\/img1231231.png\" class=\"attachment-large size-large wp-image-3272\" alt=\"\" srcset=\"https:\/\/bescglobal.com\/wp-content\/uploads\/2022\/09\/img1231231.png 700w, https:\/\/bescglobal.com\/wp-content\/uploads\/2022\/09\/img1231231-253x300.png 253w\" sizes=\"(max-width: 700px) 100vw, 700px\" \/>\t\t\t\t\t\t\t\t\t\t\t\t\t\t\t<\/div>\n\t\t\t\t\t<\/div>\n\t\t<\/div>\n\t\t\t\t<div class=\"elementor-column elementor-col-50 elementor-inner-column elementor-element elementor-element-64340a7\" data-id=\"64340a7\" data-element_type=\"column\" data-e-type=\"column\">\n\t\t\t<div class=\"elementor-widget-wrap elementor-element-populated\">\n\t\t\t\t\t\t<div class=\"elementor-element elementor-element-3bebfe0 elementor-widget elementor-widget-text-editor\" data-id=\"3bebfe0\" data-element_type=\"widget\" data-e-type=\"widget\" data-widget_type=\"text-editor.default\">\n\t\t\t\t\t\t\t\t\t<p><strong>El Indicador de Dial Safe Gauge es un dispositivo Bluetooth dise\u00f1ado para medir el desplazamiento\/desgaste dentro de 0,01mm. Con la capacidad de conexi\u00f3n Bluetooth de hasta 50 metros de distancia, brinda a los mec\u00e1nicos la capacidad de completar el mantenimiento de manera m\u00e1s segura y eficiente.<\/strong><\/p><p>Los kits de la Serie DI est\u00e1n disponibles en 1, 2 o 4 canales, y tambi\u00e9n en una opci\u00f3n de kit personalizado. Los mismos se suministran con todo lo necesario para configurar y realizar pruebas, incluidas bases magn\u00e9ticas de alta calidad.<\/p>\t\t\t\t\t\t\t\t<\/div>\n\t\t\t\t<div class=\"elementor-element elementor-element-6ddfa1e elementor-align-justify elementor-widget elementor-widget-button\" data-id=\"6ddfa1e\" data-element_type=\"widget\" data-e-type=\"widget\" data-widget_type=\"button.default\">\n\t\t\t\t\t\t\t\t\t\t<a class=\"elementor-button elementor-button-link elementor-size-md\" href=\"https:\/\/safegauge.com.au\/\">\n\t\t\t\t\t\t<span class=\"elementor-button-content-wrapper\">\n\t\t\t\t\t\t\t\t\t<span class=\"elementor-button-text\">Visite el sitio web de la marca y conozca mejor las soluciones.<\/span>\n\t\t\t\t\t<\/span>\n\t\t\t\t\t<\/a>\n\t\t\t\t\t\t\t\t<\/div>\n\t\t\t\t\t<\/div>\n\t\t<\/div>\n\t\t\t\t\t<\/div>\n\t\t<\/section>\n\t\t\t\t\t<\/div>\n\t\t<\/div>\n\t\t\t\t\t<\/div>\n\t\t<\/section>\n\t\t\t\t<\/div>\n\t\t","protected":false},"excerpt":{"rendered":"<p>Safe Gauge ha creado sistemas m\u00e1s seguros y eficientes para probar la presi\u00f3n hidr\u00e1ulica en cualquier sistema de hasta 600 BAR en miner\u00eda, construcci\u00f3n, ferrocarril y mar\u00edtimo. Esto se vuelve a\u00fan m\u00e1s importante cuando recordamos que, en lo que respecta a equipos pesados, la mayor amenaza para los trabajadores proviene precisamente de las fugas hidr\u00e1ulicas [&hellip;]<\/p>\n","protected":false},"author":3,"featured_media":0,"parent":0,"menu_order":0,"comment_status":"closed","ping_status":"closed","template":"","meta":{"footnotes":""},"class_list":["post-3264","page","type-page","status-publish","hentry"],"yoast_head":"<!-- This site is optimized with the Yoast SEO plugin v27.4 - https:\/\/yoast.com\/product\/yoast-seo-wordpress\/ -->\n<title>Safe Gauge - BESC Global<\/title>\n<meta name=\"robots\" content=\"index, follow, max-snippet:-1, max-image-preview:large, max-video-preview:-1\" \/>\n<link rel=\"canonical\" href=\"https:\/\/bescglobal.com\/es\/safe-gauge\/\" \/>\n<meta property=\"og:locale\" content=\"es_ES\" \/>\n<meta property=\"og:type\" content=\"article\" \/>\n<meta property=\"og:title\" content=\"Safe Gauge - BESC Global\" \/>\n<meta property=\"og:description\" content=\"Safe Gauge ha creado sistemas m\u00e1s seguros y eficientes para probar la presi\u00f3n hidr\u00e1ulica en cualquier sistema de hasta 600 BAR en miner\u00eda, construcci\u00f3n, ferrocarril y mar\u00edtimo. Esto se vuelve a\u00fan m\u00e1s importante cuando recordamos que, en lo que respecta a equipos pesados, la mayor amenaza para los trabajadores proviene precisamente de las fugas hidr\u00e1ulicas [&hellip;]\" \/>\n<meta property=\"og:url\" content=\"https:\/\/bescglobal.com\/es\/safe-gauge\/\" \/>\n<meta property=\"og:site_name\" content=\"BESC Global\" \/>\n<meta property=\"article:modified_time\" content=\"2024-02-20T19:54:35+00:00\" \/>\n<meta property=\"og:image\" content=\"https:\/\/bescglobal.com\/wp-content\/uploads\/2022\/09\/logo12312.png\" \/>\n<meta name=\"twitter:card\" content=\"summary_large_image\" \/>\n<meta name=\"twitter:label1\" content=\"Tiempo de lectura\" \/>\n\t<meta name=\"twitter:data1\" content=\"3 minutos\" \/>\n<script type=\"application\/ld+json\" class=\"yoast-schema-graph\">{\"@context\":\"https:\\\/\\\/schema.org\",\"@graph\":[{\"@type\":\"WebPage\",\"@id\":\"https:\\\/\\\/bescglobal.com\\\/es\\\/safe-gauge\\\/\",\"url\":\"https:\\\/\\\/bescglobal.com\\\/es\\\/safe-gauge\\\/\",\"name\":\"Safe Gauge - BESC Global\",\"isPartOf\":{\"@id\":\"https:\\\/\\\/bescglobal.com\\\/es\\\/#website\"},\"primaryImageOfPage\":{\"@id\":\"https:\\\/\\\/bescglobal.com\\\/es\\\/safe-gauge\\\/#primaryimage\"},\"image\":{\"@id\":\"https:\\\/\\\/bescglobal.com\\\/es\\\/safe-gauge\\\/#primaryimage\"},\"thumbnailUrl\":\"https:\\\/\\\/bescglobal.com\\\/wp-content\\\/uploads\\\/2022\\\/09\\\/logo12312.png\",\"datePublished\":\"2022-07-26T21:21:31+00:00\",\"dateModified\":\"2024-02-20T19:54:35+00:00\",\"breadcrumb\":{\"@id\":\"https:\\\/\\\/bescglobal.com\\\/es\\\/safe-gauge\\\/#breadcrumb\"},\"inLanguage\":\"es\",\"potentialAction\":[{\"@type\":\"ReadAction\",\"target\":[\"https:\\\/\\\/bescglobal.com\\\/es\\\/safe-gauge\\\/\"]}]},{\"@type\":\"ImageObject\",\"inLanguage\":\"es\",\"@id\":\"https:\\\/\\\/bescglobal.com\\\/es\\\/safe-gauge\\\/#primaryimage\",\"url\":\"https:\\\/\\\/bescglobal.com\\\/wp-content\\\/uploads\\\/2022\\\/09\\\/logo12312.png\",\"contentUrl\":\"https:\\\/\\\/bescglobal.com\\\/wp-content\\\/uploads\\\/2022\\\/09\\\/logo12312.png\"},{\"@type\":\"BreadcrumbList\",\"@id\":\"https:\\\/\\\/bescglobal.com\\\/es\\\/safe-gauge\\\/#breadcrumb\",\"itemListElement\":[{\"@type\":\"ListItem\",\"position\":1,\"name\":\"Home\",\"item\":\"https:\\\/\\\/bescglobal.com\\\/es\\\/\"},{\"@type\":\"ListItem\",\"position\":2,\"name\":\"Safe Gauge\"}]},{\"@type\":\"WebSite\",\"@id\":\"https:\\\/\\\/bescglobal.com\\\/es\\\/#website\",\"url\":\"https:\\\/\\\/bescglobal.com\\\/es\\\/\",\"name\":\"BESC Global\",\"description\":\"\",\"potentialAction\":[{\"@type\":\"SearchAction\",\"target\":{\"@type\":\"EntryPoint\",\"urlTemplate\":\"https:\\\/\\\/bescglobal.com\\\/es\\\/?s={search_term_string}\"},\"query-input\":{\"@type\":\"PropertyValueSpecification\",\"valueRequired\":true,\"valueName\":\"search_term_string\"}}],\"inLanguage\":\"es\"}]}<\/script>\n<!-- \/ Yoast SEO plugin. -->","yoast_head_json":{"title":"Safe Gauge - BESC Global","robots":{"index":"index","follow":"follow","max-snippet":"max-snippet:-1","max-image-preview":"max-image-preview:large","max-video-preview":"max-video-preview:-1"},"canonical":"https:\/\/bescglobal.com\/es\/safe-gauge\/","og_locale":"es_ES","og_type":"article","og_title":"Safe Gauge - BESC Global","og_description":"Safe Gauge ha creado sistemas m\u00e1s seguros y eficientes para probar la presi\u00f3n hidr\u00e1ulica en cualquier sistema de hasta 600 BAR en miner\u00eda, construcci\u00f3n, ferrocarril y mar\u00edtimo. Esto se vuelve a\u00fan m\u00e1s importante cuando recordamos que, en lo que respecta a equipos pesados, la mayor amenaza para los trabajadores proviene precisamente de las fugas hidr\u00e1ulicas [&hellip;]","og_url":"https:\/\/bescglobal.com\/es\/safe-gauge\/","og_site_name":"BESC Global","article_modified_time":"2024-02-20T19:54:35+00:00","og_image":[{"url":"https:\/\/bescglobal.com\/wp-content\/uploads\/2022\/09\/logo12312.png","type":"","width":"","height":""}],"twitter_card":"summary_large_image","twitter_misc":{"Tiempo de lectura":"3 minutos"},"schema":{"@context":"https:\/\/schema.org","@graph":[{"@type":"WebPage","@id":"https:\/\/bescglobal.com\/es\/safe-gauge\/","url":"https:\/\/bescglobal.com\/es\/safe-gauge\/","name":"Safe Gauge - BESC Global","isPartOf":{"@id":"https:\/\/bescglobal.com\/es\/#website"},"primaryImageOfPage":{"@id":"https:\/\/bescglobal.com\/es\/safe-gauge\/#primaryimage"},"image":{"@id":"https:\/\/bescglobal.com\/es\/safe-gauge\/#primaryimage"},"thumbnailUrl":"https:\/\/bescglobal.com\/wp-content\/uploads\/2022\/09\/logo12312.png","datePublished":"2022-07-26T21:21:31+00:00","dateModified":"2024-02-20T19:54:35+00:00","breadcrumb":{"@id":"https:\/\/bescglobal.com\/es\/safe-gauge\/#breadcrumb"},"inLanguage":"es","potentialAction":[{"@type":"ReadAction","target":["https:\/\/bescglobal.com\/es\/safe-gauge\/"]}]},{"@type":"ImageObject","inLanguage":"es","@id":"https:\/\/bescglobal.com\/es\/safe-gauge\/#primaryimage","url":"https:\/\/bescglobal.com\/wp-content\/uploads\/2022\/09\/logo12312.png","contentUrl":"https:\/\/bescglobal.com\/wp-content\/uploads\/2022\/09\/logo12312.png"},{"@type":"BreadcrumbList","@id":"https:\/\/bescglobal.com\/es\/safe-gauge\/#breadcrumb","itemListElement":[{"@type":"ListItem","position":1,"name":"Home","item":"https:\/\/bescglobal.com\/es\/"},{"@type":"ListItem","position":2,"name":"Safe Gauge"}]},{"@type":"WebSite","@id":"https:\/\/bescglobal.com\/es\/#website","url":"https:\/\/bescglobal.com\/es\/","name":"BESC Global","description":"","potentialAction":[{"@type":"SearchAction","target":{"@type":"EntryPoint","urlTemplate":"https:\/\/bescglobal.com\/es\/?s={search_term_string}"},"query-input":{"@type":"PropertyValueSpecification","valueRequired":true,"valueName":"search_term_string"}}],"inLanguage":"es"}]}},"_links":{"self":[{"href":"https:\/\/bescglobal.com\/es\/wp-json\/wp\/v2\/pages\/3264","targetHints":{"allow":["GET"]}}],"collection":[{"href":"https:\/\/bescglobal.com\/es\/wp-json\/wp\/v2\/pages"}],"about":[{"href":"https:\/\/bescglobal.com\/es\/wp-json\/wp\/v2\/types\/page"}],"author":[{"embeddable":true,"href":"https:\/\/bescglobal.com\/es\/wp-json\/wp\/v2\/users\/3"}],"replies":[{"embeddable":true,"href":"https:\/\/bescglobal.com\/es\/wp-json\/wp\/v2\/comments?post=3264"}],"version-history":[{"count":7,"href":"https:\/\/bescglobal.com\/es\/wp-json\/wp\/v2\/pages\/3264\/revisions"}],"predecessor-version":[{"id":3320,"href":"https:\/\/bescglobal.com\/es\/wp-json\/wp\/v2\/pages\/3264\/revisions\/3320"}],"wp:attachment":[{"href":"https:\/\/bescglobal.com\/es\/wp-json\/wp\/v2\/media?parent=3264"}],"curies":[{"name":"wp","href":"https:\/\/api.w.org\/{rel}","templated":true}]}}