{"id":3246,"date":"2022-07-26T18:21:55","date_gmt":"2022-07-26T21:21:55","guid":{"rendered":"https:\/\/bescglobal.com\/portafloor-max\/"},"modified":"2024-02-20T17:42:51","modified_gmt":"2024-02-20T20:42:51","slug":"portafloor-max","status":"publish","type":"page","link":"https:\/\/bescglobal.com\/es\/portafloor-max\/","title":{"rendered":"Portafloor Max"},"content":{"rendered":"\t\t<div data-elementor-type=\"wp-page\" data-elementor-id=\"3246\" class=\"elementor elementor-3246 elementor-1000\" data-elementor-post-type=\"page\">\n\t\t\t\t\t\t<section class=\"elementor-section elementor-top-section elementor-element elementor-element-825807e elementor-section-full_width elementor-section-items-bottom elementor-section-height-min-height elementor-section-height-default\" data-id=\"825807e\" data-element_type=\"section\" data-e-type=\"section\" data-settings=\"{&quot;background_background&quot;:&quot;classic&quot;}\">\n\t\t\t\t\t\t<div class=\"elementor-container elementor-column-gap-default\">\n\t\t\t\t\t<div class=\"elementor-column elementor-col-100 elementor-top-column elementor-element elementor-element-ecc3f7f\" data-id=\"ecc3f7f\" data-element_type=\"column\" data-e-type=\"column\">\n\t\t\t<div class=\"elementor-widget-wrap elementor-element-populated\">\n\t\t\t\t\t\t<div class=\"elementor-element elementor-element-9a02f0c elementor-widget elementor-widget-spacer\" data-id=\"9a02f0c\" data-element_type=\"widget\" data-e-type=\"widget\" data-widget_type=\"spacer.default\">\n\t\t\t\t\t\t\t<div class=\"elementor-spacer\">\n\t\t\t<div class=\"elementor-spacer-inner\"><\/div>\n\t\t<\/div>\n\t\t\t\t\t\t<\/div>\n\t\t\t\t\t<\/div>\n\t\t<\/div>\n\t\t\t\t\t<\/div>\n\t\t<\/section>\n\t\t\t\t<section class=\"elementor-section elementor-top-section elementor-element elementor-element-d9e16c1 elementor-section-boxed elementor-section-height-default elementor-section-height-default\" data-id=\"d9e16c1\" data-element_type=\"section\" data-e-type=\"section\" data-settings=\"{&quot;background_background&quot;:&quot;classic&quot;}\">\n\t\t\t\t\t\t<div class=\"elementor-container elementor-column-gap-default\">\n\t\t\t\t\t<div class=\"elementor-column elementor-col-100 elementor-top-column elementor-element elementor-element-b70c1a2\" data-id=\"b70c1a2\" data-element_type=\"column\" data-e-type=\"column\">\n\t\t\t<div class=\"elementor-widget-wrap elementor-element-populated\">\n\t\t\t\t\t\t<section class=\"elementor-section elementor-inner-section elementor-element elementor-element-e4c3057 elementor-section-full_width elementor-section-content-middle elementor-section-height-default elementor-section-height-default\" data-id=\"e4c3057\" data-element_type=\"section\" data-e-type=\"section\">\n\t\t\t\t\t\t<div class=\"elementor-container elementor-column-gap-default\">\n\t\t\t\t\t<div class=\"elementor-column elementor-col-33 elementor-inner-column elementor-element elementor-element-78ee389\" data-id=\"78ee389\" data-element_type=\"column\" data-e-type=\"column\">\n\t\t\t<div class=\"elementor-widget-wrap elementor-element-populated\">\n\t\t\t\t\t\t<div class=\"elementor-element elementor-element-efb9910 elementor-widget elementor-widget-image\" data-id=\"efb9910\" data-element_type=\"widget\" data-e-type=\"widget\" data-widget_type=\"image.default\">\n\t\t\t\t\t\t\t\t\t\t\t\t\t\t\t<img fetchpriority=\"high\" decoding=\"async\" width=\"770\" height=\"361\" src=\"https:\/\/bescglobal.com\/wp-content\/uploads\/2022\/09\/icon0123.png\" class=\"attachment-large size-large wp-image-3254\" alt=\"\" srcset=\"https:\/\/bescglobal.com\/wp-content\/uploads\/2022\/09\/icon0123.png 770w, https:\/\/bescglobal.com\/wp-content\/uploads\/2022\/09\/icon0123-300x141.png 300w, https:\/\/bescglobal.com\/wp-content\/uploads\/2022\/09\/icon0123-768x360.png 768w\" sizes=\"(max-width: 770px) 100vw, 770px\" \/>\t\t\t\t\t\t\t\t\t\t\t\t\t\t\t<\/div>\n\t\t\t\t\t<\/div>\n\t\t<\/div>\n\t\t\t\t<div class=\"elementor-column elementor-col-33 elementor-inner-column elementor-element elementor-element-4d84638\" data-id=\"4d84638\" data-element_type=\"column\" data-e-type=\"column\">\n\t\t\t<div class=\"elementor-widget-wrap\">\n\t\t\t\t\t\t\t<\/div>\n\t\t<\/div>\n\t\t\t\t<div class=\"elementor-column elementor-col-33 elementor-inner-column elementor-element elementor-element-e1d67d4\" data-id=\"e1d67d4\" data-element_type=\"column\" data-e-type=\"column\">\n\t\t\t<div class=\"elementor-widget-wrap elementor-element-populated\">\n\t\t\t\t\t\t<div class=\"elementor-element elementor-element-d9fd48e elementor-position-left elementor-vertical-align-middle elementor-widget elementor-widget-image-box\" data-id=\"d9fd48e\" data-element_type=\"widget\" data-e-type=\"widget\" data-widget_type=\"image-box.default\">\n\t\t\t\t\t<div class=\"elementor-image-box-wrapper\"><figure class=\"elementor-image-box-img\"><img decoding=\"async\" width=\"11\" height=\"100\" src=\"https:\/\/bescglobal.com\/wp-content\/uploads\/2022\/09\/Sem-titulo1231-2.png\" class=\"attachment-full size-full wp-image-1191\" alt=\"\" \/><\/figure><div class=\"elementor-image-box-content\"><h3 class=\"elementor-image-box-title\">Pisos pl\u00e1sticos <br><b>para talleres.<\/b><\/h3><\/div><\/div>\t\t\t\t<\/div>\n\t\t\t\t\t<\/div>\n\t\t<\/div>\n\t\t\t\t\t<\/div>\n\t\t<\/section>\n\t\t\t\t<section class=\"elementor-section elementor-inner-section elementor-element elementor-element-52e23cf elementor-section-boxed elementor-section-height-default elementor-section-height-default\" data-id=\"52e23cf\" data-element_type=\"section\" data-e-type=\"section\">\n\t\t\t\t\t\t<div class=\"elementor-container elementor-column-gap-default\">\n\t\t\t\t\t<div class=\"elementor-column elementor-col-50 elementor-inner-column elementor-element elementor-element-7e97a16\" data-id=\"7e97a16\" data-element_type=\"column\" data-e-type=\"column\">\n\t\t\t<div class=\"elementor-widget-wrap elementor-element-populated\">\n\t\t\t\t\t\t<div class=\"elementor-element elementor-element-f30fbf9 elementor-widget elementor-widget-text-editor\" data-id=\"f30fbf9\" data-element_type=\"widget\" data-e-type=\"widget\" data-widget_type=\"text-editor.default\">\n\t\t\t\t\t\t\t\t\t<p>Los pisos de Portafloor est\u00e1n dise\u00f1ados para ofrecer resistencia y estabilidad para su uso en talleres, estadios y aplicaciones militares. Es decir, desde alfombras para plataformas de perforaci\u00f3n hasta carreteras temporales; desde refugios hasta cobertizos de talleres; desde estadios deportivos hasta bloques de instalaciones de mantenimiento, los pisos PORTAFLOOR soportan m\u00e1s de 390 toneladas por metro cuadrado (390,594 kgf\/m2).<\/p>\t\t\t\t\t\t\t\t<\/div>\n\t\t\t\t\t<\/div>\n\t\t<\/div>\n\t\t\t\t<div class=\"elementor-column elementor-col-50 elementor-inner-column elementor-element elementor-element-2c53e17\" data-id=\"2c53e17\" data-element_type=\"column\" data-e-type=\"column\">\n\t\t\t<div class=\"elementor-widget-wrap elementor-element-populated\">\n\t\t\t\t\t\t<div class=\"elementor-element elementor-element-7416e7d elementor-widget elementor-widget-text-editor\" data-id=\"7416e7d\" data-element_type=\"widget\" data-e-type=\"widget\" data-widget_type=\"text-editor.default\">\n\t\t\t\t\t\t\t\t\t<p>Otra caracter\u00edstica importante es que los pisos PORTAFLOOR son modulares, enrollables y reutilizables. Dise\u00f1ados para bloquear de manera r\u00e1pida y segura, pueden desplegarse y desmontarse r\u00e1pidamente.<\/p><p><strong>Los productos PORTAFLOOR se fabrican en Estados Unidos, de manera respetuosa con el medio ambiente, no generando residuos y con certificaciones ISO 14001 e ISO 9001.<\/strong><\/p>\t\t\t\t\t\t\t\t<\/div>\n\t\t\t\t\t<\/div>\n\t\t<\/div>\n\t\t\t\t\t<\/div>\n\t\t<\/section>\n\t\t\t\t\t<\/div>\n\t\t<\/div>\n\t\t\t\t\t<\/div>\n\t\t<\/section>\n\t\t\t\t<section class=\"elementor-section elementor-top-section elementor-element elementor-element-e5dace6 elementor-section-full_width elementor-section-height-default elementor-section-height-default\" data-id=\"e5dace6\" data-element_type=\"section\" data-e-type=\"section\">\n\t\t\t\t\t\t<div class=\"elementor-container elementor-column-gap-default\">\n\t\t\t\t\t<div class=\"elementor-column elementor-col-50 elementor-top-column elementor-element elementor-element-e414df1\" data-id=\"e414df1\" data-element_type=\"column\" data-e-type=\"column\">\n\t\t\t<div class=\"elementor-widget-wrap elementor-element-populated\">\n\t\t\t\t\t\t<section class=\"elementor-section elementor-inner-section elementor-element elementor-element-7edb918 elementor-section-full_width elementor-section-height-default elementor-section-height-default\" data-id=\"7edb918\" data-element_type=\"section\" data-e-type=\"section\">\n\t\t\t\t\t\t<div class=\"elementor-container elementor-column-gap-default\">\n\t\t\t\t\t<div class=\"elementor-column elementor-col-100 elementor-inner-column elementor-element elementor-element-8f8d795\" data-id=\"8f8d795\" data-element_type=\"column\" data-e-type=\"column\" data-settings=\"{&quot;background_background&quot;:&quot;classic&quot;}\">\n\t\t\t<div class=\"elementor-widget-wrap elementor-element-populated\">\n\t\t\t\t\t\t<div class=\"elementor-element elementor-element-f2b6130 elementor-widget elementor-widget-image\" data-id=\"f2b6130\" data-element_type=\"widget\" data-e-type=\"widget\" data-widget_type=\"image.default\">\n\t\t\t\t\t\t\t\t\t\t\t\t\t\t\t<img decoding=\"async\" width=\"800\" height=\"361\" src=\"https:\/\/bescglobal.com\/wp-content\/uploads\/2022\/09\/img012332-1024x462.jpg\" class=\"attachment-large size-large wp-image-3252\" alt=\"\" srcset=\"https:\/\/bescglobal.com\/wp-content\/uploads\/2022\/09\/img012332-1024x462.jpg 1024w, https:\/\/bescglobal.com\/wp-content\/uploads\/2022\/09\/img012332-300x135.jpg 300w, https:\/\/bescglobal.com\/wp-content\/uploads\/2022\/09\/img012332-768x346.jpg 768w, https:\/\/bescglobal.com\/wp-content\/uploads\/2022\/09\/img012332.jpg 1033w\" sizes=\"(max-width: 800px) 100vw, 800px\" \/>\t\t\t\t\t\t\t\t\t\t\t\t\t\t\t<\/div>\n\t\t\t\t<div class=\"elementor-element elementor-element-6390c34 elementor-widget elementor-widget-image\" data-id=\"6390c34\" data-element_type=\"widget\" data-e-type=\"widget\" data-widget_type=\"image.default\">\n\t\t\t\t\t\t\t\t\t\t\t\t\t\t\t<img loading=\"lazy\" decoding=\"async\" width=\"800\" height=\"372\" src=\"https:\/\/bescglobal.com\/wp-content\/uploads\/2022\/09\/img021313-1024x476.jpg\" class=\"attachment-large size-large wp-image-3251\" alt=\"\" srcset=\"https:\/\/bescglobal.com\/wp-content\/uploads\/2022\/09\/img021313-1024x476.jpg 1024w, https:\/\/bescglobal.com\/wp-content\/uploads\/2022\/09\/img021313-300x140.jpg 300w, https:\/\/bescglobal.com\/wp-content\/uploads\/2022\/09\/img021313-768x357.jpg 768w, https:\/\/bescglobal.com\/wp-content\/uploads\/2022\/09\/img021313.jpg 1038w\" sizes=\"(max-width: 800px) 100vw, 800px\" \/>\t\t\t\t\t\t\t\t\t\t\t\t\t\t\t<\/div>\n\t\t\t\t\t<\/div>\n\t\t<\/div>\n\t\t\t\t\t<\/div>\n\t\t<\/section>\n\t\t\t\t\t<\/div>\n\t\t<\/div>\n\t\t\t\t<div class=\"elementor-column elementor-col-50 elementor-top-column elementor-element elementor-element-203ef33\" data-id=\"203ef33\" data-element_type=\"column\" data-e-type=\"column\">\n\t\t\t<div class=\"elementor-widget-wrap elementor-element-populated\">\n\t\t\t\t\t\t<div class=\"elementor-element elementor-element-c851e97 elementor-position-left elementor-vertical-align-middle elementor-widget elementor-widget-image-box\" data-id=\"c851e97\" data-element_type=\"widget\" data-e-type=\"widget\" data-widget_type=\"image-box.default\">\n\t\t\t\t\t<div class=\"elementor-image-box-wrapper\"><figure class=\"elementor-image-box-img\"><img decoding=\"async\" src=\"https:\/\/bescglobal.com\/wp-content\/uploads\/elementor\/thumbs\/icon-q1teb9nu3rbc0k097si1ify5qr6hyd9zmprvsq9v5s.png\" title=\"icon\" alt=\"icon\" loading=\"lazy\" \/><\/figure><div class=\"elementor-image-box-content\"><h3 class=\"elementor-image-box-title\">Los pisos de Portafloor <\/h3><p class=\"elementor-image-box-description\">cuentan con una superficie antideslizante y son ligeros, f\u00e1ciles de transportar, instalar y limpiar.\n\n\n<\/p><\/div><\/div>\t\t\t\t<\/div>\n\t\t\t\t<section class=\"elementor-section elementor-inner-section elementor-element elementor-element-c471603 elementor-section-boxed elementor-section-height-default elementor-section-height-default\" data-id=\"c471603\" data-element_type=\"section\" data-e-type=\"section\" data-settings=\"{&quot;background_background&quot;:&quot;classic&quot;}\">\n\t\t\t\t\t\t<div class=\"elementor-container elementor-column-gap-default\">\n\t\t\t\t\t<div class=\"elementor-column elementor-col-100 elementor-inner-column elementor-element elementor-element-708e135\" data-id=\"708e135\" data-element_type=\"column\" data-e-type=\"column\">\n\t\t\t<div class=\"elementor-widget-wrap elementor-element-populated\">\n\t\t\t\t\t\t<div class=\"elementor-element elementor-element-ca0cd24 elementor-widget elementor-widget-text-editor\" data-id=\"ca0cd24\" data-element_type=\"widget\" data-e-type=\"widget\" data-widget_type=\"text-editor.default\">\n\t\t\t\t\t\t\t\t\t<p>DIFERENCIALES<\/p>\t\t\t\t\t\t\t\t<\/div>\n\t\t\t\t<div class=\"elementor-element elementor-element-2d42c7b elementor-widget-divider--view-line elementor-widget elementor-widget-divider\" data-id=\"2d42c7b\" data-element_type=\"widget\" data-e-type=\"widget\" data-widget_type=\"divider.default\">\n\t\t\t\t\t\t\t<div class=\"elementor-divider\">\n\t\t\t<span class=\"elementor-divider-separator\">\n\t\t\t\t\t\t<\/span>\n\t\t<\/div>\n\t\t\t\t\t\t<\/div>\n\t\t\t\t<div class=\"elementor-element elementor-element-796a7b5 elementor-widget elementor-widget-text-editor\" data-id=\"796a7b5\" data-element_type=\"widget\" data-e-type=\"widget\" data-widget_type=\"text-editor.default\">\n\t\t\t\t\t\t\t\t\t<p>\u2022 Soporta 390,594 kgf\/m2.<br \/>\u2022 Pisos para uso temporal.<br \/>\u2022 Sustituye materiales de construcci\u00f3n.<\/p>\t\t\t\t\t\t\t\t<\/div>\n\t\t\t\t\t<\/div>\n\t\t<\/div>\n\t\t\t\t\t<\/div>\n\t\t<\/section>\n\t\t\t\t<div class=\"elementor-element elementor-element-979efe0 elementor-vertical-align-middle elementor-widget elementor-widget-image-box\" data-id=\"979efe0\" data-element_type=\"widget\" data-e-type=\"widget\" data-widget_type=\"image-box.default\">\n\t\t\t\t\t<div class=\"elementor-image-box-wrapper\"><div class=\"elementor-image-box-content\"><h3 class=\"elementor-image-box-title\">Visite el sitio web de la marca y conozca m\u00e1s sobre esta soluci\u00f3n.<\/h3><\/div><\/div>\t\t\t\t<\/div>\n\t\t\t\t<div class=\"elementor-element elementor-element-9ab6bf1 elementor-align-center elementor-widget elementor-widget-button\" data-id=\"9ab6bf1\" data-element_type=\"widget\" data-e-type=\"widget\" data-widget_type=\"button.default\">\n\t\t\t\t\t\t\t\t\t\t<a class=\"elementor-button elementor-button-link elementor-size-md\" href=\"https:\/\/www.portafloor.com\/max\">\n\t\t\t\t\t\t<span class=\"elementor-button-content-wrapper\">\n\t\t\t\t\t\t\t\t\t<span class=\"elementor-button-text\">Haga clic aqu\u00ed y obtenga m\u00e1s informaci\u00f3n<\/span>\n\t\t\t\t\t<\/span>\n\t\t\t\t\t<\/a>\n\t\t\t\t\t\t\t\t<\/div>\n\t\t\t\t\t<\/div>\n\t\t<\/div>\n\t\t\t\t\t<\/div>\n\t\t<\/section>\n\t\t\t\t<\/div>\n\t\t","protected":false},"excerpt":{"rendered":"<p>Pisos pl\u00e1sticos para talleres. Los pisos de Portafloor est\u00e1n dise\u00f1ados para ofrecer resistencia y estabilidad para su uso en talleres, estadios y aplicaciones militares. Es decir, desde alfombras para plataformas de perforaci\u00f3n hasta carreteras temporales; desde refugios hasta cobertizos de talleres; desde estadios deportivos hasta bloques de instalaciones de mantenimiento, los pisos PORTAFLOOR soportan m\u00e1s [&hellip;]<\/p>\n","protected":false},"author":3,"featured_media":0,"parent":0,"menu_order":0,"comment_status":"closed","ping_status":"closed","template":"","meta":{"footnotes":""},"class_list":["post-3246","page","type-page","status-publish","hentry"],"yoast_head":"<!-- This site is optimized with the Yoast SEO plugin v27.4 - https:\/\/yoast.com\/product\/yoast-seo-wordpress\/ -->\n<title>Portafloor Max - BESC Global<\/title>\n<meta name=\"robots\" content=\"index, follow, max-snippet:-1, max-image-preview:large, max-video-preview:-1\" \/>\n<link rel=\"canonical\" href=\"https:\/\/bescglobal.com\/es\/portafloor-max\/\" \/>\n<meta property=\"og:locale\" content=\"es_ES\" \/>\n<meta property=\"og:type\" content=\"article\" \/>\n<meta property=\"og:title\" content=\"Portafloor Max - BESC Global\" \/>\n<meta property=\"og:description\" content=\"Pisos pl\u00e1sticos para talleres. Los pisos de Portafloor est\u00e1n dise\u00f1ados para ofrecer resistencia y estabilidad para su uso en talleres, estadios y aplicaciones militares. Es decir, desde alfombras para plataformas de perforaci\u00f3n hasta carreteras temporales; desde refugios hasta cobertizos de talleres; desde estadios deportivos hasta bloques de instalaciones de mantenimiento, los pisos PORTAFLOOR soportan m\u00e1s [&hellip;]\" \/>\n<meta property=\"og:url\" content=\"https:\/\/bescglobal.com\/es\/portafloor-max\/\" \/>\n<meta property=\"og:site_name\" content=\"BESC Global\" \/>\n<meta property=\"article:modified_time\" content=\"2024-02-20T20:42:51+00:00\" \/>\n<meta property=\"og:image\" content=\"https:\/\/bescglobal.com\/wp-content\/uploads\/2022\/09\/icon0123.png\" \/>\n<meta name=\"twitter:card\" content=\"summary_large_image\" \/>\n<meta name=\"twitter:label1\" content=\"Tiempo de lectura\" \/>\n\t<meta name=\"twitter:data1\" content=\"2 minutos\" \/>\n<script type=\"application\/ld+json\" class=\"yoast-schema-graph\">{\"@context\":\"https:\\\/\\\/schema.org\",\"@graph\":[{\"@type\":\"WebPage\",\"@id\":\"https:\\\/\\\/bescglobal.com\\\/es\\\/portafloor-max\\\/\",\"url\":\"https:\\\/\\\/bescglobal.com\\\/es\\\/portafloor-max\\\/\",\"name\":\"Portafloor Max - BESC Global\",\"isPartOf\":{\"@id\":\"https:\\\/\\\/bescglobal.com\\\/es\\\/#website\"},\"primaryImageOfPage\":{\"@id\":\"https:\\\/\\\/bescglobal.com\\\/es\\\/portafloor-max\\\/#primaryimage\"},\"image\":{\"@id\":\"https:\\\/\\\/bescglobal.com\\\/es\\\/portafloor-max\\\/#primaryimage\"},\"thumbnailUrl\":\"https:\\\/\\\/bescglobal.com\\\/wp-content\\\/uploads\\\/2022\\\/09\\\/icon0123.png\",\"datePublished\":\"2022-07-26T21:21:55+00:00\",\"dateModified\":\"2024-02-20T20:42:51+00:00\",\"breadcrumb\":{\"@id\":\"https:\\\/\\\/bescglobal.com\\\/es\\\/portafloor-max\\\/#breadcrumb\"},\"inLanguage\":\"es\",\"potentialAction\":[{\"@type\":\"ReadAction\",\"target\":[\"https:\\\/\\\/bescglobal.com\\\/es\\\/portafloor-max\\\/\"]}]},{\"@type\":\"ImageObject\",\"inLanguage\":\"es\",\"@id\":\"https:\\\/\\\/bescglobal.com\\\/es\\\/portafloor-max\\\/#primaryimage\",\"url\":\"https:\\\/\\\/bescglobal.com\\\/wp-content\\\/uploads\\\/2022\\\/09\\\/icon0123.png\",\"contentUrl\":\"https:\\\/\\\/bescglobal.com\\\/wp-content\\\/uploads\\\/2022\\\/09\\\/icon0123.png\"},{\"@type\":\"BreadcrumbList\",\"@id\":\"https:\\\/\\\/bescglobal.com\\\/es\\\/portafloor-max\\\/#breadcrumb\",\"itemListElement\":[{\"@type\":\"ListItem\",\"position\":1,\"name\":\"Home\",\"item\":\"https:\\\/\\\/bescglobal.com\\\/es\\\/\"},{\"@type\":\"ListItem\",\"position\":2,\"name\":\"Portafloor Max\"}]},{\"@type\":\"WebSite\",\"@id\":\"https:\\\/\\\/bescglobal.com\\\/es\\\/#website\",\"url\":\"https:\\\/\\\/bescglobal.com\\\/es\\\/\",\"name\":\"BESC Global\",\"description\":\"\",\"potentialAction\":[{\"@type\":\"SearchAction\",\"target\":{\"@type\":\"EntryPoint\",\"urlTemplate\":\"https:\\\/\\\/bescglobal.com\\\/es\\\/?s={search_term_string}\"},\"query-input\":{\"@type\":\"PropertyValueSpecification\",\"valueRequired\":true,\"valueName\":\"search_term_string\"}}],\"inLanguage\":\"es\"}]}<\/script>\n<!-- \/ Yoast SEO plugin. -->","yoast_head_json":{"title":"Portafloor Max - BESC Global","robots":{"index":"index","follow":"follow","max-snippet":"max-snippet:-1","max-image-preview":"max-image-preview:large","max-video-preview":"max-video-preview:-1"},"canonical":"https:\/\/bescglobal.com\/es\/portafloor-max\/","og_locale":"es_ES","og_type":"article","og_title":"Portafloor Max - BESC Global","og_description":"Pisos pl\u00e1sticos para talleres. Los pisos de Portafloor est\u00e1n dise\u00f1ados para ofrecer resistencia y estabilidad para su uso en talleres, estadios y aplicaciones militares. Es decir, desde alfombras para plataformas de perforaci\u00f3n hasta carreteras temporales; desde refugios hasta cobertizos de talleres; desde estadios deportivos hasta bloques de instalaciones de mantenimiento, los pisos PORTAFLOOR soportan m\u00e1s [&hellip;]","og_url":"https:\/\/bescglobal.com\/es\/portafloor-max\/","og_site_name":"BESC Global","article_modified_time":"2024-02-20T20:42:51+00:00","og_image":[{"url":"https:\/\/bescglobal.com\/wp-content\/uploads\/2022\/09\/icon0123.png","type":"","width":"","height":""}],"twitter_card":"summary_large_image","twitter_misc":{"Tiempo de lectura":"2 minutos"},"schema":{"@context":"https:\/\/schema.org","@graph":[{"@type":"WebPage","@id":"https:\/\/bescglobal.com\/es\/portafloor-max\/","url":"https:\/\/bescglobal.com\/es\/portafloor-max\/","name":"Portafloor Max - BESC Global","isPartOf":{"@id":"https:\/\/bescglobal.com\/es\/#website"},"primaryImageOfPage":{"@id":"https:\/\/bescglobal.com\/es\/portafloor-max\/#primaryimage"},"image":{"@id":"https:\/\/bescglobal.com\/es\/portafloor-max\/#primaryimage"},"thumbnailUrl":"https:\/\/bescglobal.com\/wp-content\/uploads\/2022\/09\/icon0123.png","datePublished":"2022-07-26T21:21:55+00:00","dateModified":"2024-02-20T20:42:51+00:00","breadcrumb":{"@id":"https:\/\/bescglobal.com\/es\/portafloor-max\/#breadcrumb"},"inLanguage":"es","potentialAction":[{"@type":"ReadAction","target":["https:\/\/bescglobal.com\/es\/portafloor-max\/"]}]},{"@type":"ImageObject","inLanguage":"es","@id":"https:\/\/bescglobal.com\/es\/portafloor-max\/#primaryimage","url":"https:\/\/bescglobal.com\/wp-content\/uploads\/2022\/09\/icon0123.png","contentUrl":"https:\/\/bescglobal.com\/wp-content\/uploads\/2022\/09\/icon0123.png"},{"@type":"BreadcrumbList","@id":"https:\/\/bescglobal.com\/es\/portafloor-max\/#breadcrumb","itemListElement":[{"@type":"ListItem","position":1,"name":"Home","item":"https:\/\/bescglobal.com\/es\/"},{"@type":"ListItem","position":2,"name":"Portafloor Max"}]},{"@type":"WebSite","@id":"https:\/\/bescglobal.com\/es\/#website","url":"https:\/\/bescglobal.com\/es\/","name":"BESC Global","description":"","potentialAction":[{"@type":"SearchAction","target":{"@type":"EntryPoint","urlTemplate":"https:\/\/bescglobal.com\/es\/?s={search_term_string}"},"query-input":{"@type":"PropertyValueSpecification","valueRequired":true,"valueName":"search_term_string"}}],"inLanguage":"es"}]}},"_links":{"self":[{"href":"https:\/\/bescglobal.com\/es\/wp-json\/wp\/v2\/pages\/3246","targetHints":{"allow":["GET"]}}],"collection":[{"href":"https:\/\/bescglobal.com\/es\/wp-json\/wp\/v2\/pages"}],"about":[{"href":"https:\/\/bescglobal.com\/es\/wp-json\/wp\/v2\/types\/page"}],"author":[{"embeddable":true,"href":"https:\/\/bescglobal.com\/es\/wp-json\/wp\/v2\/users\/3"}],"replies":[{"embeddable":true,"href":"https:\/\/bescglobal.com\/es\/wp-json\/wp\/v2\/comments?post=3246"}],"version-history":[{"count":4,"href":"https:\/\/bescglobal.com\/es\/wp-json\/wp\/v2\/pages\/3246\/revisions"}],"predecessor-version":[{"id":3330,"href":"https:\/\/bescglobal.com\/es\/wp-json\/wp\/v2\/pages\/3246\/revisions\/3330"}],"wp:attachment":[{"href":"https:\/\/bescglobal.com\/es\/wp-json\/wp\/v2\/media?parent=3246"}],"curies":[{"name":"wp","href":"https:\/\/api.w.org\/{rel}","templated":true}]}}