{"id":3238,"date":"2022-07-26T18:21:44","date_gmt":"2022-07-26T21:21:44","guid":{"rendered":"https:\/\/bescglobal.com\/pitcrew\/"},"modified":"2024-02-20T17:01:49","modified_gmt":"2024-02-20T20:01:49","slug":"pitcrew","status":"publish","type":"page","link":"https:\/\/bescglobal.com\/es\/pitcrew\/","title":{"rendered":"Pitcrew"},"content":{"rendered":"\t\t<div data-elementor-type=\"wp-page\" data-elementor-id=\"3238\" class=\"elementor elementor-3238 elementor-999\" data-elementor-post-type=\"page\">\n\t\t\t\t\t\t<section class=\"elementor-section elementor-top-section elementor-element elementor-element-7b7c94f3 elementor-section-boxed elementor-section-height-default elementor-section-height-default\" data-id=\"7b7c94f3\" data-element_type=\"section\" data-e-type=\"section\" data-settings=\"{&quot;background_background&quot;:&quot;classic&quot;}\">\n\t\t\t\t\t\t\t<div class=\"elementor-background-overlay\"><\/div>\n\t\t\t\t\t\t\t<div class=\"elementor-container elementor-column-gap-default\">\n\t\t\t\t\t<div class=\"elementor-column elementor-col-100 elementor-top-column elementor-element elementor-element-7418ae3\" data-id=\"7418ae3\" data-element_type=\"column\" data-e-type=\"column\">\n\t\t\t<div class=\"elementor-widget-wrap elementor-element-populated\">\n\t\t\t\t\t\t<section class=\"elementor-section elementor-inner-section elementor-element elementor-element-742c83f elementor-section-boxed elementor-section-height-default elementor-section-height-default\" data-id=\"742c83f\" data-element_type=\"section\" data-e-type=\"section\">\n\t\t\t\t\t\t<div class=\"elementor-container elementor-column-gap-default\">\n\t\t\t\t\t<div class=\"elementor-column elementor-col-33 elementor-inner-column elementor-element elementor-element-44ca689e\" data-id=\"44ca689e\" data-element_type=\"column\" data-e-type=\"column\">\n\t\t\t<div class=\"elementor-widget-wrap\">\n\t\t\t\t\t\t\t<\/div>\n\t\t<\/div>\n\t\t\t\t<div class=\"elementor-column elementor-col-33 elementor-inner-column elementor-element elementor-element-4c5a15f1\" data-id=\"4c5a15f1\" data-element_type=\"column\" data-e-type=\"column\">\n\t\t\t<div class=\"elementor-widget-wrap\">\n\t\t\t\t\t\t\t<\/div>\n\t\t<\/div>\n\t\t\t\t<div class=\"elementor-column elementor-col-33 elementor-inner-column elementor-element elementor-element-73053676\" data-id=\"73053676\" data-element_type=\"column\" data-e-type=\"column\">\n\t\t\t<div class=\"elementor-widget-wrap\">\n\t\t\t\t\t\t\t<\/div>\n\t\t<\/div>\n\t\t\t\t\t<\/div>\n\t\t<\/section>\n\t\t\t\t\t<\/div>\n\t\t<\/div>\n\t\t\t\t\t<\/div>\n\t\t<\/section>\n\t\t\t\t<section class=\"elementor-section elementor-top-section elementor-element elementor-element-1f091d elementor-section-boxed elementor-section-height-default elementor-section-height-default\" data-id=\"1f091d\" data-element_type=\"section\" data-e-type=\"section\" data-settings=\"{&quot;background_background&quot;:&quot;classic&quot;}\">\n\t\t\t\t\t\t<div class=\"elementor-container elementor-column-gap-default\">\n\t\t\t\t\t<div class=\"elementor-column elementor-col-100 elementor-top-column elementor-element elementor-element-790a4b31\" data-id=\"790a4b31\" data-element_type=\"column\" data-e-type=\"column\">\n\t\t\t<div class=\"elementor-widget-wrap elementor-element-populated\">\n\t\t\t\t\t\t<section class=\"elementor-section elementor-inner-section elementor-element elementor-element-6657f6ae elementor-section-boxed elementor-section-height-default elementor-section-height-default\" data-id=\"6657f6ae\" data-element_type=\"section\" data-e-type=\"section\">\n\t\t\t\t\t\t<div class=\"elementor-container elementor-column-gap-default\">\n\t\t\t\t\t<div class=\"elementor-column elementor-col-50 elementor-inner-column elementor-element elementor-element-5f50cadb\" data-id=\"5f50cadb\" data-element_type=\"column\" data-e-type=\"column\">\n\t\t\t<div class=\"elementor-widget-wrap elementor-element-populated\">\n\t\t\t\t\t\t<div class=\"elementor-element elementor-element-23f6c28b elementor-widget elementor-widget-image\" data-id=\"23f6c28b\" data-element_type=\"widget\" data-e-type=\"widget\" data-widget_type=\"image.default\">\n\t\t\t\t\t\t\t\t\t\t\t\t\t\t\t<img decoding=\"async\" src=\"https:\/\/bescglobal.com\/wp-content\/uploads\/2023\/03\/logo_besc_baixa.png\" title=\"logo_besc_baixa\" alt=\"logo_besc_baixa\" loading=\"lazy\" \/>\t\t\t\t\t\t\t\t\t\t\t\t\t\t\t<\/div>\n\t\t\t\t<div class=\"elementor-element elementor-element-3172b3d1 elementor-widget elementor-widget-spacer\" data-id=\"3172b3d1\" data-element_type=\"widget\" data-e-type=\"widget\" data-widget_type=\"spacer.default\">\n\t\t\t\t\t\t\t<div class=\"elementor-spacer\">\n\t\t\t<div class=\"elementor-spacer-inner\"><\/div>\n\t\t<\/div>\n\t\t\t\t\t\t<\/div>\n\t\t\t\t<div class=\"elementor-element elementor-element-2fcde1ed elementor-widget elementor-widget-text-editor\" data-id=\"2fcde1ed\" data-element_type=\"widget\" data-e-type=\"widget\" data-widget_type=\"text-editor.default\">\n\t\t\t\t\t\t\t\t\t<p><strong>Empleando los recursos de la revolucionaria Industria 4.0, como la Internet industrial de las cosas (IIOT), los dispositivos y equipos desarrollados por Pitcrew automatizan la inspecci\u00f3n y el diagn\u00f3stico de neum\u00e1ticos OTR, un activo cr\u00edtico en minas de todo el mundo.<\/strong><\/p>\t\t\t\t\t\t\t\t<\/div>\n\t\t\t\t<div class=\"elementor-element elementor-element-4669ad24 elementor-widget elementor-widget-image\" data-id=\"4669ad24\" data-element_type=\"widget\" data-e-type=\"widget\" data-widget_type=\"image.default\">\n\t\t\t\t\t\t\t\t\t\t\t\t\t\t\t<img fetchpriority=\"high\" decoding=\"async\" width=\"800\" height=\"939\" src=\"https:\/\/bescglobal.com\/wp-content\/uploads\/2022\/09\/fotos_pit_2_Prancheta-1-e1662756120967-872x1024.png\" class=\"attachment-large size-large wp-image-3241\" alt=\"\" srcset=\"https:\/\/bescglobal.com\/wp-content\/uploads\/2022\/09\/fotos_pit_2_Prancheta-1-e1662756120967-872x1024.png 872w, https:\/\/bescglobal.com\/wp-content\/uploads\/2022\/09\/fotos_pit_2_Prancheta-1-e1662756120967-255x300.png 255w, https:\/\/bescglobal.com\/wp-content\/uploads\/2022\/09\/fotos_pit_2_Prancheta-1-e1662756120967-768x902.png 768w, https:\/\/bescglobal.com\/wp-content\/uploads\/2022\/09\/fotos_pit_2_Prancheta-1-e1662756120967-1308x1536.png 1308w, https:\/\/bescglobal.com\/wp-content\/uploads\/2022\/09\/fotos_pit_2_Prancheta-1-e1662756120967-1744x2048.png 1744w, https:\/\/bescglobal.com\/wp-content\/uploads\/2022\/09\/fotos_pit_2_Prancheta-1-e1662756120967.png 1859w\" sizes=\"(max-width: 800px) 100vw, 800px\" \/>\t\t\t\t\t\t\t\t\t\t\t\t\t\t\t<\/div>\n\t\t\t\t\t<\/div>\n\t\t<\/div>\n\t\t\t\t<div class=\"elementor-column elementor-col-50 elementor-inner-column elementor-element elementor-element-2590bc7d\" data-id=\"2590bc7d\" data-element_type=\"column\" data-e-type=\"column\">\n\t\t\t<div class=\"elementor-widget-wrap elementor-element-populated\">\n\t\t\t\t\t\t<div class=\"elementor-element elementor-element-3e7a2c5 elementor-widget elementor-widget-spacer\" data-id=\"3e7a2c5\" data-element_type=\"widget\" data-e-type=\"widget\" data-widget_type=\"spacer.default\">\n\t\t\t\t\t\t\t<div class=\"elementor-spacer\">\n\t\t\t<div class=\"elementor-spacer-inner\"><\/div>\n\t\t<\/div>\n\t\t\t\t\t\t<\/div>\n\t\t\t\t<div class=\"elementor-element elementor-element-2986a39 elementor-position-left elementor-vertical-align-middle elementor-widget elementor-widget-image-box\" data-id=\"2986a39\" data-element_type=\"widget\" data-e-type=\"widget\" data-widget_type=\"image-box.default\">\n\t\t\t\t\t<div class=\"elementor-image-box-wrapper\"><figure class=\"elementor-image-box-img\"><img decoding=\"async\" src=\"https:\/\/bescglobal.com\/wp-content\/uploads\/elementor\/thumbs\/Sem-titulo1231-2-q1teaozdxej0x4uakjk8zl60oa0f90zw7vf78n4iyo.png\" title=\"Sem-t\u00edtulo1231-2\" alt=\"Sem-t\u00edtulo1231-2\" loading=\"lazy\" \/><\/figure><div class=\"elementor-image-box-content\"><h3 class=\"elementor-image-box-title\">Diagn\u00f3stico automatizado de neum\u00e1ticos para veh\u00edculos todo terreno.<\/h3><\/div><\/div>\t\t\t\t<\/div>\n\t\t\t\t<div class=\"elementor-element elementor-element-1cafc180 elementor-widget elementor-widget-text-editor\" data-id=\"1cafc180\" data-element_type=\"widget\" data-e-type=\"widget\" data-widget_type=\"text-editor.default\">\n\t\t\t\t\t\t\t\t\t<p>Con un innovador sistema que utiliza la tecnolog\u00eda de imagen t\u00e9rmica e inteligencia artificial para cambiar la forma en que se inspeccionan los veh\u00edculos de transporte por carretera y miner\u00eda, los sistemas de Pitcrew utilizan un algoritmo de IA entrenado en una biblioteca de im\u00e1genes t\u00e9rmicas. De esta manera, el sistema puede detectar problemas en sus etapas iniciales, antes de que el equipo sea destruido o los veh\u00edculos provoquen accidentes fatales en la mina. Esto se debe a que, en neum\u00e1ticos OTR, incluso peque\u00f1os da\u00f1os, como un simple corte de roca, pueden resultar en una falla completa del neum\u00e1tico si no se detectan.<\/p><p>Adem\u00e1s, nuestra soluci\u00f3n es capaz de proporcionar datos en tiempo real para la toma de decisiones sobre la vida \u00fatil y las necesidades de mantenimiento de los neum\u00e1ticos, lo que solo es posible mediante el uso de sensores distribuidos y visi\u00f3n computarizada de \u00faltima generaci\u00f3n. M\u00e1s seguridad para la operaci\u00f3n y ahorro de recursos financieros.<\/p>\t\t\t\t\t\t\t\t<\/div>\n\t\t\t\t<div class=\"elementor-element elementor-element-73a91b50 elementor-button-success elementor-widget elementor-widget-button\" data-id=\"73a91b50\" data-element_type=\"widget\" data-e-type=\"widget\" data-widget_type=\"button.default\">\n\t\t\t\t\t\t\t\t\t\t<a class=\"elementor-button elementor-button-link elementor-size-md\" href=\"https:\/\/pitcrew.ai\/\">\n\t\t\t\t\t\t<span class=\"elementor-button-content-wrapper\">\n\t\t\t\t\t\t\t\t\t<span class=\"elementor-button-text\">Visite el sitio web de la marca y conozca m\u00e1s sobre esta innovadora soluci\u00f3n.<\/span>\n\t\t\t\t\t<\/span>\n\t\t\t\t\t<\/a>\n\t\t\t\t\t\t\t\t<\/div>\n\t\t\t\t\t<\/div>\n\t\t<\/div>\n\t\t\t\t\t<\/div>\n\t\t<\/section>\n\t\t\t\t\t<\/div>\n\t\t<\/div>\n\t\t\t\t\t<\/div>\n\t\t<\/section>\n\t\t\t\t<\/div>\n\t\t","protected":false},"excerpt":{"rendered":"<p>Empleando los recursos de la revolucionaria Industria 4.0, como la Internet industrial de las cosas (IIOT), los dispositivos y equipos desarrollados por Pitcrew automatizan la inspecci\u00f3n y el diagn\u00f3stico de neum\u00e1ticos OTR, un activo cr\u00edtico en minas de todo el mundo. Diagn\u00f3stico automatizado de neum\u00e1ticos para veh\u00edculos todo terreno. Con un innovador sistema que utiliza [&hellip;]<\/p>\n","protected":false},"author":3,"featured_media":0,"parent":0,"menu_order":0,"comment_status":"closed","ping_status":"closed","template":"","meta":{"footnotes":""},"class_list":["post-3238","page","type-page","status-publish","hentry"],"yoast_head":"<!-- This site is optimized with the Yoast SEO plugin v27.4 - https:\/\/yoast.com\/product\/yoast-seo-wordpress\/ -->\n<title>Pitcrew - BESC Global<\/title>\n<meta name=\"robots\" content=\"index, follow, max-snippet:-1, max-image-preview:large, max-video-preview:-1\" \/>\n<link rel=\"canonical\" href=\"https:\/\/bescglobal.com\/es\/pitcrew\/\" \/>\n<meta property=\"og:locale\" content=\"es_ES\" \/>\n<meta property=\"og:type\" content=\"article\" \/>\n<meta property=\"og:title\" content=\"Pitcrew - BESC Global\" \/>\n<meta property=\"og:description\" content=\"Empleando los recursos de la revolucionaria Industria 4.0, como la Internet industrial de las cosas (IIOT), los dispositivos y equipos desarrollados por Pitcrew automatizan la inspecci\u00f3n y el diagn\u00f3stico de neum\u00e1ticos OTR, un activo cr\u00edtico en minas de todo el mundo. Diagn\u00f3stico automatizado de neum\u00e1ticos para veh\u00edculos todo terreno. Con un innovador sistema que utiliza [&hellip;]\" \/>\n<meta property=\"og:url\" content=\"https:\/\/bescglobal.com\/es\/pitcrew\/\" \/>\n<meta property=\"og:site_name\" content=\"BESC Global\" \/>\n<meta property=\"article:modified_time\" content=\"2024-02-20T20:01:49+00:00\" \/>\n<meta property=\"og:image\" content=\"https:\/\/bescglobal.com\/wp-content\/uploads\/2023\/03\/logo_besc_baixa.png\" \/>\n<meta name=\"twitter:card\" content=\"summary_large_image\" \/>\n<meta name=\"twitter:label1\" content=\"Tiempo de lectura\" \/>\n\t<meta name=\"twitter:data1\" content=\"2 minutos\" \/>\n<script type=\"application\/ld+json\" class=\"yoast-schema-graph\">{\"@context\":\"https:\\\/\\\/schema.org\",\"@graph\":[{\"@type\":\"WebPage\",\"@id\":\"https:\\\/\\\/bescglobal.com\\\/es\\\/pitcrew\\\/\",\"url\":\"https:\\\/\\\/bescglobal.com\\\/es\\\/pitcrew\\\/\",\"name\":\"Pitcrew - BESC Global\",\"isPartOf\":{\"@id\":\"https:\\\/\\\/bescglobal.com\\\/es\\\/#website\"},\"primaryImageOfPage\":{\"@id\":\"https:\\\/\\\/bescglobal.com\\\/es\\\/pitcrew\\\/#primaryimage\"},\"image\":{\"@id\":\"https:\\\/\\\/bescglobal.com\\\/es\\\/pitcrew\\\/#primaryimage\"},\"thumbnailUrl\":\"https:\\\/\\\/bescglobal.com\\\/wp-content\\\/uploads\\\/2023\\\/03\\\/logo_besc_baixa.png\",\"datePublished\":\"2022-07-26T21:21:44+00:00\",\"dateModified\":\"2024-02-20T20:01:49+00:00\",\"breadcrumb\":{\"@id\":\"https:\\\/\\\/bescglobal.com\\\/es\\\/pitcrew\\\/#breadcrumb\"},\"inLanguage\":\"es\",\"potentialAction\":[{\"@type\":\"ReadAction\",\"target\":[\"https:\\\/\\\/bescglobal.com\\\/es\\\/pitcrew\\\/\"]}]},{\"@type\":\"ImageObject\",\"inLanguage\":\"es\",\"@id\":\"https:\\\/\\\/bescglobal.com\\\/es\\\/pitcrew\\\/#primaryimage\",\"url\":\"https:\\\/\\\/bescglobal.com\\\/wp-content\\\/uploads\\\/2023\\\/03\\\/logo_besc_baixa.png\",\"contentUrl\":\"https:\\\/\\\/bescglobal.com\\\/wp-content\\\/uploads\\\/2023\\\/03\\\/logo_besc_baixa.png\"},{\"@type\":\"BreadcrumbList\",\"@id\":\"https:\\\/\\\/bescglobal.com\\\/es\\\/pitcrew\\\/#breadcrumb\",\"itemListElement\":[{\"@type\":\"ListItem\",\"position\":1,\"name\":\"Home\",\"item\":\"https:\\\/\\\/bescglobal.com\\\/es\\\/\"},{\"@type\":\"ListItem\",\"position\":2,\"name\":\"Pitcrew\"}]},{\"@type\":\"WebSite\",\"@id\":\"https:\\\/\\\/bescglobal.com\\\/es\\\/#website\",\"url\":\"https:\\\/\\\/bescglobal.com\\\/es\\\/\",\"name\":\"BESC Global\",\"description\":\"\",\"potentialAction\":[{\"@type\":\"SearchAction\",\"target\":{\"@type\":\"EntryPoint\",\"urlTemplate\":\"https:\\\/\\\/bescglobal.com\\\/es\\\/?s={search_term_string}\"},\"query-input\":{\"@type\":\"PropertyValueSpecification\",\"valueRequired\":true,\"valueName\":\"search_term_string\"}}],\"inLanguage\":\"es\"}]}<\/script>\n<!-- \/ Yoast SEO plugin. -->","yoast_head_json":{"title":"Pitcrew - BESC Global","robots":{"index":"index","follow":"follow","max-snippet":"max-snippet:-1","max-image-preview":"max-image-preview:large","max-video-preview":"max-video-preview:-1"},"canonical":"https:\/\/bescglobal.com\/es\/pitcrew\/","og_locale":"es_ES","og_type":"article","og_title":"Pitcrew - BESC Global","og_description":"Empleando los recursos de la revolucionaria Industria 4.0, como la Internet industrial de las cosas (IIOT), los dispositivos y equipos desarrollados por Pitcrew automatizan la inspecci\u00f3n y el diagn\u00f3stico de neum\u00e1ticos OTR, un activo cr\u00edtico en minas de todo el mundo. Diagn\u00f3stico automatizado de neum\u00e1ticos para veh\u00edculos todo terreno. Con un innovador sistema que utiliza [&hellip;]","og_url":"https:\/\/bescglobal.com\/es\/pitcrew\/","og_site_name":"BESC Global","article_modified_time":"2024-02-20T20:01:49+00:00","og_image":[{"url":"https:\/\/bescglobal.com\/wp-content\/uploads\/2023\/03\/logo_besc_baixa.png","type":"","width":"","height":""}],"twitter_card":"summary_large_image","twitter_misc":{"Tiempo de lectura":"2 minutos"},"schema":{"@context":"https:\/\/schema.org","@graph":[{"@type":"WebPage","@id":"https:\/\/bescglobal.com\/es\/pitcrew\/","url":"https:\/\/bescglobal.com\/es\/pitcrew\/","name":"Pitcrew - BESC Global","isPartOf":{"@id":"https:\/\/bescglobal.com\/es\/#website"},"primaryImageOfPage":{"@id":"https:\/\/bescglobal.com\/es\/pitcrew\/#primaryimage"},"image":{"@id":"https:\/\/bescglobal.com\/es\/pitcrew\/#primaryimage"},"thumbnailUrl":"https:\/\/bescglobal.com\/wp-content\/uploads\/2023\/03\/logo_besc_baixa.png","datePublished":"2022-07-26T21:21:44+00:00","dateModified":"2024-02-20T20:01:49+00:00","breadcrumb":{"@id":"https:\/\/bescglobal.com\/es\/pitcrew\/#breadcrumb"},"inLanguage":"es","potentialAction":[{"@type":"ReadAction","target":["https:\/\/bescglobal.com\/es\/pitcrew\/"]}]},{"@type":"ImageObject","inLanguage":"es","@id":"https:\/\/bescglobal.com\/es\/pitcrew\/#primaryimage","url":"https:\/\/bescglobal.com\/wp-content\/uploads\/2023\/03\/logo_besc_baixa.png","contentUrl":"https:\/\/bescglobal.com\/wp-content\/uploads\/2023\/03\/logo_besc_baixa.png"},{"@type":"BreadcrumbList","@id":"https:\/\/bescglobal.com\/es\/pitcrew\/#breadcrumb","itemListElement":[{"@type":"ListItem","position":1,"name":"Home","item":"https:\/\/bescglobal.com\/es\/"},{"@type":"ListItem","position":2,"name":"Pitcrew"}]},{"@type":"WebSite","@id":"https:\/\/bescglobal.com\/es\/#website","url":"https:\/\/bescglobal.com\/es\/","name":"BESC Global","description":"","potentialAction":[{"@type":"SearchAction","target":{"@type":"EntryPoint","urlTemplate":"https:\/\/bescglobal.com\/es\/?s={search_term_string}"},"query-input":{"@type":"PropertyValueSpecification","valueRequired":true,"valueName":"search_term_string"}}],"inLanguage":"es"}]}},"_links":{"self":[{"href":"https:\/\/bescglobal.com\/es\/wp-json\/wp\/v2\/pages\/3238","targetHints":{"allow":["GET"]}}],"collection":[{"href":"https:\/\/bescglobal.com\/es\/wp-json\/wp\/v2\/pages"}],"about":[{"href":"https:\/\/bescglobal.com\/es\/wp-json\/wp\/v2\/types\/page"}],"author":[{"embeddable":true,"href":"https:\/\/bescglobal.com\/es\/wp-json\/wp\/v2\/users\/3"}],"replies":[{"embeddable":true,"href":"https:\/\/bescglobal.com\/es\/wp-json\/wp\/v2\/comments?post=3238"}],"version-history":[{"count":4,"href":"https:\/\/bescglobal.com\/es\/wp-json\/wp\/v2\/pages\/3238\/revisions"}],"predecessor-version":[{"id":3326,"href":"https:\/\/bescglobal.com\/es\/wp-json\/wp\/v2\/pages\/3238\/revisions\/3326"}],"wp:attachment":[{"href":"https:\/\/bescglobal.com\/es\/wp-json\/wp\/v2\/media?parent=3238"}],"curies":[{"name":"wp","href":"https:\/\/api.w.org\/{rel}","templated":true}]}}