{"id":3214,"date":"2022-07-26T18:21:20","date_gmt":"2022-07-26T21:21:20","guid":{"rendered":"https:\/\/bescglobal.com\/human-hoist\/"},"modified":"2024-02-20T16:57:25","modified_gmt":"2024-02-20T19:57:25","slug":"human-hoist","status":"publish","type":"page","link":"https:\/\/bescglobal.com\/es\/human-hoist\/","title":{"rendered":"Human Hoist"},"content":{"rendered":"\t\t<div data-elementor-type=\"wp-page\" data-elementor-id=\"3214\" class=\"elementor elementor-3214 elementor-998\" data-elementor-post-type=\"page\">\n\t\t\t\t\t\t<section class=\"elementor-section elementor-top-section elementor-element elementor-element-9cff2aa elementor-section-full_width elementor-section-height-default elementor-section-height-default\" data-id=\"9cff2aa\" data-element_type=\"section\" data-e-type=\"section\" data-settings=\"{&quot;background_background&quot;:&quot;classic&quot;}\">\n\t\t\t\t\t\t<div class=\"elementor-container elementor-column-gap-default\">\n\t\t\t\t\t<div class=\"elementor-column elementor-col-100 elementor-top-column elementor-element elementor-element-23fec5c\" data-id=\"23fec5c\" data-element_type=\"column\" data-e-type=\"column\">\n\t\t\t<div class=\"elementor-widget-wrap elementor-element-populated\">\n\t\t\t\t\t\t<div class=\"elementor-element elementor-element-44af63a elementor-widget elementor-widget-image\" data-id=\"44af63a\" data-element_type=\"widget\" data-e-type=\"widget\" data-widget_type=\"image.default\">\n\t\t\t\t\t\t\t\t\t\t\t\t\t\t\t<img fetchpriority=\"high\" decoding=\"async\" width=\"800\" height=\"258\" src=\"https:\/\/bescglobal.com\/wp-content\/uploads\/2022\/09\/Full-Length-Side-Cropped-7-1024x330.jpeg\" class=\"attachment-large size-large wp-image-3218\" alt=\"\" srcset=\"https:\/\/bescglobal.com\/wp-content\/uploads\/2022\/09\/Full-Length-Side-Cropped-7-1024x330.jpeg 1024w, https:\/\/bescglobal.com\/wp-content\/uploads\/2022\/09\/Full-Length-Side-Cropped-7-300x97.jpeg 300w, https:\/\/bescglobal.com\/wp-content\/uploads\/2022\/09\/Full-Length-Side-Cropped-7-768x248.jpeg 768w, https:\/\/bescglobal.com\/wp-content\/uploads\/2022\/09\/Full-Length-Side-Cropped-7.jpeg 1200w\" sizes=\"(max-width: 800px) 100vw, 800px\" \/>\t\t\t\t\t\t\t\t\t\t\t\t\t\t\t<\/div>\n\t\t\t\t\t<\/div>\n\t\t<\/div>\n\t\t\t\t\t<\/div>\n\t\t<\/section>\n\t\t\t\t<section class=\"elementor-section elementor-top-section elementor-element elementor-element-0b2b993 elementor-section-full_width elementor-section-height-default elementor-section-height-default\" data-id=\"0b2b993\" data-element_type=\"section\" data-e-type=\"section\">\n\t\t\t\t\t\t<div class=\"elementor-container elementor-column-gap-default\">\n\t\t\t\t\t<div class=\"elementor-column elementor-col-50 elementor-top-column elementor-element elementor-element-cd74aeb\" data-id=\"cd74aeb\" data-element_type=\"column\" data-e-type=\"column\" data-settings=\"{&quot;background_background&quot;:&quot;classic&quot;}\">\n\t\t\t<div class=\"elementor-widget-wrap elementor-element-populated\">\n\t\t\t\t\t\t<section class=\"elementor-section elementor-inner-section elementor-element elementor-element-8e7b38f elementor-section-boxed elementor-section-height-default elementor-section-height-default\" data-id=\"8e7b38f\" data-element_type=\"section\" data-e-type=\"section\" data-settings=\"{&quot;background_background&quot;:&quot;gradient&quot;}\">\n\t\t\t\t\t\t<div class=\"elementor-container elementor-column-gap-default\">\n\t\t\t\t\t<div class=\"elementor-column elementor-col-100 elementor-inner-column elementor-element elementor-element-1ad88cc\" data-id=\"1ad88cc\" data-element_type=\"column\" data-e-type=\"column\">\n\t\t\t<div class=\"elementor-widget-wrap elementor-element-populated\">\n\t\t\t\t\t\t<div class=\"elementor-element elementor-element-02df6dc elementor-widget elementor-widget-spacer\" data-id=\"02df6dc\" data-element_type=\"widget\" data-e-type=\"widget\" data-widget_type=\"spacer.default\">\n\t\t\t\t\t\t\t<div class=\"elementor-spacer\">\n\t\t\t<div class=\"elementor-spacer-inner\"><\/div>\n\t\t<\/div>\n\t\t\t\t\t\t<\/div>\n\t\t\t\t\t<\/div>\n\t\t<\/div>\n\t\t\t\t\t<\/div>\n\t\t<\/section>\n\t\t\t\t<section class=\"elementor-section elementor-inner-section elementor-element elementor-element-5cbb579 elementor-section-boxed elementor-section-height-default elementor-section-height-default\" data-id=\"5cbb579\" data-element_type=\"section\" data-e-type=\"section\">\n\t\t\t\t\t\t<div class=\"elementor-container elementor-column-gap-default\">\n\t\t\t\t\t<div class=\"elementor-column elementor-col-100 elementor-inner-column elementor-element elementor-element-3ad4e75\" data-id=\"3ad4e75\" data-element_type=\"column\" data-e-type=\"column\">\n\t\t\t<div class=\"elementor-widget-wrap elementor-element-populated\">\n\t\t\t\t\t\t<div class=\"elementor-element elementor-element-0f7378e elementor-widget elementor-widget-image\" data-id=\"0f7378e\" data-element_type=\"widget\" data-e-type=\"widget\" data-widget_type=\"image.default\">\n\t\t\t\t\t\t\t\t\t\t\t\t\t\t\t<img decoding=\"async\" width=\"300\" height=\"80\" src=\"https:\/\/bescglobal.com\/wp-content\/uploads\/2022\/07\/PPT-Logo-Final-10.50-NB-300x80-1.png\" class=\"attachment-large size-large wp-image-3135\" alt=\"\" \/>\t\t\t\t\t\t\t\t\t\t\t\t\t\t\t<\/div>\n\t\t\t\t<div class=\"elementor-element elementor-element-7e4feee elementor-widget elementor-widget-text-editor\" data-id=\"7e4feee\" data-element_type=\"widget\" data-e-type=\"widget\" data-widget_type=\"text-editor.default\">\n\t\t\t\t\t\t\t\t\t<p>Un producto audaz, nacido de una experiencia personal que tard\u00f3 casi dos d\u00e9cadas en hacerse realidad: Human Hoist, una innovadora silla motorizada para talleres. Dise\u00f1ada exclusivamente para levantar y apoyar el cuerpo humano para el trabajo, la silla Human Hoist se desliza sin esfuerzo de una posici\u00f3n a otra y se puede detener en cualquier posici\u00f3n de su recorrido, funcionando tanto como una silla, un banco ajustable o una cinta transportadora para autom\u00f3viles.<\/p>\t\t\t\t\t\t\t\t<\/div>\n\t\t\t\t\t<\/div>\n\t\t<\/div>\n\t\t\t\t\t<\/div>\n\t\t<\/section>\n\t\t\t\t<div class=\"elementor-element elementor-element-3bebd90 elementor-widget elementor-widget-image\" data-id=\"3bebd90\" data-element_type=\"widget\" data-e-type=\"widget\" data-widget_type=\"image.default\">\n\t\t\t\t\t\t\t\t\t\t\t\t\t\t\t<img decoding=\"async\" width=\"800\" height=\"453\" src=\"https:\/\/bescglobal.com\/wp-content\/uploads\/2022\/09\/backgrund01231-1024x580.jpg\" class=\"attachment-large size-large wp-image-3215\" alt=\"\" srcset=\"https:\/\/bescglobal.com\/wp-content\/uploads\/2022\/09\/backgrund01231-1024x580.jpg 1024w, https:\/\/bescglobal.com\/wp-content\/uploads\/2022\/09\/backgrund01231-300x170.jpg 300w, https:\/\/bescglobal.com\/wp-content\/uploads\/2022\/09\/backgrund01231-768x435.jpg 768w, https:\/\/bescglobal.com\/wp-content\/uploads\/2022\/09\/backgrund01231-1536x870.jpg 1536w, https:\/\/bescglobal.com\/wp-content\/uploads\/2022\/09\/backgrund01231.jpg 1920w\" sizes=\"(max-width: 800px) 100vw, 800px\" \/>\t\t\t\t\t\t\t\t\t\t\t\t\t\t\t<\/div>\n\t\t\t\t<section class=\"elementor-section elementor-inner-section elementor-element elementor-element-fec9f0a elementor-section-boxed elementor-section-height-default elementor-section-height-default\" data-id=\"fec9f0a\" data-element_type=\"section\" data-e-type=\"section\">\n\t\t\t\t\t\t<div class=\"elementor-container elementor-column-gap-default\">\n\t\t\t\t\t<div class=\"elementor-column elementor-col-100 elementor-inner-column elementor-element elementor-element-781509e\" data-id=\"781509e\" data-element_type=\"column\" data-e-type=\"column\">\n\t\t\t<div class=\"elementor-widget-wrap elementor-element-populated\">\n\t\t\t\t\t\t<div class=\"elementor-element elementor-element-c30ff60 elementor-widget elementor-widget-text-editor\" data-id=\"c30ff60\" data-element_type=\"widget\" data-e-type=\"widget\" data-widget_type=\"text-editor.default\">\n\t\t\t\t\t\t\t\t\t<p><strong>Hay nueve posiciones diferentes para el respaldo, adem\u00e1s de cinco posiciones diferentes para el reposacabezas, lo que garantiza un soporte total para los trabajadores, que pueden realizar sus tareas de manera m\u00e1s r\u00e1pida, eficiente y mucho m\u00e1s c\u00f3moda.<\/strong><\/p>\t\t\t\t\t\t\t\t<\/div>\n\t\t\t\t\t<\/div>\n\t\t<\/div>\n\t\t\t\t\t<\/div>\n\t\t<\/section>\n\t\t\t\t\t<\/div>\n\t\t<\/div>\n\t\t\t\t<div class=\"elementor-column elementor-col-50 elementor-top-column elementor-element elementor-element-126415d\" data-id=\"126415d\" data-element_type=\"column\" data-e-type=\"column\">\n\t\t\t<div class=\"elementor-widget-wrap elementor-element-populated\">\n\t\t\t\t\t\t<div class=\"elementor-element elementor-element-32a8af0 elementor-position-left elementor-vertical-align-middle elementor-widget elementor-widget-image-box\" data-id=\"32a8af0\" data-element_type=\"widget\" data-e-type=\"widget\" data-widget_type=\"image-box.default\">\n\t\t\t\t\t<div class=\"elementor-image-box-wrapper\"><figure class=\"elementor-image-box-img\"><img decoding=\"async\" src=\"https:\/\/bescglobal.com\/wp-content\/uploads\/elementor\/thumbs\/Sem-titulo1231-2-q1teaozdxej0x4uakjk8zl60oa0f90zw7vf78n4iyo.png\" title=\"Sem-t\u00edtulo1231-2\" alt=\"Sem-t\u00edtulo1231-2\" loading=\"lazy\" \/><\/figure><div class=\"elementor-image-box-content\"><p class=\"elementor-image-box-description\">Silla motorizada <br>para talleres.<\/p><\/div><\/div>\t\t\t\t<\/div>\n\t\t\t\t<div class=\"elementor-element elementor-element-7f37090 elementor-widget elementor-widget-image\" data-id=\"7f37090\" data-element_type=\"widget\" data-e-type=\"widget\" data-widget_type=\"image.default\">\n\t\t\t\t\t\t\t\t\t\t\t\t\t\t\t<img loading=\"lazy\" decoding=\"async\" width=\"504\" height=\"780\" src=\"https:\/\/bescglobal.com\/wp-content\/uploads\/2022\/09\/human-hoist-besc.png\" class=\"attachment-large size-large wp-image-3219\" alt=\"\" srcset=\"https:\/\/bescglobal.com\/wp-content\/uploads\/2022\/09\/human-hoist-besc.png 504w, https:\/\/bescglobal.com\/wp-content\/uploads\/2022\/09\/human-hoist-besc-194x300.png 194w\" sizes=\"(max-width: 504px) 100vw, 504px\" \/>\t\t\t\t\t\t\t\t\t\t\t\t\t\t\t<\/div>\n\t\t\t\t<div class=\"elementor-element elementor-element-da9994b elementor-position-left elementor-vertical-align-middle elementor-widget elementor-widget-image-box\" data-id=\"da9994b\" data-element_type=\"widget\" data-e-type=\"widget\" data-widget_type=\"image-box.default\">\n\t\t\t\t\t<div class=\"elementor-image-box-wrapper\"><figure class=\"elementor-image-box-img\"><img decoding=\"async\" src=\"https:\/\/bescglobal.com\/wp-content\/uploads\/elementor\/thumbs\/icon-q1teb9nu3rbc0k097si1ify5qr6hyd9zmprvsq9v5s.png\" title=\"icon\" alt=\"icon\" loading=\"lazy\" \/><\/figure><div class=\"elementor-image-box-content\"><p class=\"elementor-image-box-description\">El posicionamiento adecuado permite a los trabajadores un mayor rango de movimiento ergon\u00f3mico y proporciona las mejores l\u00edneas de visi\u00f3n para lograr un acabado de alta calidad con el m\u00ednimo esfuerzo f\u00edsico. Esto se debe a que Human Hoist elimina la flexi\u00f3n, inclinaci\u00f3n y arrastre durante el trabajo, evitando lesiones y potenciando la eficiencia del trabajador, adem\u00e1s de garantizar su salud y seguridad.<\/p><\/div><\/div>\t\t\t\t<\/div>\n\t\t\t\t<div class=\"elementor-element elementor-element-e5f2940 elementor-button-success elementor-widget elementor-widget-button\" data-id=\"e5f2940\" data-element_type=\"widget\" data-e-type=\"widget\" data-widget_type=\"button.default\">\n\t\t\t\t\t\t\t\t\t\t<a class=\"elementor-button elementor-button-link elementor-size-md\" href=\"https:\/\/personalpositioningtechnologies.com\/\">\n\t\t\t\t\t\t<span class=\"elementor-button-content-wrapper\">\n\t\t\t\t\t\t\t\t\t<span class=\"elementor-button-text\">Visite el sitio web de la marca y conozca m\u00e1s sobre esta soluci\u00f3n innovadora.<\/span>\n\t\t\t\t\t<\/span>\n\t\t\t\t\t<\/a>\n\t\t\t\t\t\t\t\t<\/div>\n\t\t\t\t\t<\/div>\n\t\t<\/div>\n\t\t\t\t\t<\/div>\n\t\t<\/section>\n\t\t\t\t<\/div>\n\t\t","protected":false},"excerpt":{"rendered":"<p>Un producto audaz, nacido de una experiencia personal que tard\u00f3 casi dos d\u00e9cadas en hacerse realidad: Human Hoist, una innovadora silla motorizada para talleres. Dise\u00f1ada exclusivamente para levantar y apoyar el cuerpo humano para el trabajo, la silla Human Hoist se desliza sin esfuerzo de una posici\u00f3n a otra y se puede detener en cualquier [&hellip;]<\/p>\n","protected":false},"author":3,"featured_media":0,"parent":0,"menu_order":0,"comment_status":"closed","ping_status":"closed","template":"","meta":{"footnotes":""},"class_list":["post-3214","page","type-page","status-publish","hentry"],"yoast_head":"<!-- This site is optimized with the Yoast SEO plugin v27.4 - https:\/\/yoast.com\/product\/yoast-seo-wordpress\/ -->\n<title>Human Hoist - BESC Global<\/title>\n<meta name=\"robots\" content=\"index, follow, max-snippet:-1, max-image-preview:large, max-video-preview:-1\" \/>\n<link rel=\"canonical\" href=\"https:\/\/bescglobal.com\/es\/human-hoist\/\" \/>\n<meta property=\"og:locale\" content=\"es_ES\" \/>\n<meta property=\"og:type\" content=\"article\" \/>\n<meta property=\"og:title\" content=\"Human Hoist - BESC Global\" \/>\n<meta property=\"og:description\" content=\"Un producto audaz, nacido de una experiencia personal que tard\u00f3 casi dos d\u00e9cadas en hacerse realidad: Human Hoist, una innovadora silla motorizada para talleres. Dise\u00f1ada exclusivamente para levantar y apoyar el cuerpo humano para el trabajo, la silla Human Hoist se desliza sin esfuerzo de una posici\u00f3n a otra y se puede detener en cualquier [&hellip;]\" \/>\n<meta property=\"og:url\" content=\"https:\/\/bescglobal.com\/es\/human-hoist\/\" \/>\n<meta property=\"og:site_name\" content=\"BESC Global\" \/>\n<meta property=\"article:modified_time\" content=\"2024-02-20T19:57:25+00:00\" \/>\n<meta property=\"og:image\" content=\"https:\/\/bescglobal.com\/wp-content\/uploads\/2022\/09\/Full-Length-Side-Cropped-7-1024x330.jpeg\" \/>\n<meta name=\"twitter:card\" content=\"summary_large_image\" \/>\n<meta name=\"twitter:label1\" content=\"Tiempo de lectura\" \/>\n\t<meta name=\"twitter:data1\" content=\"3 minutos\" \/>\n<script type=\"application\/ld+json\" class=\"yoast-schema-graph\">{\"@context\":\"https:\\\/\\\/schema.org\",\"@graph\":[{\"@type\":\"WebPage\",\"@id\":\"https:\\\/\\\/bescglobal.com\\\/es\\\/human-hoist\\\/\",\"url\":\"https:\\\/\\\/bescglobal.com\\\/es\\\/human-hoist\\\/\",\"name\":\"Human Hoist - BESC Global\",\"isPartOf\":{\"@id\":\"https:\\\/\\\/bescglobal.com\\\/es\\\/#website\"},\"primaryImageOfPage\":{\"@id\":\"https:\\\/\\\/bescglobal.com\\\/es\\\/human-hoist\\\/#primaryimage\"},\"image\":{\"@id\":\"https:\\\/\\\/bescglobal.com\\\/es\\\/human-hoist\\\/#primaryimage\"},\"thumbnailUrl\":\"https:\\\/\\\/bescglobal.com\\\/wp-content\\\/uploads\\\/2022\\\/09\\\/Full-Length-Side-Cropped-7-1024x330.jpeg\",\"datePublished\":\"2022-07-26T21:21:20+00:00\",\"dateModified\":\"2024-02-20T19:57:25+00:00\",\"breadcrumb\":{\"@id\":\"https:\\\/\\\/bescglobal.com\\\/es\\\/human-hoist\\\/#breadcrumb\"},\"inLanguage\":\"es\",\"potentialAction\":[{\"@type\":\"ReadAction\",\"target\":[\"https:\\\/\\\/bescglobal.com\\\/es\\\/human-hoist\\\/\"]}]},{\"@type\":\"ImageObject\",\"inLanguage\":\"es\",\"@id\":\"https:\\\/\\\/bescglobal.com\\\/es\\\/human-hoist\\\/#primaryimage\",\"url\":\"https:\\\/\\\/bescglobal.com\\\/wp-content\\\/uploads\\\/2022\\\/09\\\/Full-Length-Side-Cropped-7-1024x330.jpeg\",\"contentUrl\":\"https:\\\/\\\/bescglobal.com\\\/wp-content\\\/uploads\\\/2022\\\/09\\\/Full-Length-Side-Cropped-7-1024x330.jpeg\"},{\"@type\":\"BreadcrumbList\",\"@id\":\"https:\\\/\\\/bescglobal.com\\\/es\\\/human-hoist\\\/#breadcrumb\",\"itemListElement\":[{\"@type\":\"ListItem\",\"position\":1,\"name\":\"Home\",\"item\":\"https:\\\/\\\/bescglobal.com\\\/es\\\/\"},{\"@type\":\"ListItem\",\"position\":2,\"name\":\"Human Hoist\"}]},{\"@type\":\"WebSite\",\"@id\":\"https:\\\/\\\/bescglobal.com\\\/es\\\/#website\",\"url\":\"https:\\\/\\\/bescglobal.com\\\/es\\\/\",\"name\":\"BESC Global\",\"description\":\"\",\"potentialAction\":[{\"@type\":\"SearchAction\",\"target\":{\"@type\":\"EntryPoint\",\"urlTemplate\":\"https:\\\/\\\/bescglobal.com\\\/es\\\/?s={search_term_string}\"},\"query-input\":{\"@type\":\"PropertyValueSpecification\",\"valueRequired\":true,\"valueName\":\"search_term_string\"}}],\"inLanguage\":\"es\"}]}<\/script>\n<!-- \/ Yoast SEO plugin. -->","yoast_head_json":{"title":"Human Hoist - BESC Global","robots":{"index":"index","follow":"follow","max-snippet":"max-snippet:-1","max-image-preview":"max-image-preview:large","max-video-preview":"max-video-preview:-1"},"canonical":"https:\/\/bescglobal.com\/es\/human-hoist\/","og_locale":"es_ES","og_type":"article","og_title":"Human Hoist - BESC Global","og_description":"Un producto audaz, nacido de una experiencia personal que tard\u00f3 casi dos d\u00e9cadas en hacerse realidad: Human Hoist, una innovadora silla motorizada para talleres. Dise\u00f1ada exclusivamente para levantar y apoyar el cuerpo humano para el trabajo, la silla Human Hoist se desliza sin esfuerzo de una posici\u00f3n a otra y se puede detener en cualquier [&hellip;]","og_url":"https:\/\/bescglobal.com\/es\/human-hoist\/","og_site_name":"BESC Global","article_modified_time":"2024-02-20T19:57:25+00:00","og_image":[{"url":"https:\/\/bescglobal.com\/wp-content\/uploads\/2022\/09\/Full-Length-Side-Cropped-7-1024x330.jpeg","type":"","width":"","height":""}],"twitter_card":"summary_large_image","twitter_misc":{"Tiempo de lectura":"3 minutos"},"schema":{"@context":"https:\/\/schema.org","@graph":[{"@type":"WebPage","@id":"https:\/\/bescglobal.com\/es\/human-hoist\/","url":"https:\/\/bescglobal.com\/es\/human-hoist\/","name":"Human Hoist - BESC Global","isPartOf":{"@id":"https:\/\/bescglobal.com\/es\/#website"},"primaryImageOfPage":{"@id":"https:\/\/bescglobal.com\/es\/human-hoist\/#primaryimage"},"image":{"@id":"https:\/\/bescglobal.com\/es\/human-hoist\/#primaryimage"},"thumbnailUrl":"https:\/\/bescglobal.com\/wp-content\/uploads\/2022\/09\/Full-Length-Side-Cropped-7-1024x330.jpeg","datePublished":"2022-07-26T21:21:20+00:00","dateModified":"2024-02-20T19:57:25+00:00","breadcrumb":{"@id":"https:\/\/bescglobal.com\/es\/human-hoist\/#breadcrumb"},"inLanguage":"es","potentialAction":[{"@type":"ReadAction","target":["https:\/\/bescglobal.com\/es\/human-hoist\/"]}]},{"@type":"ImageObject","inLanguage":"es","@id":"https:\/\/bescglobal.com\/es\/human-hoist\/#primaryimage","url":"https:\/\/bescglobal.com\/wp-content\/uploads\/2022\/09\/Full-Length-Side-Cropped-7-1024x330.jpeg","contentUrl":"https:\/\/bescglobal.com\/wp-content\/uploads\/2022\/09\/Full-Length-Side-Cropped-7-1024x330.jpeg"},{"@type":"BreadcrumbList","@id":"https:\/\/bescglobal.com\/es\/human-hoist\/#breadcrumb","itemListElement":[{"@type":"ListItem","position":1,"name":"Home","item":"https:\/\/bescglobal.com\/es\/"},{"@type":"ListItem","position":2,"name":"Human Hoist"}]},{"@type":"WebSite","@id":"https:\/\/bescglobal.com\/es\/#website","url":"https:\/\/bescglobal.com\/es\/","name":"BESC Global","description":"","potentialAction":[{"@type":"SearchAction","target":{"@type":"EntryPoint","urlTemplate":"https:\/\/bescglobal.com\/es\/?s={search_term_string}"},"query-input":{"@type":"PropertyValueSpecification","valueRequired":true,"valueName":"search_term_string"}}],"inLanguage":"es"}]}},"_links":{"self":[{"href":"https:\/\/bescglobal.com\/es\/wp-json\/wp\/v2\/pages\/3214","targetHints":{"allow":["GET"]}}],"collection":[{"href":"https:\/\/bescglobal.com\/es\/wp-json\/wp\/v2\/pages"}],"about":[{"href":"https:\/\/bescglobal.com\/es\/wp-json\/wp\/v2\/types\/page"}],"author":[{"embeddable":true,"href":"https:\/\/bescglobal.com\/es\/wp-json\/wp\/v2\/users\/3"}],"replies":[{"embeddable":true,"href":"https:\/\/bescglobal.com\/es\/wp-json\/wp\/v2\/comments?post=3214"}],"version-history":[{"count":4,"href":"https:\/\/bescglobal.com\/es\/wp-json\/wp\/v2\/pages\/3214\/revisions"}],"predecessor-version":[{"id":3323,"href":"https:\/\/bescglobal.com\/es\/wp-json\/wp\/v2\/pages\/3214\/revisions\/3323"}],"wp:attachment":[{"href":"https:\/\/bescglobal.com\/es\/wp-json\/wp\/v2\/media?parent=3214"}],"curies":[{"name":"wp","href":"https:\/\/api.w.org\/{rel}","templated":true}]}}