{"id":3183,"date":"2022-07-26T18:21:54","date_gmt":"2022-07-26T21:21:54","guid":{"rendered":"https:\/\/bescglobal.com\/elite\/"},"modified":"2025-11-29T14:25:04","modified_gmt":"2025-11-29T17:25:04","slug":"ultraview","status":"publish","type":"page","link":"https:\/\/bescglobal.com\/es\/ultraview\/","title":{"rendered":"Ultraview"},"content":{"rendered":"\t\t<div data-elementor-type=\"wp-page\" data-elementor-id=\"3183\" class=\"elementor elementor-3183 elementor-1001\" data-elementor-post-type=\"page\">\n\t\t\t\t\t\t<section class=\"elementor-section elementor-top-section elementor-element elementor-element-a0a812d elementor-section-boxed elementor-section-height-default elementor-section-height-default\" data-id=\"a0a812d\" data-element_type=\"section\" data-e-type=\"section\" data-settings=\"{&quot;background_background&quot;:&quot;classic&quot;}\">\n\t\t\t\t\t\t\t<div class=\"elementor-background-overlay\"><\/div>\n\t\t\t\t\t\t\t<div class=\"elementor-container elementor-column-gap-default\">\n\t\t\t\t\t<div class=\"elementor-column elementor-col-100 elementor-top-column elementor-element elementor-element-343035a\" data-id=\"343035a\" data-element_type=\"column\" data-e-type=\"column\">\n\t\t\t<div class=\"elementor-widget-wrap elementor-element-populated\">\n\t\t\t\t\t\t<section class=\"elementor-section elementor-inner-section elementor-element elementor-element-4e84200 elementor-section-boxed elementor-section-height-default elementor-section-height-default\" data-id=\"4e84200\" data-element_type=\"section\" data-e-type=\"section\">\n\t\t\t\t\t\t<div class=\"elementor-container elementor-column-gap-default\">\n\t\t\t\t\t<div class=\"elementor-column elementor-col-33 elementor-inner-column elementor-element elementor-element-d6189d2\" data-id=\"d6189d2\" data-element_type=\"column\" data-e-type=\"column\">\n\t\t\t<div class=\"elementor-widget-wrap\">\n\t\t\t\t\t\t\t<\/div>\n\t\t<\/div>\n\t\t\t\t<div class=\"elementor-column elementor-col-33 elementor-inner-column elementor-element elementor-element-b71a61d\" data-id=\"b71a61d\" data-element_type=\"column\" data-e-type=\"column\">\n\t\t\t<div class=\"elementor-widget-wrap\">\n\t\t\t\t\t\t\t<\/div>\n\t\t<\/div>\n\t\t\t\t<div class=\"elementor-column elementor-col-33 elementor-inner-column elementor-element elementor-element-c565aec\" data-id=\"c565aec\" data-element_type=\"column\" data-e-type=\"column\">\n\t\t\t<div class=\"elementor-widget-wrap\">\n\t\t\t\t\t\t\t<\/div>\n\t\t<\/div>\n\t\t\t\t\t<\/div>\n\t\t<\/section>\n\t\t\t\t\t<\/div>\n\t\t<\/div>\n\t\t\t\t\t<\/div>\n\t\t<\/section>\n\t\t\t\t<section class=\"elementor-section elementor-top-section elementor-element elementor-element-7dd82dd elementor-section-boxed elementor-section-height-default elementor-section-height-default\" data-id=\"7dd82dd\" data-element_type=\"section\" data-e-type=\"section\" data-settings=\"{&quot;background_background&quot;:&quot;classic&quot;}\">\n\t\t\t\t\t\t<div class=\"elementor-container elementor-column-gap-default\">\n\t\t\t\t\t<div class=\"elementor-column elementor-col-100 elementor-top-column elementor-element elementor-element-4ffc419\" data-id=\"4ffc419\" data-element_type=\"column\" data-e-type=\"column\">\n\t\t\t<div class=\"elementor-widget-wrap elementor-element-populated\">\n\t\t\t\t\t\t<section class=\"elementor-section elementor-inner-section elementor-element elementor-element-9992ff7 elementor-section-boxed elementor-section-height-default elementor-section-height-default\" data-id=\"9992ff7\" data-element_type=\"section\" data-e-type=\"section\">\n\t\t\t\t\t\t<div class=\"elementor-container elementor-column-gap-default\">\n\t\t\t\t\t<div class=\"elementor-column elementor-col-50 elementor-inner-column elementor-element elementor-element-e3d4070\" data-id=\"e3d4070\" data-element_type=\"column\" data-e-type=\"column\">\n\t\t\t<div class=\"elementor-widget-wrap elementor-element-populated\">\n\t\t\t\t\t\t<div class=\"elementor-element elementor-element-17aa34e elementor-widget elementor-widget-image\" data-id=\"17aa34e\" data-element_type=\"widget\" data-e-type=\"widget\" data-widget_type=\"image.default\">\n\t\t\t\t\t\t\t\t\t\t\t\t\t\t\t<img fetchpriority=\"high\" decoding=\"async\" width=\"800\" height=\"184\" src=\"https:\/\/bescglobal.com\/wp-content\/uploads\/2025\/11\/UltraView_On-Dark-1024x236.png\" class=\"attachment-large size-large wp-image-4181\" alt=\"\" srcset=\"https:\/\/bescglobal.com\/wp-content\/uploads\/2025\/11\/UltraView_On-Dark-1024x236.png 1024w, https:\/\/bescglobal.com\/wp-content\/uploads\/2025\/11\/UltraView_On-Dark-300x69.png 300w, https:\/\/bescglobal.com\/wp-content\/uploads\/2025\/11\/UltraView_On-Dark-768x177.png 768w, https:\/\/bescglobal.com\/wp-content\/uploads\/2025\/11\/UltraView_On-Dark-1536x354.png 1536w, https:\/\/bescglobal.com\/wp-content\/uploads\/2025\/11\/UltraView_On-Dark-2048x472.png 2048w\" sizes=\"(max-width: 800px) 100vw, 800px\" \/>\t\t\t\t\t\t\t\t\t\t\t\t\t\t\t<\/div>\n\t\t\t\t<div class=\"elementor-element elementor-element-9cfb279 elementor-widget elementor-widget-spacer\" data-id=\"9cfb279\" data-element_type=\"widget\" data-e-type=\"widget\" data-widget_type=\"spacer.default\">\n\t\t\t\t\t\t\t<div class=\"elementor-spacer\">\n\t\t\t<div class=\"elementor-spacer-inner\"><\/div>\n\t\t<\/div>\n\t\t\t\t\t\t<\/div>\n\t\t\t\t<div class=\"elementor-element elementor-element-ec7a302 elementor-widget elementor-widget-text-editor\" data-id=\"ec7a302\" data-element_type=\"widget\" data-e-type=\"widget\" data-widget_type=\"text-editor.default\">\n\t\t\t\t\t\t\t\t\t<p><strong>El espejo retrovisor es un elemento esencial para todos los veh\u00edculos, especialmente para camiones de carga pesada. Despu\u00e9s de todo, imagine conducir un veh\u00edculo pesado, con hasta 30 metros de longitud, y poder mantener un campo de visi\u00f3n satisfactorio y seguro.<\/strong><\/p><p>No es una tarea f\u00e1cil, \u00bfverdad? Tomando en cuenta que, en este segmento, el 65% de los operadores afirman que muchas veces tienen que lidiar con el espejo fuera de posici\u00f3n debido a la falta de disponibilidad del equipo de mantenimiento en el campo<\/p>\t\t\t\t\t\t\t\t<\/div>\n\t\t\t\t<div class=\"elementor-element elementor-element-30a5355 elementor-widget elementor-widget-image\" data-id=\"30a5355\" data-element_type=\"widget\" data-e-type=\"widget\" data-widget_type=\"image.default\">\n\t\t\t\t\t\t\t\t\t\t\t\t\t\t\t<img decoding=\"async\" width=\"800\" height=\"787\" src=\"https:\/\/bescglobal.com\/wp-content\/uploads\/2022\/09\/Sem-131titulo-1.png\" class=\"attachment-large size-large wp-image-3186\" alt=\"\" srcset=\"https:\/\/bescglobal.com\/wp-content\/uploads\/2022\/09\/Sem-131titulo-1.png 1000w, https:\/\/bescglobal.com\/wp-content\/uploads\/2022\/09\/Sem-131titulo-1-300x295.png 300w, https:\/\/bescglobal.com\/wp-content\/uploads\/2022\/09\/Sem-131titulo-1-768x756.png 768w\" sizes=\"(max-width: 800px) 100vw, 800px\" \/>\t\t\t\t\t\t\t\t\t\t\t\t\t\t\t<\/div>\n\t\t\t\t\t<\/div>\n\t\t<\/div>\n\t\t\t\t<div class=\"elementor-column elementor-col-50 elementor-inner-column elementor-element elementor-element-12ca0f4\" data-id=\"12ca0f4\" data-element_type=\"column\" data-e-type=\"column\">\n\t\t\t<div class=\"elementor-widget-wrap elementor-element-populated\">\n\t\t\t\t\t\t<div class=\"elementor-element elementor-element-d0fab24 elementor-position-left elementor-vertical-align-middle elementor-widget elementor-widget-image-box\" data-id=\"d0fab24\" data-element_type=\"widget\" data-e-type=\"widget\" data-widget_type=\"image-box.default\">\n\t\t\t\t\t<div class=\"elementor-image-box-wrapper\"><figure class=\"elementor-image-box-img\"><img decoding=\"async\" src=\"https:\/\/bescglobal.com\/wp-content\/uploads\/elementor\/thumbs\/Sem-titulo1231-2-q1teaozdxej0x4uakjk8zl60oa0f90zw7vf78n4iyo.png\" title=\"Sem-t\u00edtulo1231-2\" alt=\"Sem-t\u00edtulo1231-2\" loading=\"lazy\" \/><\/figure><div class=\"elementor-image-box-content\"><h3 class=\"elementor-image-box-title\">Espejos retrovisores el\u00e9ctricos para camiones off road.<\/h3><\/div><\/div>\t\t\t\t<\/div>\n\t\t\t\t<div class=\"elementor-element elementor-element-aaa7379 elementor-widget elementor-widget-text-editor\" data-id=\"aaa7379\" data-element_type=\"widget\" data-e-type=\"widget\" data-widget_type=\"text-editor.default\">\n\t\t\t\t\t\t\t\t\t<p>Y es precisamente en estos casos donde muchas veces los operadores terminan movi\u00e9ndose, torpemente, en sus asientos, causando no solo dolores y tensiones sino tambi\u00e9n una conducta de riesgo.<\/p><p>En este escenario, Ultraview, fundada en 2010, se ha convertido en un importante proveedor de equipos e insumos para la industria minera. Entre los productos desarrollados y producidos por esta importante empresa australiana, se destaca la l\u00ednea de espejos retrovisores el\u00e9ctricos para veh\u00edculos pesados. El dispositivo permite que los conductores operen los camiones con una visi\u00f3n ideal y una incomodidad m\u00ednima. Esto se debe a que permite que el operador ajuste el retrovisor desde el interior de la cabina, utilizando un controlador y eliminando as\u00ed los peligros y el tiempo de inactividad asociados con la tarea.<\/p><p><strong>Adem\u00e1s, el controlador electr\u00f3nico es compacto, resistente, cuenta con calefacci\u00f3n (opcional) y es adaptable a cualquier marca o tama\u00f1o de cami\u00f3n, pudiendo atornillarse y\/o desatornillarse en solo unos minutos.<\/strong><\/p>\t\t\t\t\t\t\t\t<\/div>\n\t\t\t\t<div class=\"elementor-element elementor-element-62e6671 elementor-button-success elementor-align-center elementor-widget elementor-widget-button\" data-id=\"62e6671\" data-element_type=\"widget\" data-e-type=\"widget\" data-widget_type=\"button.default\">\n\t\t\t\t\t\t\t\t\t\t<a class=\"elementor-button elementor-button-link elementor-size-md\" href=\"https:\/\/ultraview.solutions\/\">\n\t\t\t\t\t\t<span class=\"elementor-button-content-wrapper\">\n\t\t\t\t\t\t\t\t\t<span class=\"elementor-button-text\">Visite al sitio web de la marca y obtenga m\u00e1s informaci\u00f3n.<\/span>\n\t\t\t\t\t<\/span>\n\t\t\t\t\t<\/a>\n\t\t\t\t\t\t\t\t<\/div>\n\t\t\t\t\t<\/div>\n\t\t<\/div>\n\t\t\t\t\t<\/div>\n\t\t<\/section>\n\t\t\t\t\t<\/div>\n\t\t<\/div>\n\t\t\t\t\t<\/div>\n\t\t<\/section>\n\t\t\t\t<\/div>\n\t\t","protected":false},"excerpt":{"rendered":"<p>El espejo retrovisor es un elemento esencial para todos los veh\u00edculos, especialmente para camiones de carga pesada. Despu\u00e9s de todo, imagine conducir un veh\u00edculo pesado, con hasta 30 metros de longitud, y poder mantener un campo de visi\u00f3n satisfactorio y seguro. No es una tarea f\u00e1cil, \u00bfverdad? Tomando en cuenta que, en este segmento, el [&hellip;]<\/p>\n","protected":false},"author":3,"featured_media":0,"parent":0,"menu_order":0,"comment_status":"closed","ping_status":"closed","template":"","meta":{"footnotes":""},"class_list":["post-3183","page","type-page","status-publish","hentry"],"yoast_head":"<!-- This site is optimized with the Yoast SEO plugin v27.5 - https:\/\/yoast.com\/product\/yoast-seo-wordpress\/ -->\n<title>Ultraview - BESC Global<\/title>\n<meta name=\"robots\" content=\"index, follow, max-snippet:-1, max-image-preview:large, max-video-preview:-1\" \/>\n<link rel=\"canonical\" href=\"https:\/\/bescglobal.com\/es\/ultraview\/\" \/>\n<meta property=\"og:locale\" content=\"es_ES\" \/>\n<meta property=\"og:type\" content=\"article\" \/>\n<meta property=\"og:title\" content=\"Ultraview - BESC Global\" \/>\n<meta property=\"og:description\" content=\"El espejo retrovisor es un elemento esencial para todos los veh\u00edculos, especialmente para camiones de carga pesada. Despu\u00e9s de todo, imagine conducir un veh\u00edculo pesado, con hasta 30 metros de longitud, y poder mantener un campo de visi\u00f3n satisfactorio y seguro. No es una tarea f\u00e1cil, \u00bfverdad? Tomando en cuenta que, en este segmento, el [&hellip;]\" \/>\n<meta property=\"og:url\" content=\"https:\/\/bescglobal.com\/es\/ultraview\/\" \/>\n<meta property=\"og:site_name\" content=\"BESC Global\" \/>\n<meta property=\"article:modified_time\" content=\"2025-11-29T17:25:04+00:00\" \/>\n<meta property=\"og:image\" content=\"https:\/\/bescglobal.com\/wp-content\/uploads\/2025\/11\/UltraView_On-Dark-scaled.png\" \/>\n\t<meta property=\"og:image:width\" content=\"2560\" \/>\n\t<meta property=\"og:image:height\" content=\"590\" \/>\n\t<meta property=\"og:image:type\" content=\"image\/png\" \/>\n<meta name=\"twitter:card\" content=\"summary_large_image\" \/>\n<meta name=\"twitter:label1\" content=\"Tiempo de lectura\" \/>\n\t<meta name=\"twitter:data1\" content=\"2 minutos\" \/>\n<script type=\"application\/ld+json\" class=\"yoast-schema-graph\">{\"@context\":\"https:\\\/\\\/schema.org\",\"@graph\":[{\"@type\":\"WebPage\",\"@id\":\"https:\\\/\\\/bescglobal.com\\\/es\\\/ultraview\\\/\",\"url\":\"https:\\\/\\\/bescglobal.com\\\/es\\\/ultraview\\\/\",\"name\":\"Ultraview - BESC Global\",\"isPartOf\":{\"@id\":\"https:\\\/\\\/bescglobal.com\\\/es\\\/#website\"},\"primaryImageOfPage\":{\"@id\":\"https:\\\/\\\/bescglobal.com\\\/es\\\/ultraview\\\/#primaryimage\"},\"image\":{\"@id\":\"https:\\\/\\\/bescglobal.com\\\/es\\\/ultraview\\\/#primaryimage\"},\"thumbnailUrl\":\"https:\\\/\\\/bescglobal.com\\\/wp-content\\\/uploads\\\/2025\\\/11\\\/UltraView_On-Dark-1024x236.png\",\"datePublished\":\"2022-07-26T21:21:54+00:00\",\"dateModified\":\"2025-11-29T17:25:04+00:00\",\"breadcrumb\":{\"@id\":\"https:\\\/\\\/bescglobal.com\\\/es\\\/ultraview\\\/#breadcrumb\"},\"inLanguage\":\"es\",\"potentialAction\":[{\"@type\":\"ReadAction\",\"target\":[\"https:\\\/\\\/bescglobal.com\\\/es\\\/ultraview\\\/\"]}]},{\"@type\":\"ImageObject\",\"inLanguage\":\"es\",\"@id\":\"https:\\\/\\\/bescglobal.com\\\/es\\\/ultraview\\\/#primaryimage\",\"url\":\"https:\\\/\\\/bescglobal.com\\\/wp-content\\\/uploads\\\/2025\\\/11\\\/UltraView_On-Dark-1024x236.png\",\"contentUrl\":\"https:\\\/\\\/bescglobal.com\\\/wp-content\\\/uploads\\\/2025\\\/11\\\/UltraView_On-Dark-1024x236.png\"},{\"@type\":\"BreadcrumbList\",\"@id\":\"https:\\\/\\\/bescglobal.com\\\/es\\\/ultraview\\\/#breadcrumb\",\"itemListElement\":[{\"@type\":\"ListItem\",\"position\":1,\"name\":\"Home\",\"item\":\"https:\\\/\\\/bescglobal.com\\\/es\\\/\"},{\"@type\":\"ListItem\",\"position\":2,\"name\":\"Ultraview\"}]},{\"@type\":\"WebSite\",\"@id\":\"https:\\\/\\\/bescglobal.com\\\/es\\\/#website\",\"url\":\"https:\\\/\\\/bescglobal.com\\\/es\\\/\",\"name\":\"BESC Global\",\"description\":\"\",\"potentialAction\":[{\"@type\":\"SearchAction\",\"target\":{\"@type\":\"EntryPoint\",\"urlTemplate\":\"https:\\\/\\\/bescglobal.com\\\/es\\\/?s={search_term_string}\"},\"query-input\":{\"@type\":\"PropertyValueSpecification\",\"valueRequired\":true,\"valueName\":\"search_term_string\"}}],\"inLanguage\":\"es\"}]}<\/script>\n<!-- \/ Yoast SEO plugin. -->","yoast_head_json":{"title":"Ultraview - BESC Global","robots":{"index":"index","follow":"follow","max-snippet":"max-snippet:-1","max-image-preview":"max-image-preview:large","max-video-preview":"max-video-preview:-1"},"canonical":"https:\/\/bescglobal.com\/es\/ultraview\/","og_locale":"es_ES","og_type":"article","og_title":"Ultraview - BESC Global","og_description":"El espejo retrovisor es un elemento esencial para todos los veh\u00edculos, especialmente para camiones de carga pesada. Despu\u00e9s de todo, imagine conducir un veh\u00edculo pesado, con hasta 30 metros de longitud, y poder mantener un campo de visi\u00f3n satisfactorio y seguro. No es una tarea f\u00e1cil, \u00bfverdad? Tomando en cuenta que, en este segmento, el [&hellip;]","og_url":"https:\/\/bescglobal.com\/es\/ultraview\/","og_site_name":"BESC Global","article_modified_time":"2025-11-29T17:25:04+00:00","og_image":[{"width":2560,"height":590,"url":"https:\/\/bescglobal.com\/wp-content\/uploads\/2025\/11\/UltraView_On-Dark-scaled.png","type":"image\/png"}],"twitter_card":"summary_large_image","twitter_misc":{"Tiempo de lectura":"2 minutos"},"schema":{"@context":"https:\/\/schema.org","@graph":[{"@type":"WebPage","@id":"https:\/\/bescglobal.com\/es\/ultraview\/","url":"https:\/\/bescglobal.com\/es\/ultraview\/","name":"Ultraview - BESC Global","isPartOf":{"@id":"https:\/\/bescglobal.com\/es\/#website"},"primaryImageOfPage":{"@id":"https:\/\/bescglobal.com\/es\/ultraview\/#primaryimage"},"image":{"@id":"https:\/\/bescglobal.com\/es\/ultraview\/#primaryimage"},"thumbnailUrl":"https:\/\/bescglobal.com\/wp-content\/uploads\/2025\/11\/UltraView_On-Dark-1024x236.png","datePublished":"2022-07-26T21:21:54+00:00","dateModified":"2025-11-29T17:25:04+00:00","breadcrumb":{"@id":"https:\/\/bescglobal.com\/es\/ultraview\/#breadcrumb"},"inLanguage":"es","potentialAction":[{"@type":"ReadAction","target":["https:\/\/bescglobal.com\/es\/ultraview\/"]}]},{"@type":"ImageObject","inLanguage":"es","@id":"https:\/\/bescglobal.com\/es\/ultraview\/#primaryimage","url":"https:\/\/bescglobal.com\/wp-content\/uploads\/2025\/11\/UltraView_On-Dark-1024x236.png","contentUrl":"https:\/\/bescglobal.com\/wp-content\/uploads\/2025\/11\/UltraView_On-Dark-1024x236.png"},{"@type":"BreadcrumbList","@id":"https:\/\/bescglobal.com\/es\/ultraview\/#breadcrumb","itemListElement":[{"@type":"ListItem","position":1,"name":"Home","item":"https:\/\/bescglobal.com\/es\/"},{"@type":"ListItem","position":2,"name":"Ultraview"}]},{"@type":"WebSite","@id":"https:\/\/bescglobal.com\/es\/#website","url":"https:\/\/bescglobal.com\/es\/","name":"BESC Global","description":"","potentialAction":[{"@type":"SearchAction","target":{"@type":"EntryPoint","urlTemplate":"https:\/\/bescglobal.com\/es\/?s={search_term_string}"},"query-input":{"@type":"PropertyValueSpecification","valueRequired":true,"valueName":"search_term_string"}}],"inLanguage":"es"}]}},"_links":{"self":[{"href":"https:\/\/bescglobal.com\/es\/wp-json\/wp\/v2\/pages\/3183","targetHints":{"allow":["GET"]}}],"collection":[{"href":"https:\/\/bescglobal.com\/es\/wp-json\/wp\/v2\/pages"}],"about":[{"href":"https:\/\/bescglobal.com\/es\/wp-json\/wp\/v2\/types\/page"}],"author":[{"embeddable":true,"href":"https:\/\/bescglobal.com\/es\/wp-json\/wp\/v2\/users\/3"}],"replies":[{"embeddable":true,"href":"https:\/\/bescglobal.com\/es\/wp-json\/wp\/v2\/comments?post=3183"}],"version-history":[{"count":11,"href":"https:\/\/bescglobal.com\/es\/wp-json\/wp\/v2\/pages\/3183\/revisions"}],"predecessor-version":[{"id":4215,"href":"https:\/\/bescglobal.com\/es\/wp-json\/wp\/v2\/pages\/3183\/revisions\/4215"}],"wp:attachment":[{"href":"https:\/\/bescglobal.com\/es\/wp-json\/wp\/v2\/media?parent=3183"}],"curies":[{"name":"wp","href":"https:\/\/api.w.org\/{rel}","templated":true}]}}