{"id":63,"date":"2022-06-28T10:03:56","date_gmt":"2022-06-28T13:03:56","guid":{"rendered":"https:\/\/bescglobal.com\/?page_id=63"},"modified":"2022-07-15T10:22:58","modified_gmt":"2022-07-15T13:22:58","slug":"aguarde-em-breve-novo-site","status":"publish","type":"page","link":"https:\/\/bescglobal.com\/en\/aguarde-em-breve-novo-site\/","title":{"rendered":"Aguarde em breve novo site"},"content":{"rendered":"\t\t<div data-elementor-type=\"wp-page\" data-elementor-id=\"63\" class=\"elementor elementor-63 elementor-25\" data-elementor-post-type=\"page\">\n\t\t\t\t\t\t<section class=\"elementor-section elementor-top-section elementor-element elementor-element-2d738c3 elementor-section-boxed elementor-section-height-default elementor-section-height-default\" data-id=\"2d738c3\" data-element_type=\"section\" data-e-type=\"section\">\n\t\t\t\t\t\t<div class=\"elementor-container elementor-column-gap-default\">\n\t\t\t\t\t<div class=\"elementor-column elementor-col-100 elementor-top-column elementor-element elementor-element-27ed349\" data-id=\"27ed349\" data-element_type=\"column\" data-e-type=\"column\">\n\t\t\t<div class=\"elementor-widget-wrap\">\n\t\t\t\t\t\t\t<\/div>\n\t\t<\/div>\n\t\t\t\t\t<\/div>\n\t\t<\/section>\n\t\t\t\t<section class=\"elementor-section elementor-top-section elementor-element elementor-element-4ea4ac0 elementor-section-boxed elementor-section-height-default elementor-section-height-default\" data-id=\"4ea4ac0\" data-element_type=\"section\" data-e-type=\"section\">\n\t\t\t\t\t\t<div class=\"elementor-container elementor-column-gap-default\">\n\t\t\t\t\t<div class=\"elementor-column elementor-col-100 elementor-top-column elementor-element elementor-element-e0db717\" data-id=\"e0db717\" data-element_type=\"column\" data-e-type=\"column\">\n\t\t\t<div class=\"elementor-widget-wrap\">\n\t\t\t\t\t\t\t<\/div>\n\t\t<\/div>\n\t\t\t\t\t<\/div>\n\t\t<\/section>\n\t\t\t\t<section class=\"elementor-section elementor-top-section elementor-element elementor-element-22cb1185 elementor-section-full_width elementor-section-height-min-height elementor-section-items-stretch elementor-section-content-space-around elementor-hidden-tablet elementor-hidden-mobile elementor-section-height-default\" data-id=\"22cb1185\" data-element_type=\"section\" data-e-type=\"section\" data-settings=\"{&quot;background_background&quot;:&quot;classic&quot;}\">\n\t\t\t\t\t\t\t<div class=\"elementor-background-overlay\"><\/div>\n\t\t\t\t\t\t\t<div class=\"elementor-container elementor-column-gap-no\">\n\t\t\t\t\t<div class=\"elementor-column elementor-col-100 elementor-top-column elementor-element elementor-element-24164db7\" data-id=\"24164db7\" data-element_type=\"column\" data-e-type=\"column\">\n\t\t\t<div class=\"elementor-widget-wrap elementor-element-populated\">\n\t\t\t\t\t\t<section class=\"elementor-section elementor-inner-section elementor-element elementor-element-762e39a9 elementor-section-full_width elementor-section-height-default elementor-section-height-default\" data-id=\"762e39a9\" data-element_type=\"section\" data-e-type=\"section\">\n\t\t\t\t\t\t<div class=\"elementor-container elementor-column-gap-no\">\n\t\t\t\t\t<div class=\"elementor-column elementor-col-33 elementor-inner-column elementor-element elementor-element-86238c5\" data-id=\"86238c5\" data-element_type=\"column\" data-e-type=\"column\">\n\t\t\t<div class=\"elementor-widget-wrap\">\n\t\t\t\t\t\t\t<\/div>\n\t\t<\/div>\n\t\t\t\t<div class=\"elementor-column elementor-col-33 elementor-inner-column elementor-element elementor-element-783f2e25\" data-id=\"783f2e25\" data-element_type=\"column\" data-e-type=\"column\">\n\t\t\t<div class=\"elementor-widget-wrap elementor-element-populated\">\n\t\t\t\t\t\t<div class=\"elementor-element elementor-element-104c467 elementor-widget elementor-widget-spacer\" data-id=\"104c467\" data-element_type=\"widget\" data-e-type=\"widget\" data-widget_type=\"spacer.default\">\n\t\t\t\t\t\t\t<div class=\"elementor-spacer\">\n\t\t\t<div class=\"elementor-spacer-inner\"><\/div>\n\t\t<\/div>\n\t\t\t\t\t\t<\/div>\n\t\t\t\t<div class=\"elementor-element elementor-element-5891224 elementor-widget elementor-widget-heading\" data-id=\"5891224\" data-element_type=\"widget\" data-e-type=\"widget\" data-widget_type=\"heading.default\">\n\t\t\t\t\t<h3 class=\"elementor-heading-title elementor-size-default\">Toda evolu\u00e7\u00e3o<br> requer transforma\u00e7\u00e3o.<\/h3>\t\t\t\t<\/div>\n\t\t\t\t<div class=\"elementor-element elementor-element-fb8e7bb elementor-widget elementor-widget-spacer\" data-id=\"fb8e7bb\" data-element_type=\"widget\" data-e-type=\"widget\" data-widget_type=\"spacer.default\">\n\t\t\t\t\t\t\t<div class=\"elementor-spacer\">\n\t\t\t<div class=\"elementor-spacer-inner\"><\/div>\n\t\t<\/div>\n\t\t\t\t\t\t<\/div>\n\t\t\t\t<div class=\"elementor-element elementor-element-17f3d3e elementor-widget elementor-widget-heading\" data-id=\"17f3d3e\" data-element_type=\"widget\" data-e-type=\"widget\" data-widget_type=\"heading.default\">\n\t\t\t\t\t<h5 class=\"elementor-heading-title elementor-size-default\">Para comemorar 10 anos de funda\u00e7\u00e3o\ntemos uma novidade <br>que gostar\u00edamos de\ncompartilhar em primeira m\u00e3o:\nestamos <br>de marca nova!<\/h5>\t\t\t\t<\/div>\n\t\t\t\t<div class=\"elementor-element elementor-element-59fbb3c elementor-widget elementor-widget-spacer\" data-id=\"59fbb3c\" data-element_type=\"widget\" data-e-type=\"widget\" data-widget_type=\"spacer.default\">\n\t\t\t\t\t\t\t<div class=\"elementor-spacer\">\n\t\t\t<div class=\"elementor-spacer-inner\"><\/div>\n\t\t<\/div>\n\t\t\t\t\t\t<\/div>\n\t\t\t\t<div class=\"elementor-element elementor-element-004515e elementor-widget elementor-widget-text-editor\" data-id=\"004515e\" data-element_type=\"widget\" data-e-type=\"widget\" data-widget_type=\"text-editor.default\">\n\t\t\t\t\t\t\t\t\t<p>Temos muito orgulho da nossa trajet\u00f3ria, especialmente quando nos lembramos que essa \u00e9 uma conquista coletiva. Nesses 10 anos aprendemos que as realiza\u00e7\u00f5es exigem dedica\u00e7\u00e3o, confian\u00e7a, perseveran\u00e7a, esp\u00edrito de equipe e, acima de tudo, excelentes parcerias.&nbsp;Conectar empresas \u00e0s mais modernas solu\u00e7\u00f5es ao redor do globo est\u00e1 em nosso DNA. E \u00e9 justamente a capacidade de unir que queremos representar na moderniza\u00e7\u00e3o da nossa marca.<\/p>\n<p><strong>Estamos prontos para um ano de muitas novidades, aguarde em breve nosso novo site!&nbsp;<\/strong><\/p>\t\t\t\t\t\t\t\t<\/div>\n\t\t\t\t<div class=\"elementor-element elementor-element-892f3d7 elementor-widget elementor-widget-button\" data-id=\"892f3d7\" data-element_type=\"widget\" data-e-type=\"widget\" data-widget_type=\"button.default\">\n\t\t\t\t\t\t\t\t\t\t<a class=\"elementor-button elementor-button-link elementor-size-sm\" href=\"http:\/\/www.bescrepresentacoes.com.br\/\">\n\t\t\t\t\t\t<span class=\"elementor-button-content-wrapper\">\n\t\t\t\t\t\t\t\t\t<span class=\"elementor-button-text\">Acessar site antigo<\/span>\n\t\t\t\t\t<\/span>\n\t\t\t\t\t<\/a>\n\t\t\t\t\t\t\t\t<\/div>\n\t\t\t\t<div class=\"elementor-element elementor-element-c2aaddd elementor-position-inline-end elementor-view-default elementor-mobile-position-block-start elementor-widget elementor-widget-icon-box\" data-id=\"c2aaddd\" data-element_type=\"widget\" data-e-type=\"widget\" data-widget_type=\"icon-box.default\">\n\t\t\t\t\t\t\t<div class=\"elementor-icon-box-wrapper\">\n\n\t\t\t\t\t\t<div class=\"elementor-icon-box-icon\">\n\t\t\t\t<a href=\"https:\/\/bescglobal.com\/eng\/\" class=\"elementor-icon\" tabindex=\"-1\" aria-label=\"English Version\">\n\t\t\t\t<svg aria-hidden=\"true\" class=\"e-font-icon-svg e-far-flag\" viewBox=\"0 0 512 512\" xmlns=\"http:\/\/www.w3.org\/2000\/svg\"><path d=\"M336.174 80c-49.132 0-93.305-32-161.913-32-31.301 0-58.303 6.482-80.721 15.168a48.04 48.04 0 0 0 2.142-20.727C93.067 19.575 74.167 1.594 51.201.104 23.242-1.71 0 20.431 0 48c0 17.764 9.657 33.262 24 41.562V496c0 8.837 7.163 16 16 16h16c8.837 0 16-7.163 16-16v-83.443C109.869 395.28 143.259 384 199.826 384c49.132 0 93.305 32 161.913 32 58.479 0 101.972-22.617 128.548-39.981C503.846 367.161 512 352.051 512 335.855V95.937c0-34.459-35.264-57.768-66.904-44.117C409.193 67.309 371.641 80 336.174 80zM464 336c-21.783 15.412-60.824 32-102.261 32-59.945 0-102.002-32-161.913-32-43.361 0-96.379 9.403-127.826 24V128c21.784-15.412 60.824-32 102.261-32 59.945 0 102.002 32 161.913 32 43.271 0 96.32-17.366 127.826-32v240z\"><\/path><\/svg>\t\t\t\t<\/a>\n\t\t\t<\/div>\n\t\t\t\n\t\t\t\t\t\t<div class=\"elementor-icon-box-content\">\n\n\t\t\t\t\t\t\t\t\t<p class=\"elementor-icon-box-title\">\n\t\t\t\t\t\t<a href=\"https:\/\/bescglobal.com\/eng\/\" >\n\t\t\t\t\t\t\tEnglish Version\t\t\t\t\t\t<\/a>\n\t\t\t\t\t<\/p>\n\t\t\t\t\n\t\t\t\t\n\t\t\t<\/div>\n\t\t\t\n\t\t<\/div>\n\t\t\t\t\t\t<\/div>\n\t\t\t\t<div class=\"elementor-element elementor-element-6a5918c elementor-widget elementor-widget-spacer\" data-id=\"6a5918c\" data-element_type=\"widget\" data-e-type=\"widget\" data-widget_type=\"spacer.default\">\n\t\t\t\t\t\t\t<div class=\"elementor-spacer\">\n\t\t\t<div class=\"elementor-spacer-inner\"><\/div>\n\t\t<\/div>\n\t\t\t\t\t\t<\/div>\n\t\t\t\t\t<\/div>\n\t\t<\/div>\n\t\t\t\t<div class=\"elementor-column elementor-col-33 elementor-inner-column elementor-element elementor-element-cd98cb7\" data-id=\"cd98cb7\" data-element_type=\"column\" data-e-type=\"column\">\n\t\t\t<div class=\"elementor-widget-wrap\">\n\t\t\t\t\t\t\t<\/div>\n\t\t<\/div>\n\t\t\t\t\t<\/div>\n\t\t<\/section>\n\t\t\t\t\t<\/div>\n\t\t<\/div>\n\t\t\t\t\t<\/div>\n\t\t<\/section>\n\t\t\t\t<section class=\"elementor-section elementor-top-section elementor-element elementor-element-462f629a elementor-section-full_width elementor-section-height-min-height elementor-section-items-stretch elementor-section-content-space-around elementor-hidden-desktop elementor-section-height-default\" data-id=\"462f629a\" data-element_type=\"section\" data-e-type=\"section\" data-settings=\"{&quot;background_background&quot;:&quot;classic&quot;}\">\n\t\t\t\t\t\t\t<div class=\"elementor-background-overlay\"><\/div>\n\t\t\t\t\t\t\t<div class=\"elementor-container elementor-column-gap-no\">\n\t\t\t\t\t<div class=\"elementor-column elementor-col-100 elementor-top-column elementor-element elementor-element-2feb2537\" data-id=\"2feb2537\" data-element_type=\"column\" data-e-type=\"column\">\n\t\t\t<div class=\"elementor-widget-wrap elementor-element-populated\">\n\t\t\t\t\t\t<section class=\"elementor-section elementor-inner-section elementor-element elementor-element-26ae9026 elementor-section-full_width elementor-section-height-default elementor-section-height-default\" data-id=\"26ae9026\" data-element_type=\"section\" data-e-type=\"section\">\n\t\t\t\t\t\t<div class=\"elementor-container elementor-column-gap-no\">\n\t\t\t\t\t<div class=\"elementor-column elementor-col-33 elementor-inner-column elementor-element elementor-element-aca05e1\" data-id=\"aca05e1\" data-element_type=\"column\" data-e-type=\"column\">\n\t\t\t<div class=\"elementor-widget-wrap elementor-element-populated\">\n\t\t\t\t\t\t<div class=\"elementor-element elementor-element-881f3ce elementor-widget elementor-widget-spacer\" data-id=\"881f3ce\" data-element_type=\"widget\" data-e-type=\"widget\" data-widget_type=\"spacer.default\">\n\t\t\t\t\t\t\t<div class=\"elementor-spacer\">\n\t\t\t<div class=\"elementor-spacer-inner\"><\/div>\n\t\t<\/div>\n\t\t\t\t\t\t<\/div>\n\t\t\t\t\t<\/div>\n\t\t<\/div>\n\t\t\t\t<div class=\"elementor-column elementor-col-33 elementor-inner-column elementor-element elementor-element-1bc7cf2c\" data-id=\"1bc7cf2c\" data-element_type=\"column\" data-e-type=\"column\">\n\t\t\t<div class=\"elementor-widget-wrap elementor-element-populated\">\n\t\t\t\t\t\t<div class=\"elementor-element elementor-element-247cc501 elementor-widget elementor-widget-heading\" data-id=\"247cc501\" data-element_type=\"widget\" data-e-type=\"widget\" data-widget_type=\"heading.default\">\n\t\t\t\t\t<h3 class=\"elementor-heading-title elementor-size-default\">Toda evolu\u00e7\u00e3o<br> requer transforma\u00e7\u00e3o.<\/h3>\t\t\t\t<\/div>\n\t\t\t\t<div class=\"elementor-element elementor-element-2d5c84d9 elementor-widget elementor-widget-spacer\" data-id=\"2d5c84d9\" data-element_type=\"widget\" data-e-type=\"widget\" data-widget_type=\"spacer.default\">\n\t\t\t\t\t\t\t<div class=\"elementor-spacer\">\n\t\t\t<div class=\"elementor-spacer-inner\"><\/div>\n\t\t<\/div>\n\t\t\t\t\t\t<\/div>\n\t\t\t\t<div class=\"elementor-element elementor-element-7e57369c elementor-widget elementor-widget-heading\" data-id=\"7e57369c\" data-element_type=\"widget\" data-e-type=\"widget\" data-widget_type=\"heading.default\">\n\t\t\t\t\t<h5 class=\"elementor-heading-title elementor-size-default\">Para comemorar 10 anos de funda\u00e7\u00e3o\ntemos uma novidade <br>que gostar\u00edamos de\ncompartilhar em primeira m\u00e3o:\nestamos <br>de marca nova.<\/h5>\t\t\t\t<\/div>\n\t\t\t\t<div class=\"elementor-element elementor-element-1329df62 elementor-widget elementor-widget-spacer\" data-id=\"1329df62\" data-element_type=\"widget\" data-e-type=\"widget\" data-widget_type=\"spacer.default\">\n\t\t\t\t\t\t\t<div class=\"elementor-spacer\">\n\t\t\t<div class=\"elementor-spacer-inner\"><\/div>\n\t\t<\/div>\n\t\t\t\t\t\t<\/div>\n\t\t\t\t<div class=\"elementor-element elementor-element-4b5e1859 elementor-widget elementor-widget-text-editor\" data-id=\"4b5e1859\" data-element_type=\"widget\" data-e-type=\"widget\" data-widget_type=\"text-editor.default\">\n\t\t\t\t\t\t\t\t\t<p>\u00a0Temos muito orgulho da nossa trajet\u00f3ria, especialmente quando nos lembramos que essa \u00e9 uma conquista coletiva. Nesses 10 anos aprendemos que as realiza\u00e7\u00f5es exigem dedica\u00e7\u00e3o, confian\u00e7a, perseveran\u00e7a, esp\u00edrito de equipe e, acima de tudo, excelentes parcerias. Conectar empresas \u00e0s mais modernas solu\u00e7\u00f5es ao redor do globo est\u00e1 em nosso DNA. E \u00e9 justamente a capacidade de unir que queremos representar na moderniza\u00e7\u00e3o da nossa marca.<\/p><p><strong>Estamos prontos para um ano de muitas novidades, aguarde em breve nosso novo site!\u00a0<\/strong><\/p>\t\t\t\t\t\t\t\t<\/div>\n\t\t\t\t<div class=\"elementor-element elementor-element-5b237b07 elementor-widget elementor-widget-button\" data-id=\"5b237b07\" data-element_type=\"widget\" data-e-type=\"widget\" data-widget_type=\"button.default\">\n\t\t\t\t\t\t\t\t\t\t<a class=\"elementor-button elementor-button-link elementor-size-sm\" href=\"http:\/\/www.bescrepresentacoes.com.br\/\">\n\t\t\t\t\t\t<span class=\"elementor-button-content-wrapper\">\n\t\t\t\t\t\t\t\t\t<span class=\"elementor-button-text\">Acessar site antigo<\/span>\n\t\t\t\t\t<\/span>\n\t\t\t\t\t<\/a>\n\t\t\t\t\t\t\t\t<\/div>\n\t\t\t\t<div class=\"elementor-element elementor-element-3ae914de elementor-widget elementor-widget-spacer\" data-id=\"3ae914de\" data-element_type=\"widget\" data-e-type=\"widget\" data-widget_type=\"spacer.default\">\n\t\t\t\t\t\t\t<div class=\"elementor-spacer\">\n\t\t\t<div class=\"elementor-spacer-inner\"><\/div>\n\t\t<\/div>\n\t\t\t\t\t\t<\/div>\n\t\t\t\t<div class=\"elementor-element elementor-element-cd8fde6 elementor-position-inline-end elementor-view-default elementor-mobile-position-block-start elementor-widget elementor-widget-icon-box\" data-id=\"cd8fde6\" data-element_type=\"widget\" data-e-type=\"widget\" data-widget_type=\"icon-box.default\">\n\t\t\t\t\t\t\t<div class=\"elementor-icon-box-wrapper\">\n\n\t\t\t\t\t\t<div class=\"elementor-icon-box-icon\">\n\t\t\t\t<a href=\"http:\/\/bescglobal.com\/en\" class=\"elementor-icon\" tabindex=\"-1\" aria-label=\"English Version\">\n\t\t\t\t<svg aria-hidden=\"true\" class=\"e-font-icon-svg e-far-flag\" viewBox=\"0 0 512 512\" xmlns=\"http:\/\/www.w3.org\/2000\/svg\"><path d=\"M336.174 80c-49.132 0-93.305-32-161.913-32-31.301 0-58.303 6.482-80.721 15.168a48.04 48.04 0 0 0 2.142-20.727C93.067 19.575 74.167 1.594 51.201.104 23.242-1.71 0 20.431 0 48c0 17.764 9.657 33.262 24 41.562V496c0 8.837 7.163 16 16 16h16c8.837 0 16-7.163 16-16v-83.443C109.869 395.28 143.259 384 199.826 384c49.132 0 93.305 32 161.913 32 58.479 0 101.972-22.617 128.548-39.981C503.846 367.161 512 352.051 512 335.855V95.937c0-34.459-35.264-57.768-66.904-44.117C409.193 67.309 371.641 80 336.174 80zM464 336c-21.783 15.412-60.824 32-102.261 32-59.945 0-102.002-32-161.913-32-43.361 0-96.379 9.403-127.826 24V128c21.784-15.412 60.824-32 102.261-32 59.945 0 102.002 32 161.913 32 43.271 0 96.32-17.366 127.826-32v240z\"><\/path><\/svg>\t\t\t\t<\/a>\n\t\t\t<\/div>\n\t\t\t\n\t\t\t\t\t\t<div class=\"elementor-icon-box-content\">\n\n\t\t\t\t\t\t\t\t\t<p class=\"elementor-icon-box-title\">\n\t\t\t\t\t\t<a href=\"http:\/\/bescglobal.com\/en\" >\n\t\t\t\t\t\t\tEnglish Version\t\t\t\t\t\t<\/a>\n\t\t\t\t\t<\/p>\n\t\t\t\t\n\t\t\t\t\n\t\t\t<\/div>\n\t\t\t\n\t\t<\/div>\n\t\t\t\t\t\t<\/div>\n\t\t\t\t\t<\/div>\n\t\t<\/div>\n\t\t\t\t<div class=\"elementor-column elementor-col-33 elementor-inner-column elementor-element elementor-element-4c125c05\" data-id=\"4c125c05\" data-element_type=\"column\" data-e-type=\"column\">\n\t\t\t<div class=\"elementor-widget-wrap\">\n\t\t\t\t\t\t\t<\/div>\n\t\t<\/div>\n\t\t\t\t\t<\/div>\n\t\t<\/section>\n\t\t\t\t\t<\/div>\n\t\t<\/div>\n\t\t\t\t\t<\/div>\n\t\t<\/section>\n\t\t\t\t<\/div>\n\t\t","protected":false},"excerpt":{"rendered":"<p>Toda evolu\u00e7\u00e3o requer transforma\u00e7\u00e3o. Para comemorar 10 anos de funda\u00e7\u00e3o temos uma novidade que gostar\u00edamos de compartilhar em primeira m\u00e3o: estamos de marca nova! Temos muito orgulho da nossa trajet\u00f3ria, especialmente quando nos lembramos que essa \u00e9 uma conquista coletiva. Nesses 10 anos aprendemos que as realiza\u00e7\u00f5es exigem dedica\u00e7\u00e3o, confian\u00e7a, perseveran\u00e7a, esp\u00edrito de equipe e, [&hellip;]<\/p>\n","protected":false},"author":3,"featured_media":0,"parent":0,"menu_order":0,"comment_status":"closed","ping_status":"closed","template":"","meta":{"footnotes":""},"class_list":["post-63","page","type-page","status-publish","hentry"],"yoast_head":"<!-- This site is optimized with the Yoast SEO plugin v27.5 - https:\/\/yoast.com\/product\/yoast-seo-wordpress\/ -->\n<title>Aguarde em breve novo site - BESC Global<\/title>\n<meta name=\"robots\" content=\"index, follow, max-snippet:-1, max-image-preview:large, max-video-preview:-1\" \/>\n<link rel=\"canonical\" href=\"https:\/\/bescglobal.com\/en\/aguarde-em-breve-novo-site\/\" \/>\n<meta property=\"og:locale\" content=\"en_US\" \/>\n<meta property=\"og:type\" content=\"article\" \/>\n<meta property=\"og:title\" content=\"Aguarde em breve novo site - BESC Global\" \/>\n<meta property=\"og:description\" content=\"Toda evolu\u00e7\u00e3o requer transforma\u00e7\u00e3o. Para comemorar 10 anos de funda\u00e7\u00e3o temos uma novidade que gostar\u00edamos de compartilhar em primeira m\u00e3o: estamos de marca nova! Temos muito orgulho da nossa trajet\u00f3ria, especialmente quando nos lembramos que essa \u00e9 uma conquista coletiva. Nesses 10 anos aprendemos que as realiza\u00e7\u00f5es exigem dedica\u00e7\u00e3o, confian\u00e7a, perseveran\u00e7a, esp\u00edrito de equipe e, [&hellip;]\" \/>\n<meta property=\"og:url\" content=\"https:\/\/bescglobal.com\/en\/aguarde-em-breve-novo-site\/\" \/>\n<meta property=\"og:site_name\" content=\"BESC Global\" \/>\n<meta property=\"article:modified_time\" content=\"2022-07-15T13:22:58+00:00\" \/>\n<meta name=\"twitter:card\" content=\"summary_large_image\" \/>\n<meta name=\"twitter:label1\" content=\"Est. reading time\" \/>\n\t<meta name=\"twitter:data1\" content=\"2 minutes\" \/>\n<script type=\"application\/ld+json\" class=\"yoast-schema-graph\">{\"@context\":\"https:\\\/\\\/schema.org\",\"@graph\":[{\"@type\":\"WebPage\",\"@id\":\"https:\\\/\\\/bescglobal.com\\\/en\\\/aguarde-em-breve-novo-site\\\/\",\"url\":\"https:\\\/\\\/bescglobal.com\\\/en\\\/aguarde-em-breve-novo-site\\\/\",\"name\":\"Aguarde em breve novo site - BESC Global\",\"isPartOf\":{\"@id\":\"https:\\\/\\\/bescglobal.com\\\/en\\\/#website\"},\"datePublished\":\"2022-06-28T13:03:56+00:00\",\"dateModified\":\"2022-07-15T13:22:58+00:00\",\"breadcrumb\":{\"@id\":\"https:\\\/\\\/bescglobal.com\\\/en\\\/aguarde-em-breve-novo-site\\\/#breadcrumb\"},\"inLanguage\":\"en-US\",\"potentialAction\":[{\"@type\":\"ReadAction\",\"target\":[\"https:\\\/\\\/bescglobal.com\\\/en\\\/aguarde-em-breve-novo-site\\\/\"]}]},{\"@type\":\"BreadcrumbList\",\"@id\":\"https:\\\/\\\/bescglobal.com\\\/en\\\/aguarde-em-breve-novo-site\\\/#breadcrumb\",\"itemListElement\":[{\"@type\":\"ListItem\",\"position\":1,\"name\":\"Home\",\"item\":\"https:\\\/\\\/bescglobal.com\\\/en\\\/\"},{\"@type\":\"ListItem\",\"position\":2,\"name\":\"Aguarde em breve novo site\"}]},{\"@type\":\"WebSite\",\"@id\":\"https:\\\/\\\/bescglobal.com\\\/en\\\/#website\",\"url\":\"https:\\\/\\\/bescglobal.com\\\/en\\\/\",\"name\":\"BESC Global\",\"description\":\"\",\"publisher\":{\"@id\":\"https:\\\/\\\/bescglobal.com\\\/en\\\/#organization\"},\"potentialAction\":[{\"@type\":\"SearchAction\",\"target\":{\"@type\":\"EntryPoint\",\"urlTemplate\":\"https:\\\/\\\/bescglobal.com\\\/en\\\/?s={search_term_string}\"},\"query-input\":{\"@type\":\"PropertyValueSpecification\",\"valueRequired\":true,\"valueName\":\"search_term_string\"}}],\"inLanguage\":\"en-US\"},{\"@type\":\"Organization\",\"@id\":\"https:\\\/\\\/bescglobal.com\\\/en\\\/#organization\",\"name\":\"BESC Global\",\"url\":\"https:\\\/\\\/bescglobal.com\\\/en\\\/\",\"logo\":{\"@type\":\"ImageObject\",\"inLanguage\":\"en-US\",\"@id\":\"https:\\\/\\\/bescglobal.com\\\/en\\\/#\\\/schema\\\/logo\\\/image\\\/\",\"url\":\"https:\\\/\\\/bescglobal.com\\\/wp-content\\\/uploads\\\/2023\\\/02\\\/cropped-logo-besc-color-ico.jpg\",\"contentUrl\":\"https:\\\/\\\/bescglobal.com\\\/wp-content\\\/uploads\\\/2023\\\/02\\\/cropped-logo-besc-color-ico.jpg\",\"width\":512,\"height\":511,\"caption\":\"BESC Global\"},\"image\":{\"@id\":\"https:\\\/\\\/bescglobal.com\\\/en\\\/#\\\/schema\\\/logo\\\/image\\\/\"}}]}<\/script>\n<!-- \/ Yoast SEO plugin. -->","yoast_head_json":{"title":"Aguarde em breve novo site - BESC Global","robots":{"index":"index","follow":"follow","max-snippet":"max-snippet:-1","max-image-preview":"max-image-preview:large","max-video-preview":"max-video-preview:-1"},"canonical":"https:\/\/bescglobal.com\/en\/aguarde-em-breve-novo-site\/","og_locale":"en_US","og_type":"article","og_title":"Aguarde em breve novo site - BESC Global","og_description":"Toda evolu\u00e7\u00e3o requer transforma\u00e7\u00e3o. Para comemorar 10 anos de funda\u00e7\u00e3o temos uma novidade que gostar\u00edamos de compartilhar em primeira m\u00e3o: estamos de marca nova! Temos muito orgulho da nossa trajet\u00f3ria, especialmente quando nos lembramos que essa \u00e9 uma conquista coletiva. Nesses 10 anos aprendemos que as realiza\u00e7\u00f5es exigem dedica\u00e7\u00e3o, confian\u00e7a, perseveran\u00e7a, esp\u00edrito de equipe e, [&hellip;]","og_url":"https:\/\/bescglobal.com\/en\/aguarde-em-breve-novo-site\/","og_site_name":"BESC Global","article_modified_time":"2022-07-15T13:22:58+00:00","twitter_card":"summary_large_image","twitter_misc":{"Est. reading time":"2 minutes"},"schema":{"@context":"https:\/\/schema.org","@graph":[{"@type":"WebPage","@id":"https:\/\/bescglobal.com\/en\/aguarde-em-breve-novo-site\/","url":"https:\/\/bescglobal.com\/en\/aguarde-em-breve-novo-site\/","name":"Aguarde em breve novo site - BESC Global","isPartOf":{"@id":"https:\/\/bescglobal.com\/en\/#website"},"datePublished":"2022-06-28T13:03:56+00:00","dateModified":"2022-07-15T13:22:58+00:00","breadcrumb":{"@id":"https:\/\/bescglobal.com\/en\/aguarde-em-breve-novo-site\/#breadcrumb"},"inLanguage":"en-US","potentialAction":[{"@type":"ReadAction","target":["https:\/\/bescglobal.com\/en\/aguarde-em-breve-novo-site\/"]}]},{"@type":"BreadcrumbList","@id":"https:\/\/bescglobal.com\/en\/aguarde-em-breve-novo-site\/#breadcrumb","itemListElement":[{"@type":"ListItem","position":1,"name":"Home","item":"https:\/\/bescglobal.com\/en\/"},{"@type":"ListItem","position":2,"name":"Aguarde em breve novo site"}]},{"@type":"WebSite","@id":"https:\/\/bescglobal.com\/en\/#website","url":"https:\/\/bescglobal.com\/en\/","name":"BESC Global","description":"","publisher":{"@id":"https:\/\/bescglobal.com\/en\/#organization"},"potentialAction":[{"@type":"SearchAction","target":{"@type":"EntryPoint","urlTemplate":"https:\/\/bescglobal.com\/en\/?s={search_term_string}"},"query-input":{"@type":"PropertyValueSpecification","valueRequired":true,"valueName":"search_term_string"}}],"inLanguage":"en-US"},{"@type":"Organization","@id":"https:\/\/bescglobal.com\/en\/#organization","name":"BESC Global","url":"https:\/\/bescglobal.com\/en\/","logo":{"@type":"ImageObject","inLanguage":"en-US","@id":"https:\/\/bescglobal.com\/en\/#\/schema\/logo\/image\/","url":"https:\/\/bescglobal.com\/wp-content\/uploads\/2023\/02\/cropped-logo-besc-color-ico.jpg","contentUrl":"https:\/\/bescglobal.com\/wp-content\/uploads\/2023\/02\/cropped-logo-besc-color-ico.jpg","width":512,"height":511,"caption":"BESC Global"},"image":{"@id":"https:\/\/bescglobal.com\/en\/#\/schema\/logo\/image\/"}}]}},"_links":{"self":[{"href":"https:\/\/bescglobal.com\/en\/wp-json\/wp\/v2\/pages\/63","targetHints":{"allow":["GET"]}}],"collection":[{"href":"https:\/\/bescglobal.com\/en\/wp-json\/wp\/v2\/pages"}],"about":[{"href":"https:\/\/bescglobal.com\/en\/wp-json\/wp\/v2\/types\/page"}],"author":[{"embeddable":true,"href":"https:\/\/bescglobal.com\/en\/wp-json\/wp\/v2\/users\/3"}],"replies":[{"embeddable":true,"href":"https:\/\/bescglobal.com\/en\/wp-json\/wp\/v2\/comments?post=63"}],"version-history":[{"count":86,"href":"https:\/\/bescglobal.com\/en\/wp-json\/wp\/v2\/pages\/63\/revisions"}],"predecessor-version":[{"id":730,"href":"https:\/\/bescglobal.com\/en\/wp-json\/wp\/v2\/pages\/63\/revisions\/730"}],"wp:attachment":[{"href":"https:\/\/bescglobal.com\/en\/wp-json\/wp\/v2\/media?parent=63"}],"curies":[{"name":"wp","href":"https:\/\/api.w.org\/{rel}","templated":true}]}}