{"id":3573,"date":"2024-07-02T14:16:03","date_gmt":"2024-07-02T17:16:03","guid":{"rendered":"https:\/\/bescglobal.com\/cadetech\/"},"modified":"2024-07-02T15:50:51","modified_gmt":"2024-07-02T18:50:51","slug":"cadetech","status":"publish","type":"page","link":"https:\/\/bescglobal.com\/en\/cadetech\/","title":{"rendered":"Cadetech"},"content":{"rendered":"\t\t<div data-elementor-type=\"wp-page\" data-elementor-id=\"3573\" class=\"elementor elementor-3573 elementor-3538\" data-elementor-post-type=\"page\">\n\t\t\t\t\t\t<section class=\"elementor-section elementor-top-section elementor-element elementor-element-e839072 elementor-section-boxed elementor-section-height-default elementor-section-height-default\" data-id=\"e839072\" data-element_type=\"section\" data-e-type=\"section\">\n\t\t\t\t\t\t<div class=\"elementor-container elementor-column-gap-default\">\n\t\t\t\t\t<div class=\"elementor-column elementor-col-100 elementor-top-column elementor-element elementor-element-41b7e42\" data-id=\"41b7e42\" data-element_type=\"column\" data-e-type=\"column\">\n\t\t\t<div class=\"elementor-widget-wrap elementor-element-populated\">\n\t\t\t\t\t\t<div class=\"elementor-element elementor-element-3c8533c elementor-widget elementor-widget-image\" data-id=\"3c8533c\" data-element_type=\"widget\" data-e-type=\"widget\" data-widget_type=\"image.default\">\n\t\t\t\t\t\t\t\t\t\t\t\t\t\t\t<img fetchpriority=\"high\" decoding=\"async\" width=\"1600\" height=\"919\" src=\"https:\/\/bescglobal.com\/wp-content\/uploads\/2024\/07\/12312312.jpg\" class=\"attachment-full size-full wp-image-3555\" alt=\"\" srcset=\"https:\/\/bescglobal.com\/wp-content\/uploads\/2024\/07\/12312312.jpg 1600w, https:\/\/bescglobal.com\/wp-content\/uploads\/2024\/07\/12312312-300x172.jpg 300w, https:\/\/bescglobal.com\/wp-content\/uploads\/2024\/07\/12312312-1024x588.jpg 1024w, https:\/\/bescglobal.com\/wp-content\/uploads\/2024\/07\/12312312-768x441.jpg 768w, https:\/\/bescglobal.com\/wp-content\/uploads\/2024\/07\/12312312-1536x882.jpg 1536w\" sizes=\"(max-width: 1600px) 100vw, 1600px\" \/>\t\t\t\t\t\t\t\t\t\t\t\t\t\t\t<\/div>\n\t\t\t\t\t<\/div>\n\t\t<\/div>\n\t\t\t\t\t<\/div>\n\t\t<\/section>\n\t\t\t\t<section class=\"elementor-section elementor-top-section elementor-element elementor-element-9d530ef elementor-section-boxed elementor-section-height-default elementor-section-height-default\" data-id=\"9d530ef\" data-element_type=\"section\" data-e-type=\"section\" data-settings=\"{&quot;background_background&quot;:&quot;classic&quot;}\">\n\t\t\t\t\t\t<div class=\"elementor-container elementor-column-gap-default\">\n\t\t\t\t\t<div class=\"elementor-column elementor-col-100 elementor-top-column elementor-element elementor-element-ab52520\" data-id=\"ab52520\" data-element_type=\"column\" data-e-type=\"column\">\n\t\t\t<div class=\"elementor-widget-wrap elementor-element-populated\">\n\t\t\t\t\t\t<section class=\"elementor-section elementor-inner-section elementor-element elementor-element-74f6c48 elementor-section-boxed elementor-section-height-default elementor-section-height-default\" data-id=\"74f6c48\" data-element_type=\"section\" data-e-type=\"section\">\n\t\t\t\t\t\t<div class=\"elementor-container elementor-column-gap-default\">\n\t\t\t\t\t<div class=\"elementor-column elementor-col-50 elementor-inner-column elementor-element elementor-element-da1fd20\" data-id=\"da1fd20\" data-element_type=\"column\" data-e-type=\"column\">\n\t\t\t<div class=\"elementor-widget-wrap elementor-element-populated\">\n\t\t\t\t\t\t<div class=\"elementor-element elementor-element-53b4353 elementor-widget elementor-widget-text-editor\" data-id=\"53b4353\" data-element_type=\"widget\" data-e-type=\"widget\" data-widget_type=\"text-editor.default\">\n\t\t\t\t\t\t\t\t\t<p>SiAMFlex<\/p>\n\t\t\t\t\t\t\t\t<\/div>\n\t\t\t\t<div class=\"elementor-element elementor-element-6c2ae10 elementor-widget elementor-widget-text-editor\" data-id=\"6c2ae10\" data-element_type=\"widget\" data-e-type=\"widget\" data-widget_type=\"text-editor.default\">\n\t\t\t\t\t\t\t\t\t<p>O SiAMFlex \u00e9 um sistema inovador de monitoramento remoto e autom\u00e1tico, projetado para garantir a integridade mec\u00e2nica de ativos atrav\u00e9s da an\u00e1lise cont\u00ednua de sinais como vibra\u00e7\u00e3o, temperatura e velocidade din\u00e2mica, captados por sensores sem fio. Com o SiAMFlex, \u00e9 poss\u00edvel planejar com precis\u00e3o a manuten\u00e7\u00e3o de componentes rotativos, intervindo apenas quando necess\u00e1rio para minimizar paradas n\u00e3o programadas, reduzir custos de manuten\u00e7\u00e3o e melhorar a efici\u00eancia operacional.<\/p>\n<p>O sistema \u00e9 aplic\u00e1vel em uma variedade de \u00e1reas:<\/p>\n<p>&#8211; Monitoramento de p\u00e1s eletromec\u00e2nicas.<br \/>&#8211; Correias transportadoras.<br \/>&#8211; Caminh\u00f5es de minera\u00e7\u00e3o.<\/p>\n\t\t\t\t\t\t\t\t<\/div>\n\t\t\t\t\t<\/div>\n\t\t<\/div>\n\t\t\t\t<div class=\"elementor-column elementor-col-50 elementor-inner-column elementor-element elementor-element-d78d694\" data-id=\"d78d694\" data-element_type=\"column\" data-e-type=\"column\" data-settings=\"{&quot;background_background&quot;:&quot;classic&quot;}\">\n\t\t\t<div class=\"elementor-widget-wrap elementor-element-populated\">\n\t\t\t\t\t\t<div class=\"elementor-element elementor-element-5e10f71 elementor-widget elementor-widget-text-editor\" data-id=\"5e10f71\" data-element_type=\"widget\" data-e-type=\"widget\" data-widget_type=\"text-editor.default\">\n\t\t\t\t\t\t\t\t\tSistema de monitoramento<br>\nde condi\u00e7\u00f5es mec\u00e2nicas.\t\t\t\t\t\t\t\t<\/div>\n\t\t\t\t<div class=\"elementor-element elementor-element-b4be06a elementor-widget elementor-widget-image\" data-id=\"b4be06a\" data-element_type=\"widget\" data-e-type=\"widget\" data-widget_type=\"image.default\">\n\t\t\t\t\t\t\t\t\t\t\t\t\t\t\t<img decoding=\"async\" width=\"1000\" height=\"1064\" src=\"https:\/\/bescglobal.com\/wp-content\/uploads\/2024\/07\/img0123.jpg\" class=\"attachment-full size-full wp-image-3558\" alt=\"\" srcset=\"https:\/\/bescglobal.com\/wp-content\/uploads\/2024\/07\/img0123.jpg 1000w, https:\/\/bescglobal.com\/wp-content\/uploads\/2024\/07\/img0123-282x300.jpg 282w, https:\/\/bescglobal.com\/wp-content\/uploads\/2024\/07\/img0123-962x1024.jpg 962w, https:\/\/bescglobal.com\/wp-content\/uploads\/2024\/07\/img0123-768x817.jpg 768w\" sizes=\"(max-width: 1000px) 100vw, 1000px\" \/>\t\t\t\t\t\t\t\t\t\t\t\t\t\t\t<\/div>\n\t\t\t\t\t<\/div>\n\t\t<\/div>\n\t\t\t\t\t<\/div>\n\t\t<\/section>\n\t\t\t\t\t<\/div>\n\t\t<\/div>\n\t\t\t\t\t<\/div>\n\t\t<\/section>\n\t\t\t\t<section class=\"elementor-section elementor-top-section elementor-element elementor-element-6d8ecca elementor-section-boxed elementor-section-height-default elementor-section-height-default\" data-id=\"6d8ecca\" data-element_type=\"section\" data-e-type=\"section\">\n\t\t\t\t\t\t<div class=\"elementor-container elementor-column-gap-default\">\n\t\t\t\t\t<div class=\"elementor-column elementor-col-100 elementor-top-column elementor-element elementor-element-590c109\" data-id=\"590c109\" data-element_type=\"column\" data-e-type=\"column\">\n\t\t\t<div class=\"elementor-widget-wrap elementor-element-populated\">\n\t\t\t\t\t\t<section class=\"elementor-section elementor-inner-section elementor-element elementor-element-bec4fec elementor-section-boxed elementor-section-height-default elementor-section-height-default\" data-id=\"bec4fec\" data-element_type=\"section\" data-e-type=\"section\">\n\t\t\t\t\t\t<div class=\"elementor-container elementor-column-gap-default\">\n\t\t\t\t\t<div class=\"elementor-column elementor-col-50 elementor-inner-column elementor-element elementor-element-1dc6a7c\" data-id=\"1dc6a7c\" data-element_type=\"column\" data-e-type=\"column\">\n\t\t\t<div class=\"elementor-widget-wrap elementor-element-populated\">\n\t\t\t\t\t\t<div class=\"elementor-element elementor-element-be9796b elementor-widget elementor-widget-text-editor\" data-id=\"be9796b\" data-element_type=\"widget\" data-e-type=\"widget\" data-widget_type=\"text-editor.default\">\n\t\t\t\t\t\t\t\t\t<p>Damage Monitor<\/p>\n\t\t\t\t\t\t\t\t<\/div>\n\t\t\t\t<div class=\"elementor-element elementor-element-90702cb elementor-widget elementor-widget-image\" data-id=\"90702cb\" data-element_type=\"widget\" data-e-type=\"widget\" data-widget_type=\"image.default\">\n\t\t\t\t\t\t\t\t\t\t\t\t\t\t\t<img decoding=\"async\" width=\"1000\" height=\"397\" src=\"https:\/\/bescglobal.com\/wp-content\/uploads\/2024\/07\/12312312312.jpg\" class=\"attachment-full size-full wp-image-3561\" alt=\"\" srcset=\"https:\/\/bescglobal.com\/wp-content\/uploads\/2024\/07\/12312312312.jpg 1000w, https:\/\/bescglobal.com\/wp-content\/uploads\/2024\/07\/12312312312-300x119.jpg 300w, https:\/\/bescglobal.com\/wp-content\/uploads\/2024\/07\/12312312312-768x305.jpg 768w\" sizes=\"(max-width: 1000px) 100vw, 1000px\" \/>\t\t\t\t\t\t\t\t\t\t\t\t\t\t\t<\/div>\n\t\t\t\t<div class=\"elementor-element elementor-element-3bd8d6e elementor-position-left elementor-vertical-align-middle elementor-widget elementor-widget-image-box\" data-id=\"3bd8d6e\" data-element_type=\"widget\" data-e-type=\"widget\" data-widget_type=\"image-box.default\">\n\t\t\t\t\t<div class=\"elementor-image-box-wrapper\"><figure class=\"elementor-image-box-img\"><img decoding=\"async\" src=\"https:\/\/bescglobal.com\/wp-content\/uploads\/elementor\/thumbs\/Sem-titulo1231-2-q1teaozdxej0x4uakjk8zl60oa0f90zw7vf78n4iyo.png\" title=\"Sem-t\u00edtulo1231-2\" alt=\"Sem-t\u00edtulo1231-2\" loading=\"lazy\" \/><\/figure><div class=\"elementor-image-box-content\"><h3 class=\"elementor-image-box-title\">Acesse o site da marca e conhe\u00e7a <br>mais sobre as solu\u00e7\u00f5es.<\/h3><p class=\"elementor-image-box-description\">www.cadetech.cl<\/p><\/div><\/div>\t\t\t\t<\/div>\n\t\t\t\t\t<\/div>\n\t\t<\/div>\n\t\t\t\t<div class=\"elementor-column elementor-col-50 elementor-inner-column elementor-element elementor-element-90c0416\" data-id=\"90c0416\" data-element_type=\"column\" data-e-type=\"column\">\n\t\t\t<div class=\"elementor-widget-wrap elementor-element-populated\">\n\t\t\t\t\t\t<div class=\"elementor-element elementor-element-e48d70d elementor-widget elementor-widget-text-editor\" data-id=\"e48d70d\" data-element_type=\"widget\" data-e-type=\"widget\" data-widget_type=\"text-editor.default\">\n\t\t\t\t\t\t\t\t\t<p>Sistema de monitoramento<br \/>de condi\u00e7\u00f5es estruturais<\/p>\n\t\t\t\t\t\t\t\t<\/div>\n\t\t\t\t<div class=\"elementor-element elementor-element-621d7af elementor-widget elementor-widget-text-editor\" data-id=\"621d7af\" data-element_type=\"widget\" data-e-type=\"widget\" data-widget_type=\"text-editor.default\">\n\t\t\t\t\t\t\t\t\t<p>O DamageMonitor \u00e9 um sistema avan\u00e7ado para a gest\u00e3o cont\u00ednua da integridade estrutural de equipamentos, capaz de medir em tempo real o ac\u00famulo de danos por fadiga devido a cargas vari\u00e1veis. Ele identifica zonas propensas a rachaduras (ZPR), onde calcula o dano com base nas deforma\u00e7\u00f5es observadas e em um modelo de elementos finitos.<\/p>\n<p>Essencial para planejar inspe\u00e7\u00f5es, reparos ou substitui\u00e7\u00f5es, o DamageMonitor otimiza a opera\u00e7\u00e3o e a manuten\u00e7\u00e3o de estruturas, aplicando-se a p\u00e1s, caminh\u00f5es, moinhos, rotop\u00e1s e pontes empilhadoras, entre outros, garantindo a seguran\u00e7a e efici\u00eancia operacional.<\/p>\n\t\t\t\t\t\t\t\t<\/div>\n\t\t\t\t\t<\/div>\n\t\t<\/div>\n\t\t\t\t\t<\/div>\n\t\t<\/section>\n\t\t\t\t\t<\/div>\n\t\t<\/div>\n\t\t\t\t\t<\/div>\n\t\t<\/section>\n\t\t\t\t<section class=\"elementor-section elementor-top-section elementor-element elementor-element-77c921d elementor-section-height-min-height elementor-section-content-middle elementor-section-boxed elementor-section-height-default elementor-section-items-middle\" data-id=\"77c921d\" data-element_type=\"section\" data-e-type=\"section\" data-settings=\"{&quot;background_background&quot;:&quot;classic&quot;,&quot;shape_divider_top&quot;:&quot;curve-asymmetrical&quot;}\">\n\t\t\t\t\t\t\t<div class=\"elementor-background-overlay\"><\/div>\n\t\t\t\t\t\t<div class=\"elementor-shape elementor-shape-top\" aria-hidden=\"true\" data-negative=\"false\">\n\t\t\t<svg xmlns=\"http:\/\/www.w3.org\/2000\/svg\" viewBox=\"0 0 1000 100\" preserveAspectRatio=\"none\">\n\t<path class=\"elementor-shape-fill\" d=\"M0,0c0,0,0,6,0,6.7c0,18,240.2,93.6,615.2,92.6C989.8,98.5,1000,25,1000,6.7c0-0.7,0-6.7,0-6.7H0z\"\/>\n<\/svg>\t\t<\/div>\n\t\t\t\t\t<div class=\"elementor-container elementor-column-gap-no\">\n\t\t\t\t\t<div class=\"elementor-column elementor-col-100 elementor-top-column elementor-element elementor-element-97629d4\" data-id=\"97629d4\" data-element_type=\"column\" data-e-type=\"column\">\n\t\t\t<div class=\"elementor-widget-wrap elementor-element-populated\">\n\t\t\t\t\t\t<div class=\"elementor-element elementor-element-fe30703 elementor-widget elementor-widget-heading\" data-id=\"fe30703\" data-element_type=\"widget\" data-e-type=\"widget\" data-widget_type=\"heading.default\">\n\t\t\t\t\t<h4 class=\"elementor-heading-title elementor-size-default\">Acesse o site da marca e conhe\u00e7a mais sobre as solu\u00e7\u00f5es.<\/h4>\t\t\t\t<\/div>\n\t\t\t\t<div class=\"elementor-element elementor-element-5484f35 elementor-mobile-align-center elementor-align-center elementor-widget elementor-widget-button\" data-id=\"5484f35\" data-element_type=\"widget\" data-e-type=\"widget\" data-widget_type=\"button.default\">\n\t\t\t\t\t\t\t\t\t\t<a class=\"elementor-button elementor-button-link elementor-size-sm\" href=\"http:\/\/www.cadetech.cl\">\n\t\t\t\t\t\t<span class=\"elementor-button-content-wrapper\">\n\t\t\t\t\t\t\t\t\t<span class=\"elementor-button-text\">Conhe\u00e7a a linha completa de produtos<\/span>\n\t\t\t\t\t<\/span>\n\t\t\t\t\t<\/a>\n\t\t\t\t\t\t\t\t<\/div>\n\t\t\t\t\t<\/div>\n\t\t<\/div>\n\t\t\t\t\t<\/div>\n\t\t<\/section>\n\t\t\t\t<\/div>\n\t\t","protected":false},"excerpt":{"rendered":"<p>SiAMFlex O SiAMFlex \u00e9 um sistema inovador de monitoramento remoto e autom\u00e1tico, projetado para garantir a integridade mec\u00e2nica de ativos atrav\u00e9s da an\u00e1lise cont\u00ednua de sinais como vibra\u00e7\u00e3o, temperatura e velocidade din\u00e2mica, captados por sensores sem fio. Com o SiAMFlex, \u00e9 poss\u00edvel planejar com precis\u00e3o a manuten\u00e7\u00e3o de componentes rotativos, intervindo apenas quando necess\u00e1rio para [&hellip;]<\/p>\n","protected":false},"author":3,"featured_media":0,"parent":0,"menu_order":0,"comment_status":"closed","ping_status":"closed","template":"","meta":{"footnotes":""},"class_list":["post-3573","page","type-page","status-publish","hentry"],"yoast_head":"<!-- This site is optimized with the Yoast SEO plugin v27.4 - https:\/\/yoast.com\/product\/yoast-seo-wordpress\/ -->\n<title>Cadetech - BESC Global<\/title>\n<meta name=\"robots\" content=\"index, follow, max-snippet:-1, max-image-preview:large, max-video-preview:-1\" \/>\n<link rel=\"canonical\" href=\"https:\/\/bescglobal.com\/en\/cadetech\/\" \/>\n<meta property=\"og:locale\" content=\"en_US\" \/>\n<meta property=\"og:type\" content=\"article\" \/>\n<meta property=\"og:title\" content=\"Cadetech - BESC Global\" \/>\n<meta property=\"og:description\" content=\"SiAMFlex O SiAMFlex \u00e9 um sistema inovador de monitoramento remoto e autom\u00e1tico, projetado para garantir a integridade mec\u00e2nica de ativos atrav\u00e9s da an\u00e1lise cont\u00ednua de sinais como vibra\u00e7\u00e3o, temperatura e velocidade din\u00e2mica, captados por sensores sem fio. Com o SiAMFlex, \u00e9 poss\u00edvel planejar com precis\u00e3o a manuten\u00e7\u00e3o de componentes rotativos, intervindo apenas quando necess\u00e1rio para [&hellip;]\" \/>\n<meta property=\"og:url\" content=\"https:\/\/bescglobal.com\/en\/cadetech\/\" \/>\n<meta property=\"og:site_name\" content=\"BESC Global\" \/>\n<meta property=\"article:modified_time\" content=\"2024-07-02T18:50:51+00:00\" \/>\n<meta property=\"og:image\" content=\"https:\/\/bescglobal.com\/wp-content\/uploads\/2024\/07\/12312312.jpg\" \/>\n<meta name=\"twitter:card\" content=\"summary_large_image\" \/>\n<meta name=\"twitter:label1\" content=\"Est. reading time\" \/>\n\t<meta name=\"twitter:data1\" content=\"1 minute\" \/>\n<script type=\"application\/ld+json\" class=\"yoast-schema-graph\">{\"@context\":\"https:\\\/\\\/schema.org\",\"@graph\":[{\"@type\":\"WebPage\",\"@id\":\"https:\\\/\\\/bescglobal.com\\\/en\\\/cadetech\\\/\",\"url\":\"https:\\\/\\\/bescglobal.com\\\/en\\\/cadetech\\\/\",\"name\":\"Cadetech - BESC Global\",\"isPartOf\":{\"@id\":\"https:\\\/\\\/bescglobal.com\\\/en\\\/#website\"},\"primaryImageOfPage\":{\"@id\":\"https:\\\/\\\/bescglobal.com\\\/en\\\/cadetech\\\/#primaryimage\"},\"image\":{\"@id\":\"https:\\\/\\\/bescglobal.com\\\/en\\\/cadetech\\\/#primaryimage\"},\"thumbnailUrl\":\"https:\\\/\\\/bescglobal.com\\\/wp-content\\\/uploads\\\/2024\\\/07\\\/12312312.jpg\",\"datePublished\":\"2024-07-02T17:16:03+00:00\",\"dateModified\":\"2024-07-02T18:50:51+00:00\",\"breadcrumb\":{\"@id\":\"https:\\\/\\\/bescglobal.com\\\/en\\\/cadetech\\\/#breadcrumb\"},\"inLanguage\":\"en-US\",\"potentialAction\":[{\"@type\":\"ReadAction\",\"target\":[\"https:\\\/\\\/bescglobal.com\\\/en\\\/cadetech\\\/\"]}]},{\"@type\":\"ImageObject\",\"inLanguage\":\"en-US\",\"@id\":\"https:\\\/\\\/bescglobal.com\\\/en\\\/cadetech\\\/#primaryimage\",\"url\":\"https:\\\/\\\/bescglobal.com\\\/wp-content\\\/uploads\\\/2024\\\/07\\\/12312312.jpg\",\"contentUrl\":\"https:\\\/\\\/bescglobal.com\\\/wp-content\\\/uploads\\\/2024\\\/07\\\/12312312.jpg\"},{\"@type\":\"BreadcrumbList\",\"@id\":\"https:\\\/\\\/bescglobal.com\\\/en\\\/cadetech\\\/#breadcrumb\",\"itemListElement\":[{\"@type\":\"ListItem\",\"position\":1,\"name\":\"Home\",\"item\":\"https:\\\/\\\/bescglobal.com\\\/en\\\/\"},{\"@type\":\"ListItem\",\"position\":2,\"name\":\"Cadetech\"}]},{\"@type\":\"WebSite\",\"@id\":\"https:\\\/\\\/bescglobal.com\\\/en\\\/#website\",\"url\":\"https:\\\/\\\/bescglobal.com\\\/en\\\/\",\"name\":\"BESC Global\",\"description\":\"\",\"publisher\":{\"@id\":\"https:\\\/\\\/bescglobal.com\\\/en\\\/#organization\"},\"potentialAction\":[{\"@type\":\"SearchAction\",\"target\":{\"@type\":\"EntryPoint\",\"urlTemplate\":\"https:\\\/\\\/bescglobal.com\\\/en\\\/?s={search_term_string}\"},\"query-input\":{\"@type\":\"PropertyValueSpecification\",\"valueRequired\":true,\"valueName\":\"search_term_string\"}}],\"inLanguage\":\"en-US\"},{\"@type\":\"Organization\",\"@id\":\"https:\\\/\\\/bescglobal.com\\\/en\\\/#organization\",\"name\":\"BESC Global\",\"url\":\"https:\\\/\\\/bescglobal.com\\\/en\\\/\",\"logo\":{\"@type\":\"ImageObject\",\"inLanguage\":\"en-US\",\"@id\":\"https:\\\/\\\/bescglobal.com\\\/en\\\/#\\\/schema\\\/logo\\\/image\\\/\",\"url\":\"https:\\\/\\\/bescglobal.com\\\/wp-content\\\/uploads\\\/2023\\\/02\\\/cropped-logo-besc-color-ico.jpg\",\"contentUrl\":\"https:\\\/\\\/bescglobal.com\\\/wp-content\\\/uploads\\\/2023\\\/02\\\/cropped-logo-besc-color-ico.jpg\",\"width\":512,\"height\":511,\"caption\":\"BESC Global\"},\"image\":{\"@id\":\"https:\\\/\\\/bescglobal.com\\\/en\\\/#\\\/schema\\\/logo\\\/image\\\/\"}}]}<\/script>\n<!-- \/ Yoast SEO plugin. -->","yoast_head_json":{"title":"Cadetech - BESC Global","robots":{"index":"index","follow":"follow","max-snippet":"max-snippet:-1","max-image-preview":"max-image-preview:large","max-video-preview":"max-video-preview:-1"},"canonical":"https:\/\/bescglobal.com\/en\/cadetech\/","og_locale":"en_US","og_type":"article","og_title":"Cadetech - BESC Global","og_description":"SiAMFlex O SiAMFlex \u00e9 um sistema inovador de monitoramento remoto e autom\u00e1tico, projetado para garantir a integridade mec\u00e2nica de ativos atrav\u00e9s da an\u00e1lise cont\u00ednua de sinais como vibra\u00e7\u00e3o, temperatura e velocidade din\u00e2mica, captados por sensores sem fio. Com o SiAMFlex, \u00e9 poss\u00edvel planejar com precis\u00e3o a manuten\u00e7\u00e3o de componentes rotativos, intervindo apenas quando necess\u00e1rio para [&hellip;]","og_url":"https:\/\/bescglobal.com\/en\/cadetech\/","og_site_name":"BESC Global","article_modified_time":"2024-07-02T18:50:51+00:00","og_image":[{"url":"https:\/\/bescglobal.com\/wp-content\/uploads\/2024\/07\/12312312.jpg","type":"","width":"","height":""}],"twitter_card":"summary_large_image","twitter_misc":{"Est. reading time":"1 minute"},"schema":{"@context":"https:\/\/schema.org","@graph":[{"@type":"WebPage","@id":"https:\/\/bescglobal.com\/en\/cadetech\/","url":"https:\/\/bescglobal.com\/en\/cadetech\/","name":"Cadetech - BESC Global","isPartOf":{"@id":"https:\/\/bescglobal.com\/en\/#website"},"primaryImageOfPage":{"@id":"https:\/\/bescglobal.com\/en\/cadetech\/#primaryimage"},"image":{"@id":"https:\/\/bescglobal.com\/en\/cadetech\/#primaryimage"},"thumbnailUrl":"https:\/\/bescglobal.com\/wp-content\/uploads\/2024\/07\/12312312.jpg","datePublished":"2024-07-02T17:16:03+00:00","dateModified":"2024-07-02T18:50:51+00:00","breadcrumb":{"@id":"https:\/\/bescglobal.com\/en\/cadetech\/#breadcrumb"},"inLanguage":"en-US","potentialAction":[{"@type":"ReadAction","target":["https:\/\/bescglobal.com\/en\/cadetech\/"]}]},{"@type":"ImageObject","inLanguage":"en-US","@id":"https:\/\/bescglobal.com\/en\/cadetech\/#primaryimage","url":"https:\/\/bescglobal.com\/wp-content\/uploads\/2024\/07\/12312312.jpg","contentUrl":"https:\/\/bescglobal.com\/wp-content\/uploads\/2024\/07\/12312312.jpg"},{"@type":"BreadcrumbList","@id":"https:\/\/bescglobal.com\/en\/cadetech\/#breadcrumb","itemListElement":[{"@type":"ListItem","position":1,"name":"Home","item":"https:\/\/bescglobal.com\/en\/"},{"@type":"ListItem","position":2,"name":"Cadetech"}]},{"@type":"WebSite","@id":"https:\/\/bescglobal.com\/en\/#website","url":"https:\/\/bescglobal.com\/en\/","name":"BESC Global","description":"","publisher":{"@id":"https:\/\/bescglobal.com\/en\/#organization"},"potentialAction":[{"@type":"SearchAction","target":{"@type":"EntryPoint","urlTemplate":"https:\/\/bescglobal.com\/en\/?s={search_term_string}"},"query-input":{"@type":"PropertyValueSpecification","valueRequired":true,"valueName":"search_term_string"}}],"inLanguage":"en-US"},{"@type":"Organization","@id":"https:\/\/bescglobal.com\/en\/#organization","name":"BESC Global","url":"https:\/\/bescglobal.com\/en\/","logo":{"@type":"ImageObject","inLanguage":"en-US","@id":"https:\/\/bescglobal.com\/en\/#\/schema\/logo\/image\/","url":"https:\/\/bescglobal.com\/wp-content\/uploads\/2023\/02\/cropped-logo-besc-color-ico.jpg","contentUrl":"https:\/\/bescglobal.com\/wp-content\/uploads\/2023\/02\/cropped-logo-besc-color-ico.jpg","width":512,"height":511,"caption":"BESC Global"},"image":{"@id":"https:\/\/bescglobal.com\/en\/#\/schema\/logo\/image\/"}}]}},"_links":{"self":[{"href":"https:\/\/bescglobal.com\/en\/wp-json\/wp\/v2\/pages\/3573","targetHints":{"allow":["GET"]}}],"collection":[{"href":"https:\/\/bescglobal.com\/en\/wp-json\/wp\/v2\/pages"}],"about":[{"href":"https:\/\/bescglobal.com\/en\/wp-json\/wp\/v2\/types\/page"}],"author":[{"embeddable":true,"href":"https:\/\/bescglobal.com\/en\/wp-json\/wp\/v2\/users\/3"}],"replies":[{"embeddable":true,"href":"https:\/\/bescglobal.com\/en\/wp-json\/wp\/v2\/comments?post=3573"}],"version-history":[{"count":1,"href":"https:\/\/bescglobal.com\/en\/wp-json\/wp\/v2\/pages\/3573\/revisions"}],"predecessor-version":[{"id":3574,"href":"https:\/\/bescglobal.com\/en\/wp-json\/wp\/v2\/pages\/3573\/revisions\/3574"}],"wp:attachment":[{"href":"https:\/\/bescglobal.com\/en\/wp-json\/wp\/v2\/media?parent=3573"}],"curies":[{"name":"wp","href":"https:\/\/api.w.org\/{rel}","templated":true}]}}